{"id":4738,"date":"2022-12-07T16:03:40","date_gmt":"2022-12-07T13:03:40","guid":{"rendered":"https:\/\/www.satoayakkabi.com\/?page_id=4738"},"modified":"2022-12-07T16:04:07","modified_gmt":"2022-12-07T13:04:07","slug":"lider-de-la-industria-del-cuero-piel-y-calzado-2017","status":"publish","type":"page","link":"https:\/\/www.satoayakkabi.com\/es\/lider-de-la-industria-del-cuero-piel-y-calzado-2017\/","title":{"rendered":"L\u00edder de la Industria del Cuero, Piel y Calzado 2017"},"content":{"rendered":"\t\t<div data-elementor-type=\"wp-page\" data-elementor-id=\"4738\" class=\"elementor elementor-4738\">\n\t\t\t\t\t\t\t\t\t<section class=\"elementor-section elementor-top-section elementor-element elementor-element-fff9774 elementor-section-boxed elementor-section-height-default elementor-section-height-default\" data-id=\"fff9774\" data-element_type=\"section\">\n\t\t\t\t\t\t<div class=\"elementor-container elementor-column-gap-default\">\n\t\t\t\t\t<div class=\"elementor-column elementor-col-100 elementor-top-column elementor-element elementor-element-21fce31\" data-id=\"21fce31\" data-element_type=\"column\">\n\t\t\t<div class=\"elementor-widget-wrap elementor-element-populated\">\n\t\t\t\t\t\t\t\t<div class=\"elementor-element elementor-element-b85a995 elementor-widget elementor-widget-spacer\" data-id=\"b85a995\" data-element_type=\"widget\" data-widget_type=\"spacer.default\">\n\t\t\t\t<div class=\"elementor-widget-container\">\n\t\t\t<style>\/*! elementor - v3.6.6 - 08-06-2022 *\/\n.e-container.e-container--row .elementor-spacer-inner{width:var(--spacer-size)}.e-container.e-container--column .elementor-spacer-inner,.elementor-column .elementor-spacer-inner{height:var(--spacer-size)}<\/style>\t\t<div class=\"elementor-spacer\">\n\t\t\t<div class=\"elementor-spacer-inner\"><\/div>\n\t\t<\/div>\n\t\t\t\t<\/div>\n\t\t\t\t<\/div>\n\t\t\t\t\t<\/div>\n\t\t<\/div>\n\t\t\t\t\t\t\t<\/div>\n\t\t<\/section>\n\t\t\t\t<section class=\"elementor-section elementor-top-section elementor-element elementor-element-025a130 elementor-section-boxed elementor-section-height-default elementor-section-height-default\" data-id=\"025a130\" data-element_type=\"section\">\n\t\t\t\t\t\t<div class=\"elementor-container elementor-column-gap-default\">\n\t\t\t\t\t<div class=\"elementor-column elementor-col-50 elementor-top-column elementor-element elementor-element-c2129fe\" data-id=\"c2129fe\" data-element_type=\"column\">\n\t\t\t<div class=\"elementor-widget-wrap elementor-element-populated\">\n\t\t\t\t\t\t\t\t<div class=\"elementor-element elementor-element-6a68a88 elementor-widget elementor-widget-image\" data-id=\"6a68a88\" data-element_type=\"widget\" data-widget_type=\"image.default\">\n\t\t\t\t<div class=\"elementor-widget-container\">\n\t\t\t<style>\/*! elementor - v3.6.6 - 08-06-2022 *\/\n.elementor-widget-image{text-align:center}.elementor-widget-image a{display:inline-block}.elementor-widget-image a img[src$=\".svg\"]{width:48px}.elementor-widget-image img{vertical-align:middle;display:inline-block}<\/style>\t\t\t\t\t\t\t\t\t\t\t\t<img loading=\"lazy\" decoding=\"async\" width=\"802\" height=\"761\" src=\"https:\/\/www.satoayakkabi.com\/wp-content\/uploads\/2022\/11\/sektor-liderleri.jpg\" class=\"attachment-full size-full\" alt=\"\" srcset=\"https:\/\/www.satoayakkabi.com\/wp-content\/uploads\/2022\/11\/sektor-liderleri.jpg 802w, https:\/\/www.satoayakkabi.com\/wp-content\/uploads\/2022\/11\/sektor-liderleri-300x285.jpg 300w, https:\/\/www.satoayakkabi.com\/wp-content\/uploads\/2022\/11\/sektor-liderleri-768x729.jpg 768w, https:\/\/www.satoayakkabi.com\/wp-content\/uploads\/2022\/11\/sektor-liderleri-600x569.jpg 600w\" sizes=\"auto, (max-width: 802px) 100vw, 802px\" \/>\t\t\t\t\t\t\t\t\t\t\t\t\t\t\t<\/div>\n\t\t\t\t<\/div>\n\t\t\t\t\t<\/div>\n\t\t<\/div>\n\t\t\t\t<div class=\"elementor-column elementor-col-50 elementor-top-column elementor-element elementor-element-a417d2c\" data-id=\"a417d2c\" data-element_type=\"column\">\n\t\t\t<div class=\"elementor-widget-wrap elementor-element-populated\">\n\t\t\t\t\t\t\t\t<div class=\"elementor-element elementor-element-09f0229 elementor-widget elementor-widget-image\" data-id=\"09f0229\" data-element_type=\"widget\" data-widget_type=\"image.default\">\n\t\t\t\t<div class=\"elementor-widget-container\">\n\t\t\t\t\t\t\t\t\t\t\t\t\t\t\t<img loading=\"lazy\" decoding=\"async\" width=\"1000\" height=\"1000\" src=\"https:\/\/www.satoayakkabi.com\/wp-content\/uploads\/2022\/09\/oduldekupe.png\" class=\"attachment-full size-full\" alt=\"\" srcset=\"https:\/\/www.satoayakkabi.com\/wp-content\/uploads\/2022\/09\/oduldekupe.png 1000w, https:\/\/www.satoayakkabi.com\/wp-content\/uploads\/2022\/09\/oduldekupe-300x300.png 300w, https:\/\/www.satoayakkabi.com\/wp-content\/uploads\/2022\/09\/oduldekupe-150x150.png 150w, https:\/\/www.satoayakkabi.com\/wp-content\/uploads\/2022\/09\/oduldekupe-768x768.png 768w, https:\/\/www.satoayakkabi.com\/wp-content\/uploads\/2022\/09\/oduldekupe-600x600.png 600w, https:\/\/www.satoayakkabi.com\/wp-content\/uploads\/2022\/09\/oduldekupe-100x100.png 100w\" sizes=\"auto, (max-width: 1000px) 100vw, 1000px\" \/>\t\t\t\t\t\t\t\t\t\t\t\t\t\t\t<\/div>\n\t\t\t\t<\/div>\n\t\t\t\t\t<\/div>\n\t\t<\/div>\n\t\t\t\t\t\t\t<\/div>\n\t\t<\/section>\n\t\t\t\t<section class=\"elementor-section elementor-top-section elementor-element elementor-element-68681f2 elementor-section-boxed elementor-section-height-default elementor-section-height-default\" data-id=\"68681f2\" data-element_type=\"section\">\n\t\t\t\t\t\t<div class=\"elementor-container elementor-column-gap-default\">\n\t\t\t\t\t<div class=\"elementor-column elementor-col-100 elementor-top-column elementor-element elementor-element-b0fb573\" data-id=\"b0fb573\" data-element_type=\"column\">\n\t\t\t<div class=\"elementor-widget-wrap elementor-element-populated\">\n\t\t\t\t\t\t\t\t<div class=\"elementor-element elementor-element-31e1b5d elementor-widget elementor-widget-spacer\" data-id=\"31e1b5d\" data-element_type=\"widget\" data-widget_type=\"spacer.default\">\n\t\t\t\t<div class=\"elementor-widget-container\">\n\t\t\t\t\t<div class=\"elementor-spacer\">\n\t\t\t<div class=\"elementor-spacer-inner\"><\/div>\n\t\t<\/div>\n\t\t\t\t<\/div>\n\t\t\t\t<\/div>\n\t\t\t\t\t<\/div>\n\t\t<\/div>\n\t\t\t\t\t\t\t<\/div>\n\t\t<\/section>\n\t\t\t\t\t\t\t<\/div>\n\t\t","protected":false},"excerpt":{"rendered":"","protected":false},"author":1,"featured_media":0,"parent":0,"menu_order":0,"comment_status":"closed","ping_status":"closed","template":"elementor_header_footer","meta":{"footnotes":""},"class_list":["post-4738","page","type-page","status-publish","hentry"],"yoast_head":"<!-- This site is optimized with the Yoast SEO plugin v19.1 - https:\/\/yoast.com\/wordpress\/plugins\/seo\/ -->\n<title>L\u00edder de la Industria del Cuero, Piel y Calzado 2017 - \u015eato Ayakkab\u0131<\/title>\n<meta name=\"robots\" content=\"index, follow, max-snippet:-1, max-image-preview:large, max-video-preview:-1\" \/>\n<link rel=\"canonical\" href=\"https:\/\/www.satoayakkabi.com\/es\/lider-de-la-industria-del-cuero-piel-y-calzado-2017\/\" \/>\n<meta property=\"og:locale\" content=\"es_ES\" \/>\n<meta property=\"og:type\" content=\"article\" \/>\n<meta property=\"og:title\" content=\"L\u00edder de la Industria del Cuero, Piel y Calzado 2017 - \u015eato Ayakkab\u0131\" \/>\n<meta property=\"og:url\" content=\"https:\/\/www.satoayakkabi.com\/es\/lider-de-la-industria-del-cuero-piel-y-calzado-2017\/\" \/>\n<meta property=\"og:site_name\" content=\"\u015eato Ayakkab\u0131\" \/>\n<meta property=\"article:modified_time\" content=\"2022-12-07T13:04:07+00:00\" \/>\n<meta property=\"og:image\" content=\"https:\/\/www.satoayakkabi.com\/wp-content\/uploads\/2022\/11\/sektor-liderleri.jpg\" \/>\n<meta name=\"twitter:card\" content=\"summary_large_image\" \/>\n<meta name=\"twitter:label1\" content=\"Tiempo de lectura\" \/>\n\t<meta name=\"twitter:data1\" content=\"1 minuto\" \/>\n<script type=\"application\/ld+json\" class=\"yoast-schema-graph\">{\"@context\":\"https:\/\/schema.org\",\"@graph\":[{\"@type\":\"WebSite\",\"@id\":\"https:\/\/www.satoayakkabi.com\/#website\",\"url\":\"https:\/\/www.satoayakkabi.com\/\",\"name\":\"\u015eato Ayakkab\u0131\",\"description\":\"\",\"potentialAction\":[{\"@type\":\"SearchAction\",\"target\":{\"@type\":\"EntryPoint\",\"urlTemplate\":\"https:\/\/www.satoayakkabi.com\/?s={search_term_string}\"},\"query-input\":\"required name=search_term_string\"}],\"inLanguage\":\"es\"},{\"@type\":\"ImageObject\",\"inLanguage\":\"es\",\"@id\":\"https:\/\/www.satoayakkabi.com\/es\/lider-de-la-industria-del-cuero-piel-y-calzado-2017\/#primaryimage\",\"url\":\"https:\/\/www.satoayakkabi.com\/wp-content\/uploads\/2022\/11\/sektor-liderleri.jpg\",\"contentUrl\":\"https:\/\/www.satoayakkabi.com\/wp-content\/uploads\/2022\/11\/sektor-liderleri.jpg\",\"width\":802,\"height\":761},{\"@type\":\"WebPage\",\"@id\":\"https:\/\/www.satoayakkabi.com\/es\/lider-de-la-industria-del-cuero-piel-y-calzado-2017\/#webpage\",\"url\":\"https:\/\/www.satoayakkabi.com\/es\/lider-de-la-industria-del-cuero-piel-y-calzado-2017\/\",\"name\":\"L\u00edder de la Industria del Cuero, Piel y Calzado 2017 - \u015eato Ayakkab\u0131\",\"isPartOf\":{\"@id\":\"https:\/\/www.satoayakkabi.com\/#website\"},\"primaryImageOfPage\":{\"@id\":\"https:\/\/www.satoayakkabi.com\/es\/lider-de-la-industria-del-cuero-piel-y-calzado-2017\/#primaryimage\"},\"datePublished\":\"2022-12-07T13:03:40+00:00\",\"dateModified\":\"2022-12-07T13:04:07+00:00\",\"breadcrumb\":{\"@id\":\"https:\/\/www.satoayakkabi.com\/es\/lider-de-la-industria-del-cuero-piel-y-calzado-2017\/#breadcrumb\"},\"inLanguage\":\"es\",\"potentialAction\":[{\"@type\":\"ReadAction\",\"target\":[\"https:\/\/www.satoayakkabi.com\/es\/lider-de-la-industria-del-cuero-piel-y-calzado-2017\/\"]}]},{\"@type\":\"BreadcrumbList\",\"@id\":\"https:\/\/www.satoayakkabi.com\/es\/lider-de-la-industria-del-cuero-piel-y-calzado-2017\/#breadcrumb\",\"itemListElement\":[{\"@type\":\"ListItem\",\"position\":1,\"name\":\"Home\",\"item\":\"https:\/\/www.satoayakkabi.com\/es\/\"},{\"@type\":\"ListItem\",\"position\":2,\"name\":\"L\u00edder de la Industria del Cuero, Piel y Calzado 2017\"}]}]}<\/script>\n<!-- \/ Yoast SEO plugin. -->","yoast_head_json":{"title":"L\u00edder de la Industria del Cuero, Piel y Calzado 2017 - \u015eato Ayakkab\u0131","robots":{"index":"index","follow":"follow","max-snippet":"max-snippet:-1","max-image-preview":"max-image-preview:large","max-video-preview":"max-video-preview:-1"},"canonical":"https:\/\/www.satoayakkabi.com\/es\/lider-de-la-industria-del-cuero-piel-y-calzado-2017\/","og_locale":"es_ES","og_type":"article","og_title":"L\u00edder de la Industria del Cuero, Piel y Calzado 2017 - \u015eato Ayakkab\u0131","og_url":"https:\/\/www.satoayakkabi.com\/es\/lider-de-la-industria-del-cuero-piel-y-calzado-2017\/","og_site_name":"\u015eato Ayakkab\u0131","article_modified_time":"2022-12-07T13:04:07+00:00","og_image":[{"url":"https:\/\/www.satoayakkabi.com\/wp-content\/uploads\/2022\/11\/sektor-liderleri.jpg"}],"twitter_card":"summary_large_image","twitter_misc":{"Tiempo de lectura":"1 minuto"},"schema":{"@context":"https:\/\/schema.org","@graph":[{"@type":"WebSite","@id":"https:\/\/www.satoayakkabi.com\/#website","url":"https:\/\/www.satoayakkabi.com\/","name":"\u015eato Ayakkab\u0131","description":"","potentialAction":[{"@type":"SearchAction","target":{"@type":"EntryPoint","urlTemplate":"https:\/\/www.satoayakkabi.com\/?s={search_term_string}"},"query-input":"required name=search_term_string"}],"inLanguage":"es"},{"@type":"ImageObject","inLanguage":"es","@id":"https:\/\/www.satoayakkabi.com\/es\/lider-de-la-industria-del-cuero-piel-y-calzado-2017\/#primaryimage","url":"https:\/\/www.satoayakkabi.com\/wp-content\/uploads\/2022\/11\/sektor-liderleri.jpg","contentUrl":"https:\/\/www.satoayakkabi.com\/wp-content\/uploads\/2022\/11\/sektor-liderleri.jpg","width":802,"height":761},{"@type":"WebPage","@id":"https:\/\/www.satoayakkabi.com\/es\/lider-de-la-industria-del-cuero-piel-y-calzado-2017\/#webpage","url":"https:\/\/www.satoayakkabi.com\/es\/lider-de-la-industria-del-cuero-piel-y-calzado-2017\/","name":"L\u00edder de la Industria del Cuero, Piel y Calzado 2017 - \u015eato Ayakkab\u0131","isPartOf":{"@id":"https:\/\/www.satoayakkabi.com\/#website"},"primaryImageOfPage":{"@id":"https:\/\/www.satoayakkabi.com\/es\/lider-de-la-industria-del-cuero-piel-y-calzado-2017\/#primaryimage"},"datePublished":"2022-12-07T13:03:40+00:00","dateModified":"2022-12-07T13:04:07+00:00","breadcrumb":{"@id":"https:\/\/www.satoayakkabi.com\/es\/lider-de-la-industria-del-cuero-piel-y-calzado-2017\/#breadcrumb"},"inLanguage":"es","potentialAction":[{"@type":"ReadAction","target":["https:\/\/www.satoayakkabi.com\/es\/lider-de-la-industria-del-cuero-piel-y-calzado-2017\/"]}]},{"@type":"BreadcrumbList","@id":"https:\/\/www.satoayakkabi.com\/es\/lider-de-la-industria-del-cuero-piel-y-calzado-2017\/#breadcrumb","itemListElement":[{"@type":"ListItem","position":1,"name":"Home","item":"https:\/\/www.satoayakkabi.com\/es\/"},{"@type":"ListItem","position":2,"name":"L\u00edder de la Industria del Cuero, Piel y Calzado 2017"}]}]}},"_links":{"self":[{"href":"https:\/\/www.satoayakkabi.com\/es\/wp-json\/wp\/v2\/pages\/4738","targetHints":{"allow":["GET"]}}],"collection":[{"href":"https:\/\/www.satoayakkabi.com\/es\/wp-json\/wp\/v2\/pages"}],"about":[{"href":"https:\/\/www.satoayakkabi.com\/es\/wp-json\/wp\/v2\/types\/page"}],"author":[{"embeddable":true,"href":"https:\/\/www.satoayakkabi.com\/es\/wp-json\/wp\/v2\/users\/1"}],"replies":[{"embeddable":true,"href":"https:\/\/www.satoayakkabi.com\/es\/wp-json\/wp\/v2\/comments?post=4738"}],"version-history":[{"count":4,"href":"https:\/\/www.satoayakkabi.com\/es\/wp-json\/wp\/v2\/pages\/4738\/revisions"}],"predecessor-version":[{"id":4742,"href":"https:\/\/www.satoayakkabi.com\/es\/wp-json\/wp\/v2\/pages\/4738\/revisions\/4742"}],"wp:attachment":[{"href":"https:\/\/www.satoayakkabi.com\/es\/wp-json\/wp\/v2\/media?parent=4738"}],"curies":[{"name":"wp","href":"https:\/\/api.w.org\/{rel}","templated":true}]}}