{"id":4716,"date":"2022-12-07T15:41:17","date_gmt":"2022-12-07T12:41:17","guid":{"rendered":"https:\/\/www.satoayakkabi.com\/?page_id=4716"},"modified":"2022-12-07T15:42:13","modified_gmt":"2022-12-07T12:42:13","slug":"produccion","status":"publish","type":"page","link":"https:\/\/www.satoayakkabi.com\/es\/produccion\/","title":{"rendered":"Producci\u00f3n"},"content":{"rendered":"\t\t<div data-elementor-type=\"wp-page\" data-elementor-id=\"4716\" class=\"elementor elementor-4716\">\n\t\t\t\t\t\t\t\t\t<section class=\"elementor-section elementor-top-section elementor-element elementor-element-f2a088b elementor-section-boxed elementor-section-height-default elementor-section-height-default\" data-id=\"f2a088b\" data-element_type=\"section\" data-settings=\"{&quot;background_background&quot;:&quot;gradient&quot;}\">\n\t\t\t\t\t\t<div class=\"elementor-container elementor-column-gap-default\">\n\t\t\t\t\t<div class=\"elementor-column elementor-col-100 elementor-top-column elementor-element elementor-element-69f5282 elementor-invisible\" data-id=\"69f5282\" data-element_type=\"column\" data-settings=\"{&quot;animation&quot;:&quot;zoomIn&quot;}\">\n\t\t\t<div class=\"elementor-widget-wrap elementor-element-populated\">\n\t\t\t\t\t\t\t\t<div class=\"elementor-element elementor-element-7087661 elementor-widget elementor-widget-text-editor\" data-id=\"7087661\" data-element_type=\"widget\" data-widget_type=\"text-editor.default\">\n\t\t\t\t<div class=\"elementor-widget-container\">\n\t\t\t<style>\/*! elementor - v3.6.6 - 08-06-2022 *\/\n.elementor-widget-text-editor.elementor-drop-cap-view-stacked .elementor-drop-cap{background-color:#818a91;color:#fff}.elementor-widget-text-editor.elementor-drop-cap-view-framed .elementor-drop-cap{color:#818a91;border:3px solid;background-color:transparent}.elementor-widget-text-editor:not(.elementor-drop-cap-view-default) .elementor-drop-cap{margin-top:8px}.elementor-widget-text-editor:not(.elementor-drop-cap-view-default) .elementor-drop-cap-letter{width:1em;height:1em}.elementor-widget-text-editor .elementor-drop-cap{float:left;text-align:center;line-height:1;font-size:50px}.elementor-widget-text-editor .elementor-drop-cap-letter{display:inline-block}<\/style>\t\t\t\t<h2 style=\"text-align: center;\"><strong>PRODUCCI\u00d3N<\/strong><\/h2>\t\t\t\t\t\t<\/div>\n\t\t\t\t<\/div>\n\t\t\t\t<div class=\"elementor-element elementor-element-2ae3a24 elementor-widget elementor-widget-text-editor\" data-id=\"2ae3a24\" data-element_type=\"widget\" data-widget_type=\"text-editor.default\">\n\t\t\t\t<div class=\"elementor-widget-container\">\n\t\t\t\t\t\t\t<p style=\"text-align: center;\">Nuestra empresa integra la artesan\u00eda y las modernas tecnolog\u00edas de producci\u00f3n bajo el mismo techo en el contexto de la producci\u00f3n tradicional de calzado. Nuestro principal punto de partida es realizar la transformaci\u00f3n conservando los valores tradicionales de la fabricaci\u00f3n de calzado. En este contexto, reflejar las prioridades de los clientes en el producto y fidelizarlos se encuentran entre nuestras prioridades. En particular, todos los recursos financieros y humanos necesarios se destinan a estudios de I+D.<\/p>\t\t\t\t\t\t<\/div>\n\t\t\t\t<\/div>\n\t\t\t\t<section class=\"elementor-section elementor-inner-section elementor-element elementor-element-e2ef1df elementor-section-boxed elementor-section-height-default elementor-section-height-default elementor-invisible\" data-id=\"e2ef1df\" data-element_type=\"section\" data-settings=\"{&quot;animation&quot;:&quot;fadeInUp&quot;}\">\n\t\t\t\t\t\t<div class=\"elementor-container elementor-column-gap-default\">\n\t\t\t\t\t<div class=\"elementor-column elementor-col-50 elementor-inner-column elementor-element elementor-element-e0fdc6e\" data-id=\"e0fdc6e\" data-element_type=\"column\">\n\t\t\t<div class=\"elementor-widget-wrap elementor-element-populated\">\n\t\t\t\t\t\t\t\t<div class=\"elementor-element elementor-element-a125014 elementor-widget elementor-widget-image\" data-id=\"a125014\" data-element_type=\"widget\" data-widget_type=\"image.default\">\n\t\t\t\t<div class=\"elementor-widget-container\">\n\t\t\t<style>\/*! elementor - v3.6.6 - 08-06-2022 *\/\n.elementor-widget-image{text-align:center}.elementor-widget-image a{display:inline-block}.elementor-widget-image a img[src$=\".svg\"]{width:48px}.elementor-widget-image img{vertical-align:middle;display:inline-block}<\/style>\t\t\t\t\t\t\t\t\t\t\t\t<img loading=\"lazy\" decoding=\"async\" width=\"1024\" height=\"683\" src=\"https:\/\/www.satoayakkabi.com\/wp-content\/uploads\/2022\/10\/1.jpg\" class=\"attachment-full size-full\" alt=\"\" srcset=\"https:\/\/www.satoayakkabi.com\/wp-content\/uploads\/2022\/10\/1.jpg 1024w, https:\/\/www.satoayakkabi.com\/wp-content\/uploads\/2022\/10\/1-300x200.jpg 300w, https:\/\/www.satoayakkabi.com\/wp-content\/uploads\/2022\/10\/1-768x512.jpg 768w, https:\/\/www.satoayakkabi.com\/wp-content\/uploads\/2022\/10\/1-600x400.jpg 600w\" sizes=\"auto, (max-width: 1024px) 100vw, 1024px\" \/>\t\t\t\t\t\t\t\t\t\t\t\t\t\t\t<\/div>\n\t\t\t\t<\/div>\n\t\t\t\t\t<\/div>\n\t\t<\/div>\n\t\t\t\t<div class=\"elementor-column elementor-col-50 elementor-inner-column elementor-element elementor-element-5fc92c3\" data-id=\"5fc92c3\" data-element_type=\"column\">\n\t\t\t<div class=\"elementor-widget-wrap elementor-element-populated\">\n\t\t\t\t\t\t\t\t<div class=\"elementor-element elementor-element-5b98a14 elementor-widget elementor-widget-image\" data-id=\"5b98a14\" data-element_type=\"widget\" data-widget_type=\"image.default\">\n\t\t\t\t<div class=\"elementor-widget-container\">\n\t\t\t\t\t\t\t\t\t\t\t\t\t\t\t<img loading=\"lazy\" decoding=\"async\" width=\"1024\" height=\"683\" src=\"https:\/\/www.satoayakkabi.com\/wp-content\/uploads\/2022\/10\/2.jpg\" class=\"attachment-large size-large\" alt=\"\" srcset=\"https:\/\/www.satoayakkabi.com\/wp-content\/uploads\/2022\/10\/2.jpg 1024w, https:\/\/www.satoayakkabi.com\/wp-content\/uploads\/2022\/10\/2-300x200.jpg 300w, https:\/\/www.satoayakkabi.com\/wp-content\/uploads\/2022\/10\/2-768x512.jpg 768w, https:\/\/www.satoayakkabi.com\/wp-content\/uploads\/2022\/10\/2-600x400.jpg 600w\" sizes=\"auto, (max-width: 1024px) 100vw, 1024px\" \/>\t\t\t\t\t\t\t\t\t\t\t\t\t\t\t<\/div>\n\t\t\t\t<\/div>\n\t\t\t\t\t<\/div>\n\t\t<\/div>\n\t\t\t\t\t\t\t<\/div>\n\t\t<\/section>\n\t\t\t\t<section class=\"elementor-section elementor-inner-section elementor-element elementor-element-aa4df15 elementor-section-boxed elementor-section-height-default elementor-section-height-default elementor-invisible\" data-id=\"aa4df15\" data-element_type=\"section\" data-settings=\"{&quot;animation&quot;:&quot;fadeInDown&quot;}\">\n\t\t\t\t\t\t<div class=\"elementor-container elementor-column-gap-default\">\n\t\t\t\t\t<div class=\"elementor-column elementor-col-50 elementor-inner-column elementor-element elementor-element-f76aee0\" data-id=\"f76aee0\" data-element_type=\"column\">\n\t\t\t<div class=\"elementor-widget-wrap elementor-element-populated\">\n\t\t\t\t\t\t\t\t<div class=\"elementor-element elementor-element-c569ab3 elementor-widget elementor-widget-image\" data-id=\"c569ab3\" data-element_type=\"widget\" data-widget_type=\"image.default\">\n\t\t\t\t<div class=\"elementor-widget-container\">\n\t\t\t\t\t\t\t\t\t\t\t\t\t\t\t<img loading=\"lazy\" decoding=\"async\" width=\"1024\" height=\"683\" src=\"https:\/\/www.satoayakkabi.com\/wp-content\/uploads\/2022\/10\/3.jpg\" class=\"attachment-large size-large\" alt=\"\" srcset=\"https:\/\/www.satoayakkabi.com\/wp-content\/uploads\/2022\/10\/3.jpg 1024w, https:\/\/www.satoayakkabi.com\/wp-content\/uploads\/2022\/10\/3-300x200.jpg 300w, https:\/\/www.satoayakkabi.com\/wp-content\/uploads\/2022\/10\/3-768x512.jpg 768w, https:\/\/www.satoayakkabi.com\/wp-content\/uploads\/2022\/10\/3-600x400.jpg 600w\" sizes=\"auto, (max-width: 1024px) 100vw, 1024px\" \/>\t\t\t\t\t\t\t\t\t\t\t\t\t\t\t<\/div>\n\t\t\t\t<\/div>\n\t\t\t\t\t<\/div>\n\t\t<\/div>\n\t\t\t\t<div class=\"elementor-column elementor-col-50 elementor-inner-column elementor-element elementor-element-2f43b63\" data-id=\"2f43b63\" data-element_type=\"column\">\n\t\t\t<div class=\"elementor-widget-wrap elementor-element-populated\">\n\t\t\t\t\t\t\t\t<div class=\"elementor-element elementor-element-60f92b1 elementor-widget elementor-widget-image\" data-id=\"60f92b1\" data-element_type=\"widget\" data-widget_type=\"image.default\">\n\t\t\t\t<div class=\"elementor-widget-container\">\n\t\t\t\t\t\t\t\t\t\t\t\t\t\t\t<img loading=\"lazy\" decoding=\"async\" width=\"1024\" height=\"683\" src=\"https:\/\/www.satoayakkabi.com\/wp-content\/uploads\/2022\/10\/4.jpg\" class=\"attachment-large size-large\" alt=\"\" srcset=\"https:\/\/www.satoayakkabi.com\/wp-content\/uploads\/2022\/10\/4.jpg 1024w, https:\/\/www.satoayakkabi.com\/wp-content\/uploads\/2022\/10\/4-300x200.jpg 300w, https:\/\/www.satoayakkabi.com\/wp-content\/uploads\/2022\/10\/4-768x512.jpg 768w, https:\/\/www.satoayakkabi.com\/wp-content\/uploads\/2022\/10\/4-600x400.jpg 600w\" sizes=\"auto, (max-width: 1024px) 100vw, 1024px\" \/>\t\t\t\t\t\t\t\t\t\t\t\t\t\t\t<\/div>\n\t\t\t\t<\/div>\n\t\t\t\t\t<\/div>\n\t\t<\/div>\n\t\t\t\t\t\t\t<\/div>\n\t\t<\/section>\n\t\t\t\t<section class=\"elementor-section elementor-inner-section elementor-element elementor-element-ae621be elementor-section-boxed elementor-section-height-default elementor-section-height-default elementor-invisible\" data-id=\"ae621be\" data-element_type=\"section\" data-settings=\"{&quot;animation&quot;:&quot;fadeInDown&quot;}\">\n\t\t\t\t\t\t<div class=\"elementor-container elementor-column-gap-default\">\n\t\t\t\t\t<div class=\"elementor-column elementor-col-50 elementor-inner-column elementor-element elementor-element-c201a57\" data-id=\"c201a57\" data-element_type=\"column\">\n\t\t\t<div class=\"elementor-widget-wrap elementor-element-populated\">\n\t\t\t\t\t\t\t\t<div class=\"elementor-element elementor-element-c640b15 elementor-widget elementor-widget-image\" data-id=\"c640b15\" data-element_type=\"widget\" data-widget_type=\"image.default\">\n\t\t\t\t<div class=\"elementor-widget-container\">\n\t\t\t\t\t\t\t\t\t\t\t\t\t\t\t<img loading=\"lazy\" decoding=\"async\" width=\"1024\" height=\"683\" src=\"https:\/\/www.satoayakkabi.com\/wp-content\/uploads\/2022\/10\/5.jpg\" class=\"attachment-large size-large\" alt=\"\" srcset=\"https:\/\/www.satoayakkabi.com\/wp-content\/uploads\/2022\/10\/5.jpg 1024w, https:\/\/www.satoayakkabi.com\/wp-content\/uploads\/2022\/10\/5-300x200.jpg 300w, https:\/\/www.satoayakkabi.com\/wp-content\/uploads\/2022\/10\/5-768x512.jpg 768w, https:\/\/www.satoayakkabi.com\/wp-content\/uploads\/2022\/10\/5-600x400.jpg 600w\" sizes=\"auto, (max-width: 1024px) 100vw, 1024px\" \/>\t\t\t\t\t\t\t\t\t\t\t\t\t\t\t<\/div>\n\t\t\t\t<\/div>\n\t\t\t\t\t<\/div>\n\t\t<\/div>\n\t\t\t\t<div class=\"elementor-column elementor-col-50 elementor-inner-column elementor-element elementor-element-d46ea3a\" data-id=\"d46ea3a\" data-element_type=\"column\">\n\t\t\t<div class=\"elementor-widget-wrap elementor-element-populated\">\n\t\t\t\t\t\t\t\t<div class=\"elementor-element elementor-element-2ffaf67 elementor-widget elementor-widget-image\" data-id=\"2ffaf67\" data-element_type=\"widget\" data-widget_type=\"image.default\">\n\t\t\t\t<div class=\"elementor-widget-container\">\n\t\t\t\t\t\t\t\t\t\t\t\t\t\t\t<img loading=\"lazy\" decoding=\"async\" width=\"1024\" height=\"683\" src=\"https:\/\/www.satoayakkabi.com\/wp-content\/uploads\/2022\/10\/6.jpg\" class=\"attachment-large size-large\" alt=\"\" srcset=\"https:\/\/www.satoayakkabi.com\/wp-content\/uploads\/2022\/10\/6.jpg 1024w, https:\/\/www.satoayakkabi.com\/wp-content\/uploads\/2022\/10\/6-300x200.jpg 300w, https:\/\/www.satoayakkabi.com\/wp-content\/uploads\/2022\/10\/6-768x512.jpg 768w, https:\/\/www.satoayakkabi.com\/wp-content\/uploads\/2022\/10\/6-600x400.jpg 600w\" sizes=\"auto, (max-width: 1024px) 100vw, 1024px\" \/>\t\t\t\t\t\t\t\t\t\t\t\t\t\t\t<\/div>\n\t\t\t\t<\/div>\n\t\t\t\t\t<\/div>\n\t\t<\/div>\n\t\t\t\t\t\t\t<\/div>\n\t\t<\/section>\n\t\t\t\t\t<\/div>\n\t\t<\/div>\n\t\t\t\t\t\t\t<\/div>\n\t\t<\/section>\n\t\t\t\t\t\t\t<\/div>\n\t\t","protected":false},"excerpt":{"rendered":"<p>PRODUCCI\u00d3N Nuestra empresa integra la artesan\u00eda y las modernas tecnolog\u00edas de producci\u00f3n bajo el mismo techo en el contexto de la producci\u00f3n tradicional de calzado. Nuestro principal punto de partida es realizar la transformaci\u00f3n conservando los valores tradicionales de la fabricaci\u00f3n de calzado. En este contexto, reflejar las prioridades de los clientes en el producto [&hellip;]<\/p>\n","protected":false},"author":1,"featured_media":0,"parent":0,"menu_order":0,"comment_status":"closed","ping_status":"closed","template":"elementor_header_footer","meta":{"footnotes":""},"class_list":["post-4716","page","type-page","status-publish","hentry"],"yoast_head":"<!-- This site is optimized with the Yoast SEO plugin v19.1 - https:\/\/yoast.com\/wordpress\/plugins\/seo\/ -->\n<title>Producci\u00f3n - \u015eato Ayakkab\u0131<\/title>\n<meta name=\"robots\" content=\"index, follow, max-snippet:-1, max-image-preview:large, max-video-preview:-1\" \/>\n<link rel=\"canonical\" href=\"https:\/\/www.satoayakkabi.com\/es\/produccion\/\" \/>\n<meta property=\"og:locale\" content=\"es_ES\" \/>\n<meta property=\"og:type\" content=\"article\" \/>\n<meta property=\"og:title\" content=\"Producci\u00f3n - \u015eato Ayakkab\u0131\" \/>\n<meta property=\"og:description\" content=\"PRODUCCI\u00d3N Nuestra empresa integra la artesan\u00eda y las modernas tecnolog\u00edas de producci\u00f3n bajo el mismo techo en el contexto de la producci\u00f3n tradicional de calzado. Nuestro principal punto de partida es realizar la transformaci\u00f3n conservando los valores tradicionales de la fabricaci\u00f3n de calzado. En este contexto, reflejar las prioridades de los clientes en el producto [&hellip;]\" \/>\n<meta property=\"og:url\" content=\"https:\/\/www.satoayakkabi.com\/es\/produccion\/\" \/>\n<meta property=\"og:site_name\" content=\"\u015eato Ayakkab\u0131\" \/>\n<meta property=\"article:modified_time\" content=\"2022-12-07T12:42:13+00:00\" \/>\n<meta property=\"og:image\" content=\"https:\/\/www.satoayakkabi.com\/wp-content\/uploads\/2022\/10\/1.jpg\" \/>\n<meta name=\"twitter:card\" content=\"summary_large_image\" \/>\n<meta name=\"twitter:label1\" content=\"Tiempo de lectura\" \/>\n\t<meta name=\"twitter:data1\" content=\"2 minutos\" \/>\n<script type=\"application\/ld+json\" class=\"yoast-schema-graph\">{\"@context\":\"https:\/\/schema.org\",\"@graph\":[{\"@type\":\"WebSite\",\"@id\":\"https:\/\/www.satoayakkabi.com\/#website\",\"url\":\"https:\/\/www.satoayakkabi.com\/\",\"name\":\"\u015eato Ayakkab\u0131\",\"description\":\"\",\"potentialAction\":[{\"@type\":\"SearchAction\",\"target\":{\"@type\":\"EntryPoint\",\"urlTemplate\":\"https:\/\/www.satoayakkabi.com\/?s={search_term_string}\"},\"query-input\":\"required name=search_term_string\"}],\"inLanguage\":\"es\"},{\"@type\":\"ImageObject\",\"inLanguage\":\"es\",\"@id\":\"https:\/\/www.satoayakkabi.com\/es\/produccion\/#primaryimage\",\"url\":\"https:\/\/www.satoayakkabi.com\/wp-content\/uploads\/2022\/10\/1.jpg\",\"contentUrl\":\"https:\/\/www.satoayakkabi.com\/wp-content\/uploads\/2022\/10\/1.jpg\",\"width\":1024,\"height\":683},{\"@type\":\"WebPage\",\"@id\":\"https:\/\/www.satoayakkabi.com\/es\/produccion\/#webpage\",\"url\":\"https:\/\/www.satoayakkabi.com\/es\/produccion\/\",\"name\":\"Producci\u00f3n - \u015eato Ayakkab\u0131\",\"isPartOf\":{\"@id\":\"https:\/\/www.satoayakkabi.com\/#website\"},\"primaryImageOfPage\":{\"@id\":\"https:\/\/www.satoayakkabi.com\/es\/produccion\/#primaryimage\"},\"datePublished\":\"2022-12-07T12:41:17+00:00\",\"dateModified\":\"2022-12-07T12:42:13+00:00\",\"breadcrumb\":{\"@id\":\"https:\/\/www.satoayakkabi.com\/es\/produccion\/#breadcrumb\"},\"inLanguage\":\"es\",\"potentialAction\":[{\"@type\":\"ReadAction\",\"target\":[\"https:\/\/www.satoayakkabi.com\/es\/produccion\/\"]}]},{\"@type\":\"BreadcrumbList\",\"@id\":\"https:\/\/www.satoayakkabi.com\/es\/produccion\/#breadcrumb\",\"itemListElement\":[{\"@type\":\"ListItem\",\"position\":1,\"name\":\"Home\",\"item\":\"https:\/\/www.satoayakkabi.com\/es\/\"},{\"@type\":\"ListItem\",\"position\":2,\"name\":\"Producci\u00f3n\"}]}]}<\/script>\n<!-- \/ Yoast SEO plugin. -->","yoast_head_json":{"title":"Producci\u00f3n - \u015eato Ayakkab\u0131","robots":{"index":"index","follow":"follow","max-snippet":"max-snippet:-1","max-image-preview":"max-image-preview:large","max-video-preview":"max-video-preview:-1"},"canonical":"https:\/\/www.satoayakkabi.com\/es\/produccion\/","og_locale":"es_ES","og_type":"article","og_title":"Producci\u00f3n - \u015eato Ayakkab\u0131","og_description":"PRODUCCI\u00d3N Nuestra empresa integra la artesan\u00eda y las modernas tecnolog\u00edas de producci\u00f3n bajo el mismo techo en el contexto de la producci\u00f3n tradicional de calzado. Nuestro principal punto de partida es realizar la transformaci\u00f3n conservando los valores tradicionales de la fabricaci\u00f3n de calzado. En este contexto, reflejar las prioridades de los clientes en el producto [&hellip;]","og_url":"https:\/\/www.satoayakkabi.com\/es\/produccion\/","og_site_name":"\u015eato Ayakkab\u0131","article_modified_time":"2022-12-07T12:42:13+00:00","og_image":[{"url":"https:\/\/www.satoayakkabi.com\/wp-content\/uploads\/2022\/10\/1.jpg"}],"twitter_card":"summary_large_image","twitter_misc":{"Tiempo de lectura":"2 minutos"},"schema":{"@context":"https:\/\/schema.org","@graph":[{"@type":"WebSite","@id":"https:\/\/www.satoayakkabi.com\/#website","url":"https:\/\/www.satoayakkabi.com\/","name":"\u015eato Ayakkab\u0131","description":"","potentialAction":[{"@type":"SearchAction","target":{"@type":"EntryPoint","urlTemplate":"https:\/\/www.satoayakkabi.com\/?s={search_term_string}"},"query-input":"required name=search_term_string"}],"inLanguage":"es"},{"@type":"ImageObject","inLanguage":"es","@id":"https:\/\/www.satoayakkabi.com\/es\/produccion\/#primaryimage","url":"https:\/\/www.satoayakkabi.com\/wp-content\/uploads\/2022\/10\/1.jpg","contentUrl":"https:\/\/www.satoayakkabi.com\/wp-content\/uploads\/2022\/10\/1.jpg","width":1024,"height":683},{"@type":"WebPage","@id":"https:\/\/www.satoayakkabi.com\/es\/produccion\/#webpage","url":"https:\/\/www.satoayakkabi.com\/es\/produccion\/","name":"Producci\u00f3n - \u015eato Ayakkab\u0131","isPartOf":{"@id":"https:\/\/www.satoayakkabi.com\/#website"},"primaryImageOfPage":{"@id":"https:\/\/www.satoayakkabi.com\/es\/produccion\/#primaryimage"},"datePublished":"2022-12-07T12:41:17+00:00","dateModified":"2022-12-07T12:42:13+00:00","breadcrumb":{"@id":"https:\/\/www.satoayakkabi.com\/es\/produccion\/#breadcrumb"},"inLanguage":"es","potentialAction":[{"@type":"ReadAction","target":["https:\/\/www.satoayakkabi.com\/es\/produccion\/"]}]},{"@type":"BreadcrumbList","@id":"https:\/\/www.satoayakkabi.com\/es\/produccion\/#breadcrumb","itemListElement":[{"@type":"ListItem","position":1,"name":"Home","item":"https:\/\/www.satoayakkabi.com\/es\/"},{"@type":"ListItem","position":2,"name":"Producci\u00f3n"}]}]}},"_links":{"self":[{"href":"https:\/\/www.satoayakkabi.com\/es\/wp-json\/wp\/v2\/pages\/4716","targetHints":{"allow":["GET"]}}],"collection":[{"href":"https:\/\/www.satoayakkabi.com\/es\/wp-json\/wp\/v2\/pages"}],"about":[{"href":"https:\/\/www.satoayakkabi.com\/es\/wp-json\/wp\/v2\/types\/page"}],"author":[{"embeddable":true,"href":"https:\/\/www.satoayakkabi.com\/es\/wp-json\/wp\/v2\/users\/1"}],"replies":[{"embeddable":true,"href":"https:\/\/www.satoayakkabi.com\/es\/wp-json\/wp\/v2\/comments?post=4716"}],"version-history":[{"count":4,"href":"https:\/\/www.satoayakkabi.com\/es\/wp-json\/wp\/v2\/pages\/4716\/revisions"}],"predecessor-version":[{"id":4720,"href":"https:\/\/www.satoayakkabi.com\/es\/wp-json\/wp\/v2\/pages\/4716\/revisions\/4720"}],"wp:attachment":[{"href":"https:\/\/www.satoayakkabi.com\/es\/wp-json\/wp\/v2\/media?parent=4716"}],"curies":[{"name":"wp","href":"https:\/\/api.w.org\/{rel}","templated":true}]}}