{"id":4704,"date":"2022-12-07T15:27:46","date_gmt":"2022-12-07T12:27:46","guid":{"rendered":"https:\/\/www.satoayakkabi.com\/?page_id=4704"},"modified":"2022-12-08T15:27:17","modified_gmt":"2022-12-08T12:27:17","slug":"burg","status":"publish","type":"page","link":"https:\/\/www.satoayakkabi.com\/es\/burg\/","title":{"rendered":"Burg"},"content":{"rendered":"\t\t<div data-elementor-type=\"wp-page\" data-elementor-id=\"4704\" class=\"elementor elementor-4704\">\n\t\t\t\t\t\t\t\t\t<section class=\"elementor-section elementor-top-section elementor-element elementor-element-82c5409 elementor-section-boxed elementor-section-height-default elementor-section-height-default\" data-id=\"82c5409\" data-element_type=\"section\">\n\t\t\t\t\t\t<div class=\"elementor-container elementor-column-gap-default\">\n\t\t\t\t\t<div class=\"elementor-column elementor-col-100 elementor-top-column elementor-element elementor-element-a23aa12\" data-id=\"a23aa12\" data-element_type=\"column\">\n\t\t\t<div class=\"elementor-widget-wrap elementor-element-populated\">\n\t\t\t\t\t\t\t\t<div class=\"elementor-element elementor-element-a0204b0 elementor-widget elementor-widget-text-editor\" data-id=\"a0204b0\" data-element_type=\"widget\" data-widget_type=\"text-editor.default\">\n\t\t\t\t<div class=\"elementor-widget-container\">\n\t\t\t<style>\/*! elementor - v3.6.6 - 08-06-2022 *\/\n.elementor-widget-text-editor.elementor-drop-cap-view-stacked .elementor-drop-cap{background-color:#818a91;color:#fff}.elementor-widget-text-editor.elementor-drop-cap-view-framed .elementor-drop-cap{color:#818a91;border:3px solid;background-color:transparent}.elementor-widget-text-editor:not(.elementor-drop-cap-view-default) .elementor-drop-cap{margin-top:8px}.elementor-widget-text-editor:not(.elementor-drop-cap-view-default) .elementor-drop-cap-letter{width:1em;height:1em}.elementor-widget-text-editor .elementor-drop-cap{float:left;text-align:center;line-height:1;font-size:50px}.elementor-widget-text-editor .elementor-drop-cap-letter{display:inline-block}<\/style>\t\t\t\t<h2 style=\"text-align: center;\"><strong>BURG ZAPATO<\/strong><\/h2>\t\t\t\t\t\t<\/div>\n\t\t\t\t<\/div>\n\t\t\t\t\t<\/div>\n\t\t<\/div>\n\t\t\t\t\t\t\t<\/div>\n\t\t<\/section>\n\t\t\t\t<section class=\"elementor-section elementor-top-section elementor-element elementor-element-53803c5 elementor-section-boxed elementor-section-height-default elementor-section-height-default\" data-id=\"53803c5\" data-element_type=\"section\">\n\t\t\t\t\t\t<div class=\"elementor-container elementor-column-gap-default\">\n\t\t\t\t\t<div class=\"elementor-column elementor-col-100 elementor-top-column elementor-element elementor-element-ccbe2a2\" data-id=\"ccbe2a2\" data-element_type=\"column\">\n\t\t\t<div class=\"elementor-widget-wrap elementor-element-populated\">\n\t\t\t\t\t\t\t\t<div class=\"elementor-element elementor-element-9a85b30 elementor-invisible elementor-widget elementor-widget-text-editor\" data-id=\"9a85b30\" data-element_type=\"widget\" data-settings=\"{&quot;_animation&quot;:&quot;fadeInRight&quot;}\" data-widget_type=\"text-editor.default\">\n\t\t\t\t<div class=\"elementor-widget-container\">\n\t\t\t\t\t\t\t<p>Nuestra empresa inici\u00f3 sus actividades en febrero de 2022.<\/p><p>N\u00famero de empleados: 154 empleados<br \/>Proceso de producci\u00f3n: El cuero superior est\u00e1 cosido.<br \/>Capacidad de producci\u00f3n: 3600 pares\/d\u00eda<\/p><p>Nuestra empresa combina mano de obra y modernas tecnolog\u00edas de producci\u00f3n bajo un mismo techo en el marco de la producci\u00f3n tradicional de calzado. Conservando los valores tradicionales de la fabricaci\u00f3n de calzado, la transformaci\u00f3n es nuestro punto de partida.<\/p>\t\t\t\t\t\t<\/div>\n\t\t\t\t<\/div>\n\t\t\t\t\t<\/div>\n\t\t<\/div>\n\t\t\t\t\t\t\t<\/div>\n\t\t<\/section>\n\t\t\t\t\t\t\t<\/div>\n\t\t","protected":false},"excerpt":{"rendered":"<p>BURG ZAPATO Nuestra empresa inici\u00f3 sus actividades en febrero de 2022. N\u00famero de empleados: 154 empleadosProceso de producci\u00f3n: El cuero superior est\u00e1 cosido.Capacidad de producci\u00f3n: 3600 pares\/d\u00eda Nuestra empresa combina mano de obra y modernas tecnolog\u00edas de producci\u00f3n bajo un mismo techo en el marco de la producci\u00f3n tradicional de calzado. Conservando los valores tradicionales [&hellip;]<\/p>\n","protected":false},"author":1,"featured_media":0,"parent":0,"menu_order":0,"comment_status":"closed","ping_status":"closed","template":"elementor_header_footer","meta":{"footnotes":""},"class_list":["post-4704","page","type-page","status-publish","hentry"],"yoast_head":"<!-- This site is optimized with the Yoast SEO plugin v19.1 - https:\/\/yoast.com\/wordpress\/plugins\/seo\/ -->\n<title>Burg - \u015eato Ayakkab\u0131<\/title>\n<meta name=\"robots\" content=\"index, follow, max-snippet:-1, max-image-preview:large, max-video-preview:-1\" \/>\n<link rel=\"canonical\" href=\"https:\/\/www.satoayakkabi.com\/es\/burg\/\" \/>\n<meta property=\"og:locale\" content=\"es_ES\" \/>\n<meta property=\"og:type\" content=\"article\" \/>\n<meta property=\"og:title\" content=\"Burg - \u015eato Ayakkab\u0131\" \/>\n<meta property=\"og:description\" content=\"BURG ZAPATO Nuestra empresa inici\u00f3 sus actividades en febrero de 2022. N\u00famero de empleados: 154 empleadosProceso de producci\u00f3n: El cuero superior est\u00e1 cosido.Capacidad de producci\u00f3n: 3600 pares\/d\u00eda Nuestra empresa combina mano de obra y modernas tecnolog\u00edas de producci\u00f3n bajo un mismo techo en el marco de la producci\u00f3n tradicional de calzado. Conservando los valores tradicionales [&hellip;]\" \/>\n<meta property=\"og:url\" content=\"https:\/\/www.satoayakkabi.com\/es\/burg\/\" \/>\n<meta property=\"og:site_name\" content=\"\u015eato Ayakkab\u0131\" \/>\n<meta property=\"article:modified_time\" content=\"2022-12-08T12:27:17+00:00\" \/>\n<meta name=\"twitter:card\" content=\"summary_large_image\" \/>\n<meta name=\"twitter:label1\" content=\"Tiempo de lectura\" \/>\n\t<meta name=\"twitter:data1\" content=\"1 minuto\" \/>\n<script type=\"application\/ld+json\" class=\"yoast-schema-graph\">{\"@context\":\"https:\/\/schema.org\",\"@graph\":[{\"@type\":\"WebSite\",\"@id\":\"https:\/\/www.satoayakkabi.com\/#website\",\"url\":\"https:\/\/www.satoayakkabi.com\/\",\"name\":\"\u015eato Ayakkab\u0131\",\"description\":\"\",\"potentialAction\":[{\"@type\":\"SearchAction\",\"target\":{\"@type\":\"EntryPoint\",\"urlTemplate\":\"https:\/\/www.satoayakkabi.com\/?s={search_term_string}\"},\"query-input\":\"required name=search_term_string\"}],\"inLanguage\":\"es\"},{\"@type\":\"WebPage\",\"@id\":\"https:\/\/www.satoayakkabi.com\/es\/burg\/#webpage\",\"url\":\"https:\/\/www.satoayakkabi.com\/es\/burg\/\",\"name\":\"Burg - \u015eato Ayakkab\u0131\",\"isPartOf\":{\"@id\":\"https:\/\/www.satoayakkabi.com\/#website\"},\"datePublished\":\"2022-12-07T12:27:46+00:00\",\"dateModified\":\"2022-12-08T12:27:17+00:00\",\"breadcrumb\":{\"@id\":\"https:\/\/www.satoayakkabi.com\/es\/burg\/#breadcrumb\"},\"inLanguage\":\"es\",\"potentialAction\":[{\"@type\":\"ReadAction\",\"target\":[\"https:\/\/www.satoayakkabi.com\/es\/burg\/\"]}]},{\"@type\":\"BreadcrumbList\",\"@id\":\"https:\/\/www.satoayakkabi.com\/es\/burg\/#breadcrumb\",\"itemListElement\":[{\"@type\":\"ListItem\",\"position\":1,\"name\":\"Home\",\"item\":\"https:\/\/www.satoayakkabi.com\/es\/\"},{\"@type\":\"ListItem\",\"position\":2,\"name\":\"Burg\"}]}]}<\/script>\n<!-- \/ Yoast SEO plugin. -->","yoast_head_json":{"title":"Burg - \u015eato Ayakkab\u0131","robots":{"index":"index","follow":"follow","max-snippet":"max-snippet:-1","max-image-preview":"max-image-preview:large","max-video-preview":"max-video-preview:-1"},"canonical":"https:\/\/www.satoayakkabi.com\/es\/burg\/","og_locale":"es_ES","og_type":"article","og_title":"Burg - \u015eato Ayakkab\u0131","og_description":"BURG ZAPATO Nuestra empresa inici\u00f3 sus actividades en febrero de 2022. N\u00famero de empleados: 154 empleadosProceso de producci\u00f3n: El cuero superior est\u00e1 cosido.Capacidad de producci\u00f3n: 3600 pares\/d\u00eda Nuestra empresa combina mano de obra y modernas tecnolog\u00edas de producci\u00f3n bajo un mismo techo en el marco de la producci\u00f3n tradicional de calzado. Conservando los valores tradicionales [&hellip;]","og_url":"https:\/\/www.satoayakkabi.com\/es\/burg\/","og_site_name":"\u015eato Ayakkab\u0131","article_modified_time":"2022-12-08T12:27:17+00:00","twitter_card":"summary_large_image","twitter_misc":{"Tiempo de lectura":"1 minuto"},"schema":{"@context":"https:\/\/schema.org","@graph":[{"@type":"WebSite","@id":"https:\/\/www.satoayakkabi.com\/#website","url":"https:\/\/www.satoayakkabi.com\/","name":"\u015eato Ayakkab\u0131","description":"","potentialAction":[{"@type":"SearchAction","target":{"@type":"EntryPoint","urlTemplate":"https:\/\/www.satoayakkabi.com\/?s={search_term_string}"},"query-input":"required name=search_term_string"}],"inLanguage":"es"},{"@type":"WebPage","@id":"https:\/\/www.satoayakkabi.com\/es\/burg\/#webpage","url":"https:\/\/www.satoayakkabi.com\/es\/burg\/","name":"Burg - \u015eato Ayakkab\u0131","isPartOf":{"@id":"https:\/\/www.satoayakkabi.com\/#website"},"datePublished":"2022-12-07T12:27:46+00:00","dateModified":"2022-12-08T12:27:17+00:00","breadcrumb":{"@id":"https:\/\/www.satoayakkabi.com\/es\/burg\/#breadcrumb"},"inLanguage":"es","potentialAction":[{"@type":"ReadAction","target":["https:\/\/www.satoayakkabi.com\/es\/burg\/"]}]},{"@type":"BreadcrumbList","@id":"https:\/\/www.satoayakkabi.com\/es\/burg\/#breadcrumb","itemListElement":[{"@type":"ListItem","position":1,"name":"Home","item":"https:\/\/www.satoayakkabi.com\/es\/"},{"@type":"ListItem","position":2,"name":"Burg"}]}]}},"_links":{"self":[{"href":"https:\/\/www.satoayakkabi.com\/es\/wp-json\/wp\/v2\/pages\/4704","targetHints":{"allow":["GET"]}}],"collection":[{"href":"https:\/\/www.satoayakkabi.com\/es\/wp-json\/wp\/v2\/pages"}],"about":[{"href":"https:\/\/www.satoayakkabi.com\/es\/wp-json\/wp\/v2\/types\/page"}],"author":[{"embeddable":true,"href":"https:\/\/www.satoayakkabi.com\/es\/wp-json\/wp\/v2\/users\/1"}],"replies":[{"embeddable":true,"href":"https:\/\/www.satoayakkabi.com\/es\/wp-json\/wp\/v2\/comments?post=4704"}],"version-history":[{"count":7,"href":"https:\/\/www.satoayakkabi.com\/es\/wp-json\/wp\/v2\/pages\/4704\/revisions"}],"predecessor-version":[{"id":4843,"href":"https:\/\/www.satoayakkabi.com\/es\/wp-json\/wp\/v2\/pages\/4704\/revisions\/4843"}],"wp:attachment":[{"href":"https:\/\/www.satoayakkabi.com\/es\/wp-json\/wp\/v2\/media?parent=4704"}],"curies":[{"name":"wp","href":"https:\/\/api.w.org\/{rel}","templated":true}]}}