{"id":2838,"date":"2022-08-22T15:09:15","date_gmt":"2022-08-22T12:09:15","guid":{"rendered":"https:\/\/www.satoayakkabi.com\/?page_id=2838"},"modified":"2022-12-08T15:30:01","modified_gmt":"2022-12-08T12:30:01","slug":"sustentabilidad","status":"publish","type":"page","link":"https:\/\/www.satoayakkabi.com\/es\/sustentabilidad\/","title":{"rendered":"Sustentabilidad"},"content":{"rendered":"\t\t<div data-elementor-type=\"wp-page\" data-elementor-id=\"2838\" class=\"elementor elementor-2838\">\n\t\t\t\t\t\t\t\t\t<section class=\"elementor-section elementor-top-section elementor-element elementor-element-32c813a elementor-section-boxed elementor-section-height-default elementor-section-height-default\" data-id=\"32c813a\" data-element_type=\"section\" data-settings=\"{&quot;background_background&quot;:&quot;gradient&quot;}\">\n\t\t\t\t\t\t<div class=\"elementor-container elementor-column-gap-default\">\n\t\t\t\t\t<div class=\"elementor-column elementor-col-100 elementor-top-column elementor-element elementor-element-6d6b749 elementor-invisible\" data-id=\"6d6b749\" data-element_type=\"column\" data-settings=\"{&quot;animation&quot;:&quot;fadeInLeft&quot;}\">\n\t\t\t<div class=\"elementor-widget-wrap elementor-element-populated\">\n\t\t\t\t\t\t\t\t<div class=\"elementor-element elementor-element-b76b37c elementor-widget elementor-widget-text-editor\" data-id=\"b76b37c\" data-element_type=\"widget\" data-widget_type=\"text-editor.default\">\n\t\t\t\t<div class=\"elementor-widget-container\">\n\t\t\t<style>\/*! elementor - v3.6.6 - 08-06-2022 *\/\n.elementor-widget-text-editor.elementor-drop-cap-view-stacked .elementor-drop-cap{background-color:#818a91;color:#fff}.elementor-widget-text-editor.elementor-drop-cap-view-framed .elementor-drop-cap{color:#818a91;border:3px solid;background-color:transparent}.elementor-widget-text-editor:not(.elementor-drop-cap-view-default) .elementor-drop-cap{margin-top:8px}.elementor-widget-text-editor:not(.elementor-drop-cap-view-default) .elementor-drop-cap-letter{width:1em;height:1em}.elementor-widget-text-editor .elementor-drop-cap{float:left;text-align:center;line-height:1;font-size:50px}.elementor-widget-text-editor .elementor-drop-cap-letter{display:inline-block}<\/style>\t\t\t\t<h2 style=\"text-align: center;\"><strong>SUSTENTABILIDAD<\/strong><\/h2>\t\t\t\t\t\t<\/div>\n\t\t\t\t<\/div>\n\t\t\t\t<div class=\"elementor-element elementor-element-2a80e4e elementor-widget elementor-widget-text-editor\" data-id=\"2a80e4e\" data-element_type=\"widget\" data-widget_type=\"text-editor.default\">\n\t\t\t\t<div class=\"elementor-widget-container\">\n\t\t\t\t\t\t\t<p style=\"text-align: center;\">Como \u015eato Shoes, nos preocupamos por la sostenibilidad para dejar un mundo m\u00e1s habitable a las generaciones futuras mediante la protecci\u00f3n del medio ambiente y el uso econ\u00f3mico de los recursos.<br \/>Creamos nuestros dise\u00f1os a\u00f1adiendo productos ecol\u00f3gicos a nuestras colecciones en l\u00ednea con las exigencias de las marcas.<br \/>Estamos progresando al agregar los certificados de producto ORGANIC CONTENT STANDARD (OCS) y RECYCLED CLAIM STANDARD (RCS) en 2022 al viaje Better Cotton al que nos unimos en 2020 para las colecciones de productos ecol\u00f3gicos.<\/p><p style=\"text-align: center;\">Por una vida m\u00e1s sostenible y mejores ma\u00f1anas\u2026<\/p>\t\t\t\t\t\t<\/div>\n\t\t\t\t<\/div>\n\t\t\t\t<section class=\"elementor-section elementor-inner-section elementor-element elementor-element-efe23d5 elementor-section-boxed elementor-section-height-default elementor-section-height-default\" data-id=\"efe23d5\" data-element_type=\"section\">\n\t\t\t\t\t\t<div class=\"elementor-container elementor-column-gap-default\">\n\t\t\t\t\t<div class=\"elementor-column elementor-col-20 elementor-inner-column elementor-element elementor-element-f034126\" data-id=\"f034126\" data-element_type=\"column\">\n\t\t\t<div class=\"elementor-widget-wrap\">\n\t\t\t\t\t\t\t\t\t<\/div>\n\t\t<\/div>\n\t\t\t\t<div class=\"elementor-column elementor-col-20 elementor-inner-column elementor-element elementor-element-3f86fe4\" data-id=\"3f86fe4\" data-element_type=\"column\">\n\t\t\t<div class=\"elementor-widget-wrap elementor-element-populated\">\n\t\t\t\t\t\t\t\t<div class=\"elementor-element elementor-element-bb565ce elementor-widget elementor-widget-image\" data-id=\"bb565ce\" data-element_type=\"widget\" data-widget_type=\"image.default\">\n\t\t\t\t<div class=\"elementor-widget-container\">\n\t\t\t<style>\/*! elementor - v3.6.6 - 08-06-2022 *\/\n.elementor-widget-image{text-align:center}.elementor-widget-image a{display:inline-block}.elementor-widget-image a img[src$=\".svg\"]{width:48px}.elementor-widget-image img{vertical-align:middle;display:inline-block}<\/style>\t\t\t\t\t\t\t\t\t\t\t\t<img loading=\"lazy\" decoding=\"async\" width=\"339\" height=\"339\" src=\"https:\/\/www.satoayakkabi.com\/wp-content\/uploads\/2022\/06\/Untitled-1.png\" class=\"attachment-full size-full\" alt=\"\" srcset=\"https:\/\/www.satoayakkabi.com\/wp-content\/uploads\/2022\/06\/Untitled-1.png 339w, https:\/\/www.satoayakkabi.com\/wp-content\/uploads\/2022\/06\/Untitled-1-300x300.png 300w, https:\/\/www.satoayakkabi.com\/wp-content\/uploads\/2022\/06\/Untitled-1-150x150.png 150w, https:\/\/www.satoayakkabi.com\/wp-content\/uploads\/2022\/06\/Untitled-1-100x100.png 100w\" sizes=\"auto, (max-width: 339px) 100vw, 339px\" \/>\t\t\t\t\t\t\t\t\t\t\t\t\t\t\t<\/div>\n\t\t\t\t<\/div>\n\t\t\t\t\t<\/div>\n\t\t<\/div>\n\t\t\t\t<div class=\"elementor-column elementor-col-20 elementor-inner-column elementor-element elementor-element-1825193\" data-id=\"1825193\" data-element_type=\"column\">\n\t\t\t<div class=\"elementor-widget-wrap elementor-element-populated\">\n\t\t\t\t\t\t\t\t<div class=\"elementor-element elementor-element-92bb026 elementor-widget elementor-widget-image\" data-id=\"92bb026\" data-element_type=\"widget\" data-widget_type=\"image.default\">\n\t\t\t\t<div class=\"elementor-widget-container\">\n\t\t\t\t\t\t\t\t\t\t\t\t\t\t\t<img loading=\"lazy\" decoding=\"async\" width=\"339\" height=\"339\" src=\"https:\/\/www.satoayakkabi.com\/wp-content\/uploads\/2022\/06\/Untitled-2.png\" class=\"attachment-large size-large\" alt=\"\" srcset=\"https:\/\/www.satoayakkabi.com\/wp-content\/uploads\/2022\/06\/Untitled-2.png 339w, https:\/\/www.satoayakkabi.com\/wp-content\/uploads\/2022\/06\/Untitled-2-300x300.png 300w, https:\/\/www.satoayakkabi.com\/wp-content\/uploads\/2022\/06\/Untitled-2-150x150.png 150w, https:\/\/www.satoayakkabi.com\/wp-content\/uploads\/2022\/06\/Untitled-2-100x100.png 100w\" sizes=\"auto, (max-width: 339px) 100vw, 339px\" \/>\t\t\t\t\t\t\t\t\t\t\t\t\t\t\t<\/div>\n\t\t\t\t<\/div>\n\t\t\t\t\t<\/div>\n\t\t<\/div>\n\t\t\t\t<div class=\"elementor-column elementor-col-20 elementor-inner-column elementor-element elementor-element-66111dd\" data-id=\"66111dd\" data-element_type=\"column\">\n\t\t\t<div class=\"elementor-widget-wrap elementor-element-populated\">\n\t\t\t\t\t\t\t\t<div class=\"elementor-element elementor-element-e74fae2 elementor-widget elementor-widget-image\" data-id=\"e74fae2\" data-element_type=\"widget\" data-widget_type=\"image.default\">\n\t\t\t\t<div class=\"elementor-widget-container\">\n\t\t\t\t\t\t\t\t\t\t\t\t\t\t\t<img loading=\"lazy\" decoding=\"async\" width=\"325\" height=\"325\" src=\"https:\/\/www.satoayakkabi.com\/wp-content\/uploads\/2022\/06\/Untitled-3.png\" class=\"attachment-large size-large\" alt=\"\" srcset=\"https:\/\/www.satoayakkabi.com\/wp-content\/uploads\/2022\/06\/Untitled-3.png 325w, https:\/\/www.satoayakkabi.com\/wp-content\/uploads\/2022\/06\/Untitled-3-300x300.png 300w, https:\/\/www.satoayakkabi.com\/wp-content\/uploads\/2022\/06\/Untitled-3-150x150.png 150w, https:\/\/www.satoayakkabi.com\/wp-content\/uploads\/2022\/06\/Untitled-3-100x100.png 100w\" sizes=\"auto, (max-width: 325px) 100vw, 325px\" \/>\t\t\t\t\t\t\t\t\t\t\t\t\t\t\t<\/div>\n\t\t\t\t<\/div>\n\t\t\t\t\t<\/div>\n\t\t<\/div>\n\t\t\t\t<div class=\"elementor-column elementor-col-20 elementor-inner-column elementor-element elementor-element-c47f948\" data-id=\"c47f948\" data-element_type=\"column\">\n\t\t\t<div class=\"elementor-widget-wrap\">\n\t\t\t\t\t\t\t\t\t<\/div>\n\t\t<\/div>\n\t\t\t\t\t\t\t<\/div>\n\t\t<\/section>\n\t\t\t\t\t<\/div>\n\t\t<\/div>\n\t\t\t\t\t\t\t<\/div>\n\t\t<\/section>\n\t\t\t\t\t\t\t<\/div>\n\t\t","protected":false},"excerpt":{"rendered":"<p>SUSTENTABILIDAD Como \u015eato Shoes, nos preocupamos por la sostenibilidad para dejar un mundo m\u00e1s habitable a las generaciones futuras mediante la protecci\u00f3n del medio ambiente y el uso econ\u00f3mico de los recursos.Creamos nuestros dise\u00f1os a\u00f1adiendo productos ecol\u00f3gicos a nuestras colecciones en l\u00ednea con las exigencias de las marcas.Estamos progresando al agregar los certificados de producto [&hellip;]<\/p>\n","protected":false},"author":1,"featured_media":0,"parent":0,"menu_order":0,"comment_status":"closed","ping_status":"closed","template":"elementor_header_footer","meta":{"footnotes":""},"class_list":["post-2838","page","type-page","status-publish","hentry"],"yoast_head":"<!-- This site is optimized with the Yoast SEO plugin v19.1 - https:\/\/yoast.com\/wordpress\/plugins\/seo\/ -->\n<title>Sustentabilidad - \u015eato Ayakkab\u0131<\/title>\n<meta name=\"robots\" content=\"index, follow, max-snippet:-1, max-image-preview:large, max-video-preview:-1\" \/>\n<link rel=\"canonical\" href=\"https:\/\/www.satoayakkabi.com\/es\/sustentabilidad\/\" \/>\n<meta property=\"og:locale\" content=\"es_ES\" \/>\n<meta property=\"og:type\" content=\"article\" \/>\n<meta property=\"og:title\" content=\"Sustentabilidad - \u015eato Ayakkab\u0131\" \/>\n<meta property=\"og:description\" content=\"SUSTENTABILIDAD Como \u015eato Shoes, nos preocupamos por la sostenibilidad para dejar un mundo m\u00e1s habitable a las generaciones futuras mediante la protecci\u00f3n del medio ambiente y el uso econ\u00f3mico de los recursos.Creamos nuestros dise\u00f1os a\u00f1adiendo productos ecol\u00f3gicos a nuestras colecciones en l\u00ednea con las exigencias de las marcas.Estamos progresando al agregar los certificados de producto [&hellip;]\" \/>\n<meta property=\"og:url\" content=\"https:\/\/www.satoayakkabi.com\/es\/sustentabilidad\/\" \/>\n<meta property=\"og:site_name\" content=\"\u015eato Ayakkab\u0131\" \/>\n<meta property=\"article:modified_time\" content=\"2022-12-08T12:30:01+00:00\" \/>\n<meta property=\"og:image\" content=\"https:\/\/www.satoayakkabi.com\/wp-content\/uploads\/2022\/06\/Untitled-1.png\" \/>\n<meta name=\"twitter:card\" content=\"summary_large_image\" \/>\n<meta name=\"twitter:label1\" content=\"Tiempo de lectura\" \/>\n\t<meta name=\"twitter:data1\" content=\"2 minutos\" \/>\n<script type=\"application\/ld+json\" class=\"yoast-schema-graph\">{\"@context\":\"https:\/\/schema.org\",\"@graph\":[{\"@type\":\"WebSite\",\"@id\":\"https:\/\/www.satoayakkabi.com\/#website\",\"url\":\"https:\/\/www.satoayakkabi.com\/\",\"name\":\"\u015eato Ayakkab\u0131\",\"description\":\"\",\"potentialAction\":[{\"@type\":\"SearchAction\",\"target\":{\"@type\":\"EntryPoint\",\"urlTemplate\":\"https:\/\/www.satoayakkabi.com\/?s={search_term_string}\"},\"query-input\":\"required name=search_term_string\"}],\"inLanguage\":\"es\"},{\"@type\":\"ImageObject\",\"inLanguage\":\"es\",\"@id\":\"https:\/\/www.satoayakkabi.com\/es\/sustentabilidad\/#primaryimage\",\"url\":\"https:\/\/www.satoayakkabi.com\/wp-content\/uploads\/2022\/06\/Untitled-1.png\",\"contentUrl\":\"https:\/\/www.satoayakkabi.com\/wp-content\/uploads\/2022\/06\/Untitled-1.png\",\"width\":339,\"height\":339},{\"@type\":\"WebPage\",\"@id\":\"https:\/\/www.satoayakkabi.com\/es\/sustentabilidad\/#webpage\",\"url\":\"https:\/\/www.satoayakkabi.com\/es\/sustentabilidad\/\",\"name\":\"Sustentabilidad - \u015eato Ayakkab\u0131\",\"isPartOf\":{\"@id\":\"https:\/\/www.satoayakkabi.com\/#website\"},\"primaryImageOfPage\":{\"@id\":\"https:\/\/www.satoayakkabi.com\/es\/sustentabilidad\/#primaryimage\"},\"datePublished\":\"2022-08-22T12:09:15+00:00\",\"dateModified\":\"2022-12-08T12:30:01+00:00\",\"breadcrumb\":{\"@id\":\"https:\/\/www.satoayakkabi.com\/es\/sustentabilidad\/#breadcrumb\"},\"inLanguage\":\"es\",\"potentialAction\":[{\"@type\":\"ReadAction\",\"target\":[\"https:\/\/www.satoayakkabi.com\/es\/sustentabilidad\/\"]}]},{\"@type\":\"BreadcrumbList\",\"@id\":\"https:\/\/www.satoayakkabi.com\/es\/sustentabilidad\/#breadcrumb\",\"itemListElement\":[{\"@type\":\"ListItem\",\"position\":1,\"name\":\"Home\",\"item\":\"https:\/\/www.satoayakkabi.com\/es\/\"},{\"@type\":\"ListItem\",\"position\":2,\"name\":\"Sustentabilidad\"}]}]}<\/script>\n<!-- \/ Yoast SEO plugin. -->","yoast_head_json":{"title":"Sustentabilidad - \u015eato Ayakkab\u0131","robots":{"index":"index","follow":"follow","max-snippet":"max-snippet:-1","max-image-preview":"max-image-preview:large","max-video-preview":"max-video-preview:-1"},"canonical":"https:\/\/www.satoayakkabi.com\/es\/sustentabilidad\/","og_locale":"es_ES","og_type":"article","og_title":"Sustentabilidad - \u015eato Ayakkab\u0131","og_description":"SUSTENTABILIDAD Como \u015eato Shoes, nos preocupamos por la sostenibilidad para dejar un mundo m\u00e1s habitable a las generaciones futuras mediante la protecci\u00f3n del medio ambiente y el uso econ\u00f3mico de los recursos.Creamos nuestros dise\u00f1os a\u00f1adiendo productos ecol\u00f3gicos a nuestras colecciones en l\u00ednea con las exigencias de las marcas.Estamos progresando al agregar los certificados de producto [&hellip;]","og_url":"https:\/\/www.satoayakkabi.com\/es\/sustentabilidad\/","og_site_name":"\u015eato Ayakkab\u0131","article_modified_time":"2022-12-08T12:30:01+00:00","og_image":[{"url":"https:\/\/www.satoayakkabi.com\/wp-content\/uploads\/2022\/06\/Untitled-1.png"}],"twitter_card":"summary_large_image","twitter_misc":{"Tiempo de lectura":"2 minutos"},"schema":{"@context":"https:\/\/schema.org","@graph":[{"@type":"WebSite","@id":"https:\/\/www.satoayakkabi.com\/#website","url":"https:\/\/www.satoayakkabi.com\/","name":"\u015eato Ayakkab\u0131","description":"","potentialAction":[{"@type":"SearchAction","target":{"@type":"EntryPoint","urlTemplate":"https:\/\/www.satoayakkabi.com\/?s={search_term_string}"},"query-input":"required name=search_term_string"}],"inLanguage":"es"},{"@type":"ImageObject","inLanguage":"es","@id":"https:\/\/www.satoayakkabi.com\/es\/sustentabilidad\/#primaryimage","url":"https:\/\/www.satoayakkabi.com\/wp-content\/uploads\/2022\/06\/Untitled-1.png","contentUrl":"https:\/\/www.satoayakkabi.com\/wp-content\/uploads\/2022\/06\/Untitled-1.png","width":339,"height":339},{"@type":"WebPage","@id":"https:\/\/www.satoayakkabi.com\/es\/sustentabilidad\/#webpage","url":"https:\/\/www.satoayakkabi.com\/es\/sustentabilidad\/","name":"Sustentabilidad - \u015eato Ayakkab\u0131","isPartOf":{"@id":"https:\/\/www.satoayakkabi.com\/#website"},"primaryImageOfPage":{"@id":"https:\/\/www.satoayakkabi.com\/es\/sustentabilidad\/#primaryimage"},"datePublished":"2022-08-22T12:09:15+00:00","dateModified":"2022-12-08T12:30:01+00:00","breadcrumb":{"@id":"https:\/\/www.satoayakkabi.com\/es\/sustentabilidad\/#breadcrumb"},"inLanguage":"es","potentialAction":[{"@type":"ReadAction","target":["https:\/\/www.satoayakkabi.com\/es\/sustentabilidad\/"]}]},{"@type":"BreadcrumbList","@id":"https:\/\/www.satoayakkabi.com\/es\/sustentabilidad\/#breadcrumb","itemListElement":[{"@type":"ListItem","position":1,"name":"Home","item":"https:\/\/www.satoayakkabi.com\/es\/"},{"@type":"ListItem","position":2,"name":"Sustentabilidad"}]}]}},"_links":{"self":[{"href":"https:\/\/www.satoayakkabi.com\/es\/wp-json\/wp\/v2\/pages\/2838","targetHints":{"allow":["GET"]}}],"collection":[{"href":"https:\/\/www.satoayakkabi.com\/es\/wp-json\/wp\/v2\/pages"}],"about":[{"href":"https:\/\/www.satoayakkabi.com\/es\/wp-json\/wp\/v2\/types\/page"}],"author":[{"embeddable":true,"href":"https:\/\/www.satoayakkabi.com\/es\/wp-json\/wp\/v2\/users\/1"}],"replies":[{"embeddable":true,"href":"https:\/\/www.satoayakkabi.com\/es\/wp-json\/wp\/v2\/comments?post=2838"}],"version-history":[{"count":10,"href":"https:\/\/www.satoayakkabi.com\/es\/wp-json\/wp\/v2\/pages\/2838\/revisions"}],"predecessor-version":[{"id":4852,"href":"https:\/\/www.satoayakkabi.com\/es\/wp-json\/wp\/v2\/pages\/2838\/revisions\/4852"}],"wp:attachment":[{"href":"https:\/\/www.satoayakkabi.com\/es\/wp-json\/wp\/v2\/media?parent=2838"}],"curies":[{"name":"wp","href":"https:\/\/api.w.org\/{rel}","templated":true}]}}