{"id":2774,"date":"2022-08-21T15:52:26","date_gmt":"2022-08-21T12:52:26","guid":{"rendered":"https:\/\/www.satoayakkabi.com\/?page_id=2774"},"modified":"2022-12-08T15:19:55","modified_gmt":"2022-12-08T12:19:55","slug":"sobre-nosotros","status":"publish","type":"page","link":"https:\/\/www.satoayakkabi.com\/es\/sobre-nosotros\/","title":{"rendered":"Sobre Nosotros"},"content":{"rendered":"\t\t<div data-elementor-type=\"wp-post\" data-elementor-id=\"2774\" class=\"elementor elementor-2774\">\n\t\t\t\t\t\t\t\t\t<section class=\"elementor-section elementor-top-section elementor-element elementor-element-bfe7955 elementor-section-boxed elementor-section-height-default elementor-section-height-default\" data-id=\"bfe7955\" data-element_type=\"section\" data-settings=\"{&quot;background_background&quot;:&quot;gradient&quot;}\">\n\t\t\t\t\t\t<div class=\"elementor-container elementor-column-gap-default\">\n\t\t\t\t\t<div class=\"elementor-column elementor-col-100 elementor-top-column elementor-element elementor-element-e0a71cf elementor-invisible\" data-id=\"e0a71cf\" data-element_type=\"column\" data-settings=\"{&quot;animation&quot;:&quot;fadeInUp&quot;}\">\n\t\t\t<div class=\"elementor-widget-wrap elementor-element-populated\">\n\t\t\t\t\t\t\t\t<div class=\"elementor-element elementor-element-3b2fb6c elementor-widget elementor-widget-text-editor\" data-id=\"3b2fb6c\" data-element_type=\"widget\" data-widget_type=\"text-editor.default\">\n\t\t\t\t<div class=\"elementor-widget-container\">\n\t\t\t<style>\/*! elementor - v3.6.6 - 08-06-2022 *\/\n.elementor-widget-text-editor.elementor-drop-cap-view-stacked .elementor-drop-cap{background-color:#818a91;color:#fff}.elementor-widget-text-editor.elementor-drop-cap-view-framed .elementor-drop-cap{color:#818a91;border:3px solid;background-color:transparent}.elementor-widget-text-editor:not(.elementor-drop-cap-view-default) .elementor-drop-cap{margin-top:8px}.elementor-widget-text-editor:not(.elementor-drop-cap-view-default) .elementor-drop-cap-letter{width:1em;height:1em}.elementor-widget-text-editor .elementor-drop-cap{float:left;text-align:center;line-height:1;font-size:50px}.elementor-widget-text-editor .elementor-drop-cap-letter{display:inline-block}<\/style>\t\t\t\t<h2 style=\"text-align: center;\"><strong>SOBRE NOSOTROS<\/strong><\/h2>\t\t\t\t\t\t<\/div>\n\t\t\t\t<\/div>\n\t\t\t\t<div class=\"elementor-element elementor-element-6f76116 elementor-widget elementor-widget-heading\" data-id=\"6f76116\" data-element_type=\"widget\" data-widget_type=\"heading.default\">\n\t\t\t\t<div class=\"elementor-widget-container\">\n\t\t\t<style>\/*! elementor - v3.6.6 - 08-06-2022 *\/\n.elementor-heading-title{padding:0;margin:0;line-height:1}.elementor-widget-heading .elementor-heading-title[class*=elementor-size-]>a{color:inherit;font-size:inherit;line-height:inherit}.elementor-widget-heading .elementor-heading-title.elementor-size-small{font-size:15px}.elementor-widget-heading .elementor-heading-title.elementor-size-medium{font-size:19px}.elementor-widget-heading .elementor-heading-title.elementor-size-large{font-size:29px}.elementor-widget-heading .elementor-heading-title.elementor-size-xl{font-size:39px}.elementor-widget-heading .elementor-heading-title.elementor-size-xxl{font-size:59px}<\/style><h2 class=\"elementor-heading-title elementor-size-default\">Desde 1979<\/h2>\t\t<\/div>\n\t\t\t\t<\/div>\n\t\t\t\t<div class=\"elementor-element elementor-element-79d6ec5 elementor-widget elementor-widget-heading\" data-id=\"79d6ec5\" data-element_type=\"widget\" data-widget_type=\"heading.default\">\n\t\t\t\t<div class=\"elementor-widget-container\">\n\t\t\t<h2 class=\"elementor-heading-title elementor-size-default\">\u015eato Ayakkab\u0131 ve Deri San. ve Tic. Ltd. \u015eti.<\/h2>\t\t<\/div>\n\t\t\t\t<\/div>\n\t\t\t\t<section class=\"elementor-section elementor-inner-section elementor-element elementor-element-da0fc39 elementor-section-boxed elementor-section-height-default elementor-section-height-default\" data-id=\"da0fc39\" data-element_type=\"section\">\n\t\t\t\t\t\t<div class=\"elementor-container elementor-column-gap-default\">\n\t\t\t\t\t<div class=\"elementor-column elementor-col-50 elementor-inner-column elementor-element elementor-element-8db2d45\" data-id=\"8db2d45\" data-element_type=\"column\">\n\t\t\t<div class=\"elementor-widget-wrap elementor-element-populated\">\n\t\t\t\t\t\t\t\t<div class=\"elementor-element elementor-element-d1b3370 elementor-widget elementor-widget-image\" data-id=\"d1b3370\" data-element_type=\"widget\" data-widget_type=\"image.default\">\n\t\t\t\t<div class=\"elementor-widget-container\">\n\t\t\t<style>\/*! elementor - v3.6.6 - 08-06-2022 *\/\n.elementor-widget-image{text-align:center}.elementor-widget-image a{display:inline-block}.elementor-widget-image a img[src$=\".svg\"]{width:48px}.elementor-widget-image img{vertical-align:middle;display:inline-block}<\/style>\t\t\t\t\t\t\t\t\t\t\t\t<img loading=\"lazy\" decoding=\"async\" width=\"1024\" height=\"576\" src=\"https:\/\/www.satoayakkabi.com\/wp-content\/uploads\/2022\/10\/hakkimizda-1024x576.jpg\" class=\"attachment-large size-large\" alt=\"\" srcset=\"https:\/\/www.satoayakkabi.com\/wp-content\/uploads\/2022\/10\/hakkimizda-1024x576.jpg 1024w, https:\/\/www.satoayakkabi.com\/wp-content\/uploads\/2022\/10\/hakkimizda-300x169.jpg 300w, https:\/\/www.satoayakkabi.com\/wp-content\/uploads\/2022\/10\/hakkimizda-768x432.jpg 768w, https:\/\/www.satoayakkabi.com\/wp-content\/uploads\/2022\/10\/hakkimizda-1536x864.jpg 1536w, https:\/\/www.satoayakkabi.com\/wp-content\/uploads\/2022\/10\/hakkimizda-600x338.jpg 600w, https:\/\/www.satoayakkabi.com\/wp-content\/uploads\/2022\/10\/hakkimizda.jpg 1600w\" sizes=\"auto, (max-width: 1024px) 100vw, 1024px\" \/>\t\t\t\t\t\t\t\t\t\t\t\t\t\t\t<\/div>\n\t\t\t\t<\/div>\n\t\t\t\t\t<\/div>\n\t\t<\/div>\n\t\t\t\t<div class=\"elementor-column elementor-col-50 elementor-inner-column elementor-element elementor-element-aea153e\" data-id=\"aea153e\" data-element_type=\"column\">\n\t\t\t<div class=\"elementor-widget-wrap elementor-element-populated\">\n\t\t\t\t\t\t\t\t<div class=\"elementor-element elementor-element-4502b67 elementor-invisible elementor-widget elementor-widget-text-editor\" data-id=\"4502b67\" data-element_type=\"widget\" data-settings=\"{&quot;_animation&quot;:&quot;fadeInLeft&quot;}\" data-widget_type=\"text-editor.default\">\n\t\t\t\t<div class=\"elementor-widget-container\">\n\t\t\t\t\t\t\t<p>Nuestra empresa fue establecida por nuestro padre \u0130dris KU\u015eO\u011eLU en 1979 en Bursa. Nuestras actividades en el sector continuaron bajo el nombre de &#8220;Sato Kundura&#8221; hasta 1997. Desde 1997, nuestras actividades comerciales &#8220;Zapatos Sato y Deri Ind. Tic. Ltd. Sti.&#8221; Seguimos con el t\u00edtulo.<\/p><p>Nuestra empresa, que ha ido creciendo continuamente con las inversiones que ha realizado desde su creaci\u00f3n, produce en 17000 m\u00b2 y 8400 m\u00b2 de \u00e1rea cerrada. Nuestra empresa, especializada en zapatos de mujer, tiene una capacidad de producci\u00f3n diaria de 7000 pares.<\/p><p>Nuestra empresa, que inici\u00f3 sus estudios de &#8220;Institucionalizaci\u00f3n&#8221; en 2010, est\u00e1 reestructurando sus procesos t\u00e9cnicos y gerenciales. Nuestra empresa es consciente de que la institucionalizaci\u00f3n es importante para el \u00e9xito sostenible.<\/p><p>\u00a0<\/p>\t\t\t\t\t\t<\/div>\n\t\t\t\t<\/div>\n\t\t\t\t\t<\/div>\n\t\t<\/div>\n\t\t\t\t\t\t\t<\/div>\n\t\t<\/section>\n\t\t\t\t<div class=\"elementor-element elementor-element-4665615 elementor-widget elementor-widget-text-editor\" data-id=\"4665615\" data-element_type=\"widget\" data-widget_type=\"text-editor.default\">\n\t\t\t\t<div class=\"elementor-widget-container\">\n\t\t\t\t\t\t\t<p>En este marco, las innovaciones en el sector son seguidas seg\u00fan lo requieran las condiciones competitivas, y las innovaciones se adaptan r\u00e1pidamente a la instituci\u00f3n. Para existir no s\u00f3lo en el mercado nacional sino tambi\u00e9n en el mercado internacional, se sigue de cerca la tecnolog\u00eda del sector y se intenta aumentar la variedad de productos.<\/p><p>Nuestra empresa integra la artesan\u00eda y las modernas tecnolog\u00edas de producci\u00f3n bajo el mismo techo en el contexto de la producci\u00f3n tradicional de calzado. Nuestro principal punto de partida es realizar la transformaci\u00f3n conservando los valores tradicionales de la fabricaci\u00f3n de calzado. En este contexto, reflejar las prioridades de los clientes en el producto y fidelizarlos se encuentran entre nuestras prioridades. En particular, todos los recursos financieros y humanos necesarios se destinan a estudios de I+D.<\/p>\t\t\t\t\t\t<\/div>\n\t\t\t\t<\/div>\n\t\t\t\t\t<\/div>\n\t\t<\/div>\n\t\t\t\t\t\t\t<\/div>\n\t\t<\/section>\n\t\t\t\t<section class=\"elementor-section elementor-top-section elementor-element elementor-element-87bb406 elementor-section-boxed elementor-section-height-default elementor-section-height-default\" data-id=\"87bb406\" data-element_type=\"section\">\n\t\t\t\t\t\t<div class=\"elementor-container elementor-column-gap-default\">\n\t\t\t\t\t<div class=\"elementor-column elementor-col-100 elementor-top-column elementor-element elementor-element-42cabf0\" data-id=\"42cabf0\" data-element_type=\"column\">\n\t\t\t<div class=\"elementor-widget-wrap elementor-element-populated\">\n\t\t\t\t\t\t\t\t<div class=\"elementor-element elementor-element-2742f14 elementor-widget elementor-widget-spacer\" data-id=\"2742f14\" data-element_type=\"widget\" data-widget_type=\"spacer.default\">\n\t\t\t\t<div class=\"elementor-widget-container\">\n\t\t\t<style>\/*! elementor - v3.6.6 - 08-06-2022 *\/\n.e-container.e-container--row .elementor-spacer-inner{width:var(--spacer-size)}.e-container.e-container--column .elementor-spacer-inner,.elementor-column .elementor-spacer-inner{height:var(--spacer-size)}<\/style>\t\t<div class=\"elementor-spacer\">\n\t\t\t<div class=\"elementor-spacer-inner\"><\/div>\n\t\t<\/div>\n\t\t\t\t<\/div>\n\t\t\t\t<\/div>\n\t\t\t\t\t<\/div>\n\t\t<\/div>\n\t\t\t\t\t\t\t<\/div>\n\t\t<\/section>\n\t\t\t\t<section class=\"elementor-section elementor-top-section elementor-element elementor-element-da09c6d elementor-section-boxed elementor-section-height-default elementor-section-height-default\" data-id=\"da09c6d\" data-element_type=\"section\">\n\t\t\t\t\t\t<div class=\"elementor-container elementor-column-gap-default\">\n\t\t\t\t\t<div class=\"elementor-column elementor-col-100 elementor-top-column elementor-element elementor-element-665ca09\" data-id=\"665ca09\" data-element_type=\"column\">\n\t\t\t<div class=\"elementor-widget-wrap elementor-element-populated\">\n\t\t\t\t\t\t\t\t<div class=\"elementor-element elementor-element-1db03f4 elementor-widget elementor-widget-heading\" data-id=\"1db03f4\" data-element_type=\"widget\" data-widget_type=\"heading.default\">\n\t\t\t\t<div class=\"elementor-widget-container\">\n\t\t\t<h2 class=\"elementor-heading-title elementor-size-default\">MISI\u00d3N, VISI\u00d3N y META<\/h2>\t\t<\/div>\n\t\t\t\t<\/div>\n\t\t\t\t\t<\/div>\n\t\t<\/div>\n\t\t\t\t\t\t\t<\/div>\n\t\t<\/section>\n\t\t\t\t<section class=\"elementor-section elementor-top-section elementor-element elementor-element-0b0f622 elementor-section-boxed elementor-section-height-default elementor-section-height-default\" data-id=\"0b0f622\" data-element_type=\"section\">\n\t\t\t\t\t\t<div class=\"elementor-container elementor-column-gap-default\">\n\t\t\t\t\t<div class=\"elementor-column elementor-col-33 elementor-top-column elementor-element elementor-element-92785d3\" data-id=\"92785d3\" data-element_type=\"column\" data-settings=\"{&quot;background_background&quot;:&quot;classic&quot;}\">\n\t\t\t<div class=\"elementor-widget-wrap elementor-element-populated\">\n\t\t\t\t\t\t\t\t<div class=\"elementor-element elementor-element-09b6f12 elementor-invisible elementor-widget elementor-widget-text-editor\" data-id=\"09b6f12\" data-element_type=\"widget\" data-settings=\"{&quot;_animation&quot;:&quot;fadeInLeft&quot;}\" data-widget_type=\"text-editor.default\">\n\t\t\t\t<div class=\"elementor-widget-container\">\n\t\t\t\t\t\t\t<p style=\"text-align: left;\">Nuestra industria, que est\u00e1 dominada por el estilo de producci\u00f3n tipo taller, es una fuente importante para el aumento del empleo en los pa\u00edses en desarrollo debido a su naturaleza intensiva en mano de obra. El sector sigue y renueva sus labores porque est\u00e1 muy relacionado con muchos rubros de negocios como el cuero, textil, metal, pl\u00e1stico por sus insumos. Los recursos financieros y humanos necesarios se asignan especialmente a los estudios de I+D.<\/p>\t\t\t\t\t\t<\/div>\n\t\t\t\t<\/div>\n\t\t\t\t\t<\/div>\n\t\t<\/div>\n\t\t\t\t<div class=\"elementor-column elementor-col-33 elementor-top-column elementor-element elementor-element-daeea48 elementor-invisible\" data-id=\"daeea48\" data-element_type=\"column\" data-settings=\"{&quot;animation&quot;:&quot;fadeInDown&quot;}\">\n\t\t\t<div class=\"elementor-widget-wrap elementor-element-populated\">\n\t\t\t\t\t\t\t\t<div class=\"elementor-element elementor-element-42f8212 elementor-widget elementor-widget-image\" data-id=\"42f8212\" data-element_type=\"widget\" data-widget_type=\"image.default\">\n\t\t\t\t<div class=\"elementor-widget-container\">\n\t\t\t\t\t\t\t\t\t\t\t\t\t\t\t<img loading=\"lazy\" decoding=\"async\" width=\"20\" height=\"300\" src=\"https:\/\/www.satoayakkabi.com\/wp-content\/uploads\/2022\/09\/ayrac-3.png\" class=\"attachment-full size-full\" alt=\"\" \/>\t\t\t\t\t\t\t\t\t\t\t\t\t\t\t<\/div>\n\t\t\t\t<\/div>\n\t\t\t\t\t<\/div>\n\t\t<\/div>\n\t\t\t\t<div class=\"elementor-column elementor-col-33 elementor-top-column elementor-element elementor-element-387a3b4\" data-id=\"387a3b4\" data-element_type=\"column\" data-settings=\"{&quot;background_background&quot;:&quot;classic&quot;}\">\n\t\t\t<div class=\"elementor-widget-wrap elementor-element-populated\">\n\t\t\t\t\t\t\t\t<div class=\"elementor-element elementor-element-3a4fc48 elementor-widget elementor-widget-image\" data-id=\"3a4fc48\" data-element_type=\"widget\" data-widget_type=\"image.default\">\n\t\t\t\t<div class=\"elementor-widget-container\">\n\t\t\t\t\t\t\t\t\t\t\t\t\t\t\t<img loading=\"lazy\" decoding=\"async\" width=\"1024\" height=\"683\" src=\"https:\/\/www.satoayakkabi.com\/wp-content\/uploads\/2019\/03\/misyon-vizyon-gorsel-1024x683.jpg\" class=\"attachment-large size-large\" alt=\"\" srcset=\"https:\/\/www.satoayakkabi.com\/wp-content\/uploads\/2019\/03\/misyon-vizyon-gorsel-1024x683.jpg 1024w, https:\/\/www.satoayakkabi.com\/wp-content\/uploads\/2019\/03\/misyon-vizyon-gorsel-300x200.jpg 300w, https:\/\/www.satoayakkabi.com\/wp-content\/uploads\/2019\/03\/misyon-vizyon-gorsel-768x512.jpg 768w, https:\/\/www.satoayakkabi.com\/wp-content\/uploads\/2019\/03\/misyon-vizyon-gorsel-600x400.jpg 600w, https:\/\/www.satoayakkabi.com\/wp-content\/uploads\/2019\/03\/misyon-vizyon-gorsel.jpg 1200w\" sizes=\"auto, (max-width: 1024px) 100vw, 1024px\" \/>\t\t\t\t\t\t\t\t\t\t\t\t\t\t\t<\/div>\n\t\t\t\t<\/div>\n\t\t\t\t\t<\/div>\n\t\t<\/div>\n\t\t\t\t\t\t\t<\/div>\n\t\t<\/section>\n\t\t\t\t<section class=\"elementor-section elementor-top-section elementor-element elementor-element-c851ffb elementor-section-boxed elementor-section-height-default elementor-section-height-default\" data-id=\"c851ffb\" data-element_type=\"section\">\n\t\t\t\t\t\t<div class=\"elementor-container elementor-column-gap-default\">\n\t\t\t\t\t<div class=\"elementor-column elementor-col-100 elementor-top-column elementor-element elementor-element-76737d2\" data-id=\"76737d2\" data-element_type=\"column\">\n\t\t\t<div class=\"elementor-widget-wrap elementor-element-populated\">\n\t\t\t\t\t\t\t\t<div class=\"elementor-element elementor-element-7c4e178 elementor-widget elementor-widget-text-editor\" data-id=\"7c4e178\" data-element_type=\"widget\" data-widget_type=\"text-editor.default\">\n\t\t\t\t<div class=\"elementor-widget-container\">\n\t\t\t\t\t\t\t<p style=\"text-align: center;\">Nuestro principal punto de partida es preservar los valores tradicionales de la fabricaci\u00f3n de calzado y ampliar el campo educativo. Adem\u00e1s, es nuestro mayor anhelo, nuestro sue\u00f1o, y nuestro mayor anhelo, nuestro sue\u00f1o, actuar para activar la rama educativa, que sentimos una gran carencia en cuanto a dise\u00f1o y moda apta para nuestro pa\u00eds, contactar ante las autoridades correspondientes, implementar el PROYECTO ESCUELA SECUNDARIA DE ARTE PROFESIONAL ZAPATOS, subsidiar al personal calificado, para incrementar su formaci\u00f3n profesional, conocimientos y experiencia es nuestro objetivo.<\/p>\t\t\t\t\t\t<\/div>\n\t\t\t\t<\/div>\n\t\t\t\t\t<\/div>\n\t\t<\/div>\n\t\t\t\t\t\t\t<\/div>\n\t\t<\/section>\n\t\t\t\t\t\t\t<\/div>\n\t\t","protected":false},"excerpt":{"rendered":"<p>SOBRE NOSOTROS Desde 1979 \u015eato Ayakkab\u0131 ve Deri San. ve Tic. Ltd. \u015eti. Nuestra empresa fue establecida por nuestro padre \u0130dris KU\u015eO\u011eLU en 1979 en Bursa. Nuestras actividades en el sector continuaron bajo el nombre de &#8220;Sato Kundura&#8221; hasta 1997. Desde 1997, nuestras actividades comerciales &#8220;Zapatos Sato y Deri Ind. Tic. Ltd. Sti.&#8221; Seguimos con [&hellip;]<\/p>\n","protected":false},"author":1,"featured_media":0,"parent":0,"menu_order":0,"comment_status":"closed","ping_status":"closed","template":"elementor_header_footer","meta":{"footnotes":""},"class_list":["post-2774","page","type-page","status-publish","hentry"],"yoast_head":"<!-- This site is optimized with the Yoast SEO plugin v19.1 - https:\/\/yoast.com\/wordpress\/plugins\/seo\/ -->\n<title>Sobre Nosotros - \u015eato Ayakkab\u0131<\/title>\n<meta name=\"robots\" content=\"index, follow, max-snippet:-1, max-image-preview:large, max-video-preview:-1\" \/>\n<link rel=\"canonical\" href=\"https:\/\/www.satoayakkabi.com\/es\/sobre-nosotros\/\" \/>\n<meta property=\"og:locale\" content=\"es_ES\" \/>\n<meta property=\"og:type\" content=\"article\" \/>\n<meta property=\"og:title\" content=\"Sobre Nosotros - \u015eato Ayakkab\u0131\" \/>\n<meta property=\"og:description\" content=\"SOBRE NOSOTROS Desde 1979 \u015eato Ayakkab\u0131 ve Deri San. ve Tic. Ltd. \u015eti. Nuestra empresa fue establecida por nuestro padre \u0130dris KU\u015eO\u011eLU en 1979 en Bursa. Nuestras actividades en el sector continuaron bajo el nombre de &#8220;Sato Kundura&#8221; hasta 1997. Desde 1997, nuestras actividades comerciales &#8220;Zapatos Sato y Deri Ind. Tic. Ltd. Sti.&#8221; Seguimos con [&hellip;]\" \/>\n<meta property=\"og:url\" content=\"https:\/\/www.satoayakkabi.com\/es\/sobre-nosotros\/\" \/>\n<meta property=\"og:site_name\" content=\"\u015eato Ayakkab\u0131\" \/>\n<meta property=\"article:modified_time\" content=\"2022-12-08T12:19:55+00:00\" \/>\n<meta property=\"og:image\" content=\"https:\/\/www.satoayakkabi.com\/wp-content\/uploads\/2022\/10\/hakkimizda-1024x576.jpg\" \/>\n<meta name=\"twitter:card\" content=\"summary_large_image\" \/>\n<meta name=\"twitter:label1\" content=\"Tiempo de lectura\" \/>\n\t<meta name=\"twitter:data1\" content=\"4 minutos\" \/>\n<script type=\"application\/ld+json\" class=\"yoast-schema-graph\">{\"@context\":\"https:\/\/schema.org\",\"@graph\":[{\"@type\":\"WebSite\",\"@id\":\"https:\/\/www.satoayakkabi.com\/#website\",\"url\":\"https:\/\/www.satoayakkabi.com\/\",\"name\":\"\u015eato Ayakkab\u0131\",\"description\":\"\",\"potentialAction\":[{\"@type\":\"SearchAction\",\"target\":{\"@type\":\"EntryPoint\",\"urlTemplate\":\"https:\/\/www.satoayakkabi.com\/?s={search_term_string}\"},\"query-input\":\"required name=search_term_string\"}],\"inLanguage\":\"es\"},{\"@type\":\"ImageObject\",\"inLanguage\":\"es\",\"@id\":\"https:\/\/www.satoayakkabi.com\/es\/sobre-nosotros\/#primaryimage\",\"url\":\"https:\/\/www.satoayakkabi.com\/wp-content\/uploads\/2022\/10\/hakkimizda.jpg\",\"contentUrl\":\"https:\/\/www.satoayakkabi.com\/wp-content\/uploads\/2022\/10\/hakkimizda.jpg\",\"width\":1600,\"height\":900},{\"@type\":\"WebPage\",\"@id\":\"https:\/\/www.satoayakkabi.com\/es\/sobre-nosotros\/#webpage\",\"url\":\"https:\/\/www.satoayakkabi.com\/es\/sobre-nosotros\/\",\"name\":\"Sobre Nosotros - \u015eato Ayakkab\u0131\",\"isPartOf\":{\"@id\":\"https:\/\/www.satoayakkabi.com\/#website\"},\"primaryImageOfPage\":{\"@id\":\"https:\/\/www.satoayakkabi.com\/es\/sobre-nosotros\/#primaryimage\"},\"datePublished\":\"2022-08-21T12:52:26+00:00\",\"dateModified\":\"2022-12-08T12:19:55+00:00\",\"breadcrumb\":{\"@id\":\"https:\/\/www.satoayakkabi.com\/es\/sobre-nosotros\/#breadcrumb\"},\"inLanguage\":\"es\",\"potentialAction\":[{\"@type\":\"ReadAction\",\"target\":[\"https:\/\/www.satoayakkabi.com\/es\/sobre-nosotros\/\"]}]},{\"@type\":\"BreadcrumbList\",\"@id\":\"https:\/\/www.satoayakkabi.com\/es\/sobre-nosotros\/#breadcrumb\",\"itemListElement\":[{\"@type\":\"ListItem\",\"position\":1,\"name\":\"Home\",\"item\":\"https:\/\/www.satoayakkabi.com\/es\/\"},{\"@type\":\"ListItem\",\"position\":2,\"name\":\"Sobre Nosotros\"}]}]}<\/script>\n<!-- \/ Yoast SEO plugin. -->","yoast_head_json":{"title":"Sobre Nosotros - \u015eato Ayakkab\u0131","robots":{"index":"index","follow":"follow","max-snippet":"max-snippet:-1","max-image-preview":"max-image-preview:large","max-video-preview":"max-video-preview:-1"},"canonical":"https:\/\/www.satoayakkabi.com\/es\/sobre-nosotros\/","og_locale":"es_ES","og_type":"article","og_title":"Sobre Nosotros - \u015eato Ayakkab\u0131","og_description":"SOBRE NOSOTROS Desde 1979 \u015eato Ayakkab\u0131 ve Deri San. ve Tic. Ltd. \u015eti. Nuestra empresa fue establecida por nuestro padre \u0130dris KU\u015eO\u011eLU en 1979 en Bursa. Nuestras actividades en el sector continuaron bajo el nombre de &#8220;Sato Kundura&#8221; hasta 1997. Desde 1997, nuestras actividades comerciales &#8220;Zapatos Sato y Deri Ind. Tic. Ltd. Sti.&#8221; Seguimos con [&hellip;]","og_url":"https:\/\/www.satoayakkabi.com\/es\/sobre-nosotros\/","og_site_name":"\u015eato Ayakkab\u0131","article_modified_time":"2022-12-08T12:19:55+00:00","og_image":[{"url":"https:\/\/www.satoayakkabi.com\/wp-content\/uploads\/2022\/10\/hakkimizda-1024x576.jpg"}],"twitter_card":"summary_large_image","twitter_misc":{"Tiempo de lectura":"4 minutos"},"schema":{"@context":"https:\/\/schema.org","@graph":[{"@type":"WebSite","@id":"https:\/\/www.satoayakkabi.com\/#website","url":"https:\/\/www.satoayakkabi.com\/","name":"\u015eato Ayakkab\u0131","description":"","potentialAction":[{"@type":"SearchAction","target":{"@type":"EntryPoint","urlTemplate":"https:\/\/www.satoayakkabi.com\/?s={search_term_string}"},"query-input":"required name=search_term_string"}],"inLanguage":"es"},{"@type":"ImageObject","inLanguage":"es","@id":"https:\/\/www.satoayakkabi.com\/es\/sobre-nosotros\/#primaryimage","url":"https:\/\/www.satoayakkabi.com\/wp-content\/uploads\/2022\/10\/hakkimizda.jpg","contentUrl":"https:\/\/www.satoayakkabi.com\/wp-content\/uploads\/2022\/10\/hakkimizda.jpg","width":1600,"height":900},{"@type":"WebPage","@id":"https:\/\/www.satoayakkabi.com\/es\/sobre-nosotros\/#webpage","url":"https:\/\/www.satoayakkabi.com\/es\/sobre-nosotros\/","name":"Sobre Nosotros - \u015eato Ayakkab\u0131","isPartOf":{"@id":"https:\/\/www.satoayakkabi.com\/#website"},"primaryImageOfPage":{"@id":"https:\/\/www.satoayakkabi.com\/es\/sobre-nosotros\/#primaryimage"},"datePublished":"2022-08-21T12:52:26+00:00","dateModified":"2022-12-08T12:19:55+00:00","breadcrumb":{"@id":"https:\/\/www.satoayakkabi.com\/es\/sobre-nosotros\/#breadcrumb"},"inLanguage":"es","potentialAction":[{"@type":"ReadAction","target":["https:\/\/www.satoayakkabi.com\/es\/sobre-nosotros\/"]}]},{"@type":"BreadcrumbList","@id":"https:\/\/www.satoayakkabi.com\/es\/sobre-nosotros\/#breadcrumb","itemListElement":[{"@type":"ListItem","position":1,"name":"Home","item":"https:\/\/www.satoayakkabi.com\/es\/"},{"@type":"ListItem","position":2,"name":"Sobre Nosotros"}]}]}},"_links":{"self":[{"href":"https:\/\/www.satoayakkabi.com\/es\/wp-json\/wp\/v2\/pages\/2774","targetHints":{"allow":["GET"]}}],"collection":[{"href":"https:\/\/www.satoayakkabi.com\/es\/wp-json\/wp\/v2\/pages"}],"about":[{"href":"https:\/\/www.satoayakkabi.com\/es\/wp-json\/wp\/v2\/types\/page"}],"author":[{"embeddable":true,"href":"https:\/\/www.satoayakkabi.com\/es\/wp-json\/wp\/v2\/users\/1"}],"replies":[{"embeddable":true,"href":"https:\/\/www.satoayakkabi.com\/es\/wp-json\/wp\/v2\/comments?post=2774"}],"version-history":[{"count":22,"href":"https:\/\/www.satoayakkabi.com\/es\/wp-json\/wp\/v2\/pages\/2774\/revisions"}],"predecessor-version":[{"id":4822,"href":"https:\/\/www.satoayakkabi.com\/es\/wp-json\/wp\/v2\/pages\/2774\/revisions\/4822"}],"wp:attachment":[{"href":"https:\/\/www.satoayakkabi.com\/es\/wp-json\/wp\/v2\/media?parent=2774"}],"curies":[{"name":"wp","href":"https:\/\/api.w.org\/{rel}","templated":true}]}}