{"id":2734,"date":"2022-08-21T15:45:21","date_gmt":"2022-08-21T12:45:21","guid":{"rendered":"https:\/\/www.satoayakkabi.com\/?page_id=2734"},"modified":"2022-12-08T15:15:21","modified_gmt":"2022-12-08T12:15:21","slug":"pagina-de-inicio","status":"publish","type":"page","link":"https:\/\/www.satoayakkabi.com\/es\/","title":{"rendered":"P\u00e1gina De Inicio"},"content":{"rendered":"\t\t<div data-elementor-type=\"wp-post\" data-elementor-id=\"2734\" class=\"elementor elementor-2734\">\n\t\t\t\t\t\t\t\t\t<section class=\"elementor-section elementor-top-section elementor-element elementor-element-0ee0134 elementor-section-full_width elementor-section-height-default elementor-section-height-default\" data-id=\"0ee0134\" data-element_type=\"section\">\n\t\t\t\t\t\t<div class=\"elementor-container elementor-column-gap-no\">\n\t\t\t\t\t<div class=\"elementor-column elementor-col-100 elementor-top-column elementor-element elementor-element-f0ae622\" data-id=\"f0ae622\" data-element_type=\"column\">\n\t\t\t<div class=\"elementor-widget-wrap elementor-element-populated\">\n\t\t\t\t\t\t\t\t<div class=\"elementor-element elementor-element-e21cd8f elementor-widget elementor-widget-slider_revolution\" data-id=\"e21cd8f\" data-element_type=\"widget\" data-widget_type=\"slider_revolution.default\">\n\t\t\t\t<div class=\"elementor-widget-container\">\n\t\t\t\r\n\t\t<div class=\"wp-block-themepunch-revslider\">\n\t\t\t<!-- START Slider Es REVOLUTION SLIDER 6.5.2 --><p class=\"rs-p-wp-fix\"><\/p>\n\t\t\t<rs-module-wrap id=\"rev_slider_9_1_wrapper\" data-source=\"gallery\" style=\"visibility:hidden;background:transparent;padding:0;margin:0px auto;margin-top:0;margin-bottom:0;\">\n\t\t\t\t<rs-module id=\"rev_slider_9_1\" style=\"\" data-version=\"6.5.2\">\n\t\t\t\t\t<rs-slides>\n\t\t\t\t\t\t<rs-slide data-key=\"rs-17\" data-title=\"Slide\" data-in=\"o:0;\" data-out=\"a:false;\">\n\t\t\t\t\t\t\t<img loading=\"lazy\" decoding=\"async\" src=\"\/\/www.satoayakkabi.com\/wp-content\/plugins\/revslider\/public\/assets\/assets\/dummy.png\" title=\"ispanyolca banner\" width=\"1900\" height=\"690\" class=\"rev-slidebg tp-rs-img rs-lazyload\" data-lazyload=\"\/\/www.satoayakkabi.com\/wp-content\/uploads\/2022\/08\/ispanyolca-banner.jpg\" data-no-retina>\n<!--\n\t\t\t\t\t\t\t--><rs-layer\n\t\t\t\t\t\t\t\tid=\"slider-9-slide-17-layer-0\" \n\t\t\t\t\t\t\t\tdata-type=\"button\"\n\t\t\t\t\t\t\t\tdata-color=\"#333333\"\n\t\t\t\t\t\t\t\tdata-rsp_ch=\"on\"\n\t\t\t\t\t\t\t\tdata-xy=\"x:c;y:250px;\"\n\t\t\t\t\t\t\t\tdata-text=\"w:normal;l:60;a:center;\"\n\t\t\t\t\t\t\t\tdata-dim=\"w:60px;h:60px;minw:60px;minh:60px;\"\n\t\t\t\t\t\t\t\tdata-actions='o:click;a:togglelayer;ls:hidden;layer:slider-9-slide-17-layer-2;ch:true;||o:click;a:togglelayer;ls:hidden;layer:slider-9-slide-17-layer-1;ch:true;'\n\t\t\t\t\t\t\t\tdata-border=\"bor:50%,50%,50%,50%;\"\n\t\t\t\t\t\t\t\tdata-frame_999=\"o:0;st:w;\"\n\t\t\t\t\t\t\t\tstyle=\"z-index:8;background-color:#ffffff;font-family:Roboto;text-transform:uppercase;\"\n\t\t\t\t\t\t\t><i class=\"fa-play\"><\/i> \n\t\t\t\t\t\t\t<\/rs-layer><!--\n\n\t\t\t\t\t\t\t--><rs-layer\n\t\t\t\t\t\t\t\tid=\"slider-9-slide-17-layer-1\" \n\t\t\t\t\t\t\t\tdata-type=\"text\"\n\t\t\t\t\t\t\t\tdata-color=\"#ffffff\"\n\t\t\t\t\t\t\t\tdata-rsp_ch=\"on\"\n\t\t\t\t\t\t\t\tdata-xy=\"x:1293px;y:38px;\"\n\t\t\t\t\t\t\t\tdata-text=\"w:normal;s:50;l:50;\"\n\t\t\t\t\t\t\t\tdata-actions='o:click;a:exitfullscreen;||o:click;a:togglelayer;ls:hidden;layer:slider-9-slide-17-layer-2;ch:true;||o:click;a:togglelayer;ls:hidden;layer:slider-9-slide-17-layer-1;ch:true;||o:click;a:callback;call:showRevNav();'\n\t\t\t\t\t\t\t\tdata-frame_1=\"st:a;\"\n\t\t\t\t\t\t\t\tdata-frame_999=\"o:0;st:a;\"\n\t\t\t\t\t\t\t\tstyle=\"z-index:10;font-family:Roboto;\"\n\t\t\t\t\t\t\t><i class=\"pe-7s-close-circle\"><\/i> \n\t\t\t\t\t\t\t<\/rs-layer><!--\n\n\t\t\t\t\t\t\t--><rs-layer\n\t\t\t\t\t\t\t\tid=\"slider-9-slide-17-layer-2\" \n\t\t\t\t\t\t\t\tclass=\"rs-layer-video intrinsic-ignore\"\n\t\t\t\t\t\t\t\tdata-type=\"video\"\n\t\t\t\t\t\t\t\tdata-rsp_ch=\"on\"\n\t\t\t\t\t\t\t\tdata-xy=\"x:c;y:70px;\"\n\t\t\t\t\t\t\t\tdata-text=\"w:normal;\"\n\t\t\t\t\t\t\t\tdata-dim=\"w:676px;h:380px;\"\n\t\t\t\t\t\t\t\tdata-video=\"vd:100;l:false;ptimer:false;vc:t;\"\n\t\t\t\t\t\t\t\tdata-ytid=\"-WwuigHPhg4\"\n\t\t\t\t\t\t\t\tdata-vatr=\"version=3&amp;enablejsapi=1&amp;html5=1&amp;hd=1&amp;wmode=opaque&amp;showinfo=0&amp;rel=0&amp;origin=https:\/\/www.satoayakkabi.com;\"\n\t\t\t\t\t\t\t\tdata-frame_1=\"st:a;\"\n\t\t\t\t\t\t\t\tdata-frame_999=\"o:0;st:a;\"\n\t\t\t\t\t\t\t\tstyle=\"z-index:9;\"\n\t\t\t\t\t\t\t>\n\t\t\t\t\t\t\t<\/rs-layer><!--\n-->\t\t\t\t\t\t<\/rs-slide>\n\t\t\t\t\t<\/rs-slides>\n\t\t\t\t<\/rs-module>\n\t\t\t\t<script type=\"text\/javascript\">\n\t\t\t\t\tsetREVStartSize({c: 'rev_slider_9_1',rl:[1240,1024,778,480],el:[690],gw:[1900],gh:[690],type:'standard',justify:'',layout:'fullwidth',mh:\"0\"});\n\t\t\t\t<\/script>\n\t\t\t<\/rs-module-wrap>\n\t\t\t<!-- END REVOLUTION SLIDER -->\n<\/div>\r\n\r\n\t\t\t\t<\/div>\n\t\t\t\t<\/div>\n\t\t\t\t\t<\/div>\n\t\t<\/div>\n\t\t\t\t\t\t\t<\/div>\n\t\t<\/section>\n\t\t\t\t<section class=\"elementor-section elementor-top-section elementor-element elementor-element-79c61dc elementor-section-boxed elementor-section-height-default elementor-section-height-default\" data-id=\"79c61dc\" data-element_type=\"section\" data-settings=\"{&quot;background_background&quot;:&quot;classic&quot;}\">\n\t\t\t\t\t\t\t<div class=\"elementor-background-overlay\"><\/div>\n\t\t\t\t\t\t\t<div class=\"elementor-container elementor-column-gap-default\">\n\t\t\t\t\t<div class=\"elementor-column elementor-col-100 elementor-top-column elementor-element elementor-element-13d7082 elementor-invisible\" data-id=\"13d7082\" data-element_type=\"column\" data-settings=\"{&quot;animation&quot;:&quot;zoomIn&quot;}\">\n\t\t\t<div class=\"elementor-widget-wrap elementor-element-populated\">\n\t\t\t\t\t\t\t\t<section class=\"elementor-section elementor-inner-section elementor-element elementor-element-5346667 elementor-section-boxed elementor-section-height-default elementor-section-height-default\" data-id=\"5346667\" data-element_type=\"section\">\n\t\t\t\t\t\t<div class=\"elementor-container elementor-column-gap-default\">\n\t\t\t\t\t<div class=\"elementor-column elementor-col-25 elementor-inner-column elementor-element elementor-element-00061c8\" data-id=\"00061c8\" data-element_type=\"column\">\n\t\t\t<div class=\"elementor-widget-wrap elementor-element-populated\">\n\t\t\t\t\t\t\t\t<div class=\"elementor-element elementor-element-4f58d03 elementor-widget elementor-widget-ova_service\" data-id=\"4f58d03\" data-element_type=\"widget\" data-widget_type=\"ova_service.default\">\n\t\t\t\t<div class=\"elementor-widget-container\">\n\t\t\t\t\t<div class=\"ova-service one_column\">\n\t\t\t\t\t\t\t<div class=\"image\">\n\t\t\t\t\t<div class=\"img\">\n\t\t\t\t\t\t<img decoding=\"async\" src=\"https:\/\/www.satoayakkabi.com\/wp-content\/uploads\/2022\/10\/musteri.png\" alt=\"Relaci\u00f3n con el cliente\">\n\t\t\t\t\t<\/div>\n\t\t\t\t<\/div>\n\t\t\t\t\t\t<div class=\"content\">\n\t\t\t\t\t\t\t\t\t<h3 class=\"title\"><a href=\"\">Relaci\u00f3n con el cliente<\/a><\/h3>\n\t\t\t\t\t\t\t\t\t\t\t\t\t<p class=\"sub-title\">\n\t\t\t\t\t\tComo Sato Shoes, siempre nos preocupamos por la satisfacci\u00f3n de nuestros clientes y gestionamos el proceso juntos.\t\t\t\t\t<\/p>\n\t\t\t\t\t\t\t<\/div>\n\t\t<\/div>\n\t\t\t\t<\/div>\n\t\t\t\t<\/div>\n\t\t\t\t\t<\/div>\n\t\t<\/div>\n\t\t\t\t<div class=\"elementor-column elementor-col-25 elementor-inner-column elementor-element elementor-element-89c0618\" data-id=\"89c0618\" data-element_type=\"column\">\n\t\t\t<div class=\"elementor-widget-wrap elementor-element-populated\">\n\t\t\t\t\t\t\t\t<div class=\"elementor-element elementor-element-20e161c elementor-widget elementor-widget-ova_service\" data-id=\"20e161c\" data-element_type=\"widget\" data-widget_type=\"ova_service.default\">\n\t\t\t\t<div class=\"elementor-widget-container\">\n\t\t\t\t\t<div class=\"ova-service one_column\">\n\t\t\t\t\t\t\t<div class=\"image\">\n\t\t\t\t\t<div class=\"img\">\n\t\t\t\t\t\t<img decoding=\"async\" src=\"https:\/\/www.satoayakkabi.com\/wp-content\/uploads\/2022\/10\/partner.png\" alt=\"Socios s\u00f3lidos\">\n\t\t\t\t\t<\/div>\n\t\t\t\t<\/div>\n\t\t\t\t\t\t<div class=\"content\">\n\t\t\t\t\t\t\t\t\t<h3 class=\"title\"><a href=\"\">Socios s\u00f3lidos<\/a><\/h3>\n\t\t\t\t\t\t\t\t\t\t\t\t\t<p class=\"sub-title\">\n\t\t\t\t\t\tElegimos cuidadosamente a nuestros proveedores y planificamos todo desde el principio para que no haya ning\u00fan problema en nuestros productos finales.\t\t\t\t\t<\/p>\n\t\t\t\t\t\t\t<\/div>\n\t\t<\/div>\n\t\t\t\t<\/div>\n\t\t\t\t<\/div>\n\t\t\t\t\t<\/div>\n\t\t<\/div>\n\t\t\t\t<div class=\"elementor-column elementor-col-25 elementor-inner-column elementor-element elementor-element-3d7b372\" data-id=\"3d7b372\" data-element_type=\"column\">\n\t\t\t<div class=\"elementor-widget-wrap elementor-element-populated\">\n\t\t\t\t\t\t\t\t<div class=\"elementor-element elementor-element-c9a327a elementor-widget elementor-widget-ova_service\" data-id=\"c9a327a\" data-element_type=\"widget\" data-widget_type=\"ova_service.default\">\n\t\t\t\t<div class=\"elementor-widget-container\">\n\t\t\t\t\t<div class=\"ova-service one_column\">\n\t\t\t\t\t\t\t<div class=\"image\">\n\t\t\t\t\t<div class=\"img\">\n\t\t\t\t\t\t<img decoding=\"async\" src=\"https:\/\/www.satoayakkabi.com\/wp-content\/uploads\/2022\/10\/kuresel.png\" alt=\"Informaci\u00f3n t\u00e9cnica mundial\">\n\t\t\t\t\t<\/div>\n\t\t\t\t<\/div>\n\t\t\t\t\t\t<div class=\"content\">\n\t\t\t\t\t\t\t\t\t<h3 class=\"title\"><a href=\"\">Informaci\u00f3n t\u00e9cnica mundial<\/a><\/h3>\n\t\t\t\t\t\t\t\t\t\t\t\t\t<p class=\"sub-title\">\n\t\t\t\t\t\tSeguimos el mundo en t\u00e9rminos de conocimientos t\u00e9cnicos y habilidades, nunca comprometemos la calidad.\t\t\t\t\t<\/p>\n\t\t\t\t\t\t\t<\/div>\n\t\t<\/div>\n\t\t\t\t<\/div>\n\t\t\t\t<\/div>\n\t\t\t\t\t<\/div>\n\t\t<\/div>\n\t\t\t\t<div class=\"elementor-column elementor-col-25 elementor-inner-column elementor-element elementor-element-0db6e5f\" data-id=\"0db6e5f\" data-element_type=\"column\">\n\t\t\t<div class=\"elementor-widget-wrap elementor-element-populated\">\n\t\t\t\t\t\t\t\t<div class=\"elementor-element elementor-element-81ffd88 elementor-widget elementor-widget-ova_service\" data-id=\"81ffd88\" data-element_type=\"widget\" data-widget_type=\"ova_service.default\">\n\t\t\t\t<div class=\"elementor-widget-container\">\n\t\t\t\t\t<div class=\"ova-service one_column\">\n\t\t\t\t\t\t\t<div class=\"image\">\n\t\t\t\t\t<div class=\"img\">\n\t\t\t\t\t\t<img decoding=\"async\" src=\"https:\/\/www.satoayakkabi.com\/wp-content\/uploads\/2022\/10\/yenilik.png\" alt=\"Nos enfocamos en la innovaci\u00f3n\">\n\t\t\t\t\t<\/div>\n\t\t\t\t<\/div>\n\t\t\t\t\t\t<div class=\"content\">\n\t\t\t\t\t\t\t\t\t<h3 class=\"title\"><a href=\"\">Nos enfocamos en la innovaci\u00f3n<\/a><\/h3>\n\t\t\t\t\t\t\t\t\t\t\t\t\t<p class=\"sub-title\">\n\t\t\t\t\t\tAl centrarnos en la innovaci\u00f3n, siempre nos esforzamos por obtener productos m\u00e1s eficientes, r\u00e1pidos y de mayor calidad.\t\t\t\t\t<\/p>\n\t\t\t\t\t\t\t<\/div>\n\t\t<\/div>\n\t\t\t\t<\/div>\n\t\t\t\t<\/div>\n\t\t\t\t\t<\/div>\n\t\t<\/div>\n\t\t\t\t\t\t\t<\/div>\n\t\t<\/section>\n\t\t\t\t\t<\/div>\n\t\t<\/div>\n\t\t\t\t\t\t\t<\/div>\n\t\t<\/section>\n\t\t\t\t<section class=\"elementor-section elementor-top-section elementor-element elementor-element-0cec8ee elementor-section-boxed elementor-section-height-default elementor-section-height-default\" data-id=\"0cec8ee\" data-element_type=\"section\" data-settings=\"{&quot;background_background&quot;:&quot;classic&quot;}\">\n\t\t\t\t\t\t\t<div class=\"elementor-background-overlay\"><\/div>\n\t\t\t\t\t\t\t<div class=\"elementor-container elementor-column-gap-default\">\n\t\t\t\t\t<div class=\"elementor-column elementor-col-50 elementor-top-column elementor-element elementor-element-637fa52\" data-id=\"637fa52\" data-element_type=\"column\">\n\t\t\t<div class=\"elementor-widget-wrap elementor-element-populated\">\n\t\t\t\t\t\t\t\t<div class=\"elementor-element elementor-element-347e96b elementor-widget elementor-widget-text-editor\" data-id=\"347e96b\" data-element_type=\"widget\" data-widget_type=\"text-editor.default\">\n\t\t\t\t<div class=\"elementor-widget-container\">\n\t\t\t<style>\/*! elementor - v3.6.6 - 08-06-2022 *\/\n.elementor-widget-text-editor.elementor-drop-cap-view-stacked .elementor-drop-cap{background-color:#818a91;color:#fff}.elementor-widget-text-editor.elementor-drop-cap-view-framed .elementor-drop-cap{color:#818a91;border:3px solid;background-color:transparent}.elementor-widget-text-editor:not(.elementor-drop-cap-view-default) .elementor-drop-cap{margin-top:8px}.elementor-widget-text-editor:not(.elementor-drop-cap-view-default) .elementor-drop-cap-letter{width:1em;height:1em}.elementor-widget-text-editor .elementor-drop-cap{float:left;text-align:center;line-height:1;font-size:50px}.elementor-widget-text-editor .elementor-drop-cap-letter{display:inline-block}<\/style>\t\t\t\t<div class=\"col-md-9 aos-init aos-animate\" data-aos=\"zoom-in\" data-aos-delay=\"800\" data-aos-duration=\"900\">Puede contactarnos para obtener m\u00e1s informaci\u00f3n sobre nuestra empresa y el proceso de producci\u00f3n.<\/div>\t\t\t\t\t\t<\/div>\n\t\t\t\t<\/div>\n\t\t\t\t\t<\/div>\n\t\t<\/div>\n\t\t\t\t<div class=\"elementor-column elementor-col-50 elementor-top-column elementor-element elementor-element-66a43c6\" data-id=\"66a43c6\" data-element_type=\"column\">\n\t\t\t<div class=\"elementor-widget-wrap elementor-element-populated\">\n\t\t\t\t\t\t\t\t<div class=\"elementor-element elementor-element-2010c2e elementor-button-info elementor-align-center elementor-widget elementor-widget-button\" data-id=\"2010c2e\" data-element_type=\"widget\" data-widget_type=\"button.default\">\n\t\t\t\t<div class=\"elementor-widget-container\">\n\t\t\t\t\t<div class=\"elementor-button-wrapper\">\n\t\t\t<a href=\"\/es\/contacto\/\" class=\"elementor-button-link elementor-button elementor-size-lg\" role=\"button\">\n\t\t\t\t\t\t<span class=\"elementor-button-content-wrapper\">\n\t\t\t\t\t\t<span class=\"elementor-button-text\">CONTACTO<\/span>\n\t\t<\/span>\n\t\t\t\t\t<\/a>\n\t\t<\/div>\n\t\t\t\t<\/div>\n\t\t\t\t<\/div>\n\t\t\t\t\t<\/div>\n\t\t<\/div>\n\t\t\t\t\t\t\t<\/div>\n\t\t<\/section>\n\t\t\t\t\t\t\t<\/div>\n\t\t","protected":false},"excerpt":{"rendered":"<p>Relaci\u00f3n con el cliente Como Sato Shoes, siempre nos preocupamos por la satisfacci\u00f3n de nuestros clientes y gestionamos el proceso juntos. Socios s\u00f3lidos Elegimos cuidadosamente a nuestros proveedores y planificamos todo desde el principio para que no haya ning\u00fan problema en nuestros productos finales. Informaci\u00f3n t\u00e9cnica mundial Seguimos el mundo en t\u00e9rminos de conocimientos t\u00e9cnicos [&hellip;]<\/p>\n","protected":false},"author":1,"featured_media":0,"parent":0,"menu_order":0,"comment_status":"closed","ping_status":"closed","template":"elementor_header_footer","meta":{"footnotes":""},"class_list":["post-2734","page","type-page","status-publish","hentry"],"yoast_head":"<!-- This site is optimized with the Yoast SEO plugin v19.1 - https:\/\/yoast.com\/wordpress\/plugins\/seo\/ -->\n<title>P\u00e1gina De Inicio - \u015eato Ayakkab\u0131<\/title>\n<meta name=\"robots\" content=\"index, follow, max-snippet:-1, max-image-preview:large, max-video-preview:-1\" \/>\n<link rel=\"canonical\" href=\"https:\/\/www.satoayakkabi.com\/es\/\" \/>\n<meta property=\"og:locale\" content=\"es_ES\" \/>\n<meta property=\"og:type\" content=\"article\" \/>\n<meta property=\"og:title\" content=\"P\u00e1gina De Inicio - \u015eato Ayakkab\u0131\" \/>\n<meta property=\"og:description\" content=\"Relaci\u00f3n con el cliente Como Sato Shoes, siempre nos preocupamos por la satisfacci\u00f3n de nuestros clientes y gestionamos el proceso juntos. Socios s\u00f3lidos Elegimos cuidadosamente a nuestros proveedores y planificamos todo desde el principio para que no haya ning\u00fan problema en nuestros productos finales. Informaci\u00f3n t\u00e9cnica mundial Seguimos el mundo en t\u00e9rminos de conocimientos t\u00e9cnicos [&hellip;]\" \/>\n<meta property=\"og:url\" content=\"https:\/\/www.satoayakkabi.com\/es\/\" \/>\n<meta property=\"og:site_name\" content=\"\u015eato Ayakkab\u0131\" \/>\n<meta property=\"article:modified_time\" content=\"2022-12-08T12:15:21+00:00\" \/>\n<meta property=\"og:image\" content=\"https:\/\/www.satoayakkabi.com\/wp-content\/uploads\/2022\/10\/musteri.png\" \/>\n<meta name=\"twitter:card\" content=\"summary_large_image\" \/>\n<meta name=\"twitter:label1\" content=\"Tiempo de lectura\" \/>\n\t<meta name=\"twitter:data1\" content=\"2 minutos\" \/>\n<script type=\"application\/ld+json\" class=\"yoast-schema-graph\">{\"@context\":\"https:\/\/schema.org\",\"@graph\":[{\"@type\":\"WebSite\",\"@id\":\"https:\/\/www.satoayakkabi.com\/#website\",\"url\":\"https:\/\/www.satoayakkabi.com\/\",\"name\":\"\u015eato Ayakkab\u0131\",\"description\":\"\",\"potentialAction\":[{\"@type\":\"SearchAction\",\"target\":{\"@type\":\"EntryPoint\",\"urlTemplate\":\"https:\/\/www.satoayakkabi.com\/?s={search_term_string}\"},\"query-input\":\"required name=search_term_string\"}],\"inLanguage\":\"es\"},{\"@type\":\"ImageObject\",\"inLanguage\":\"es\",\"@id\":\"https:\/\/www.satoayakkabi.com\/es\/#primaryimage\",\"url\":\"https:\/\/www.satoayakkabi.com\/wp-content\/uploads\/2022\/10\/musteri.png\",\"contentUrl\":\"https:\/\/www.satoayakkabi.com\/wp-content\/uploads\/2022\/10\/musteri.png\",\"width\":100,\"height\":100},{\"@type\":\"WebPage\",\"@id\":\"https:\/\/www.satoayakkabi.com\/es\/#webpage\",\"url\":\"https:\/\/www.satoayakkabi.com\/es\/\",\"name\":\"P\u00e1gina De Inicio - \u015eato Ayakkab\u0131\",\"isPartOf\":{\"@id\":\"https:\/\/www.satoayakkabi.com\/#website\"},\"primaryImageOfPage\":{\"@id\":\"https:\/\/www.satoayakkabi.com\/es\/#primaryimage\"},\"datePublished\":\"2022-08-21T12:45:21+00:00\",\"dateModified\":\"2022-12-08T12:15:21+00:00\",\"breadcrumb\":{\"@id\":\"https:\/\/www.satoayakkabi.com\/es\/#breadcrumb\"},\"inLanguage\":\"es\",\"potentialAction\":[{\"@type\":\"ReadAction\",\"target\":[\"https:\/\/www.satoayakkabi.com\/es\/\"]}]},{\"@type\":\"BreadcrumbList\",\"@id\":\"https:\/\/www.satoayakkabi.com\/es\/#breadcrumb\",\"itemListElement\":[{\"@type\":\"ListItem\",\"position\":1,\"name\":\"Home\",\"item\":\"https:\/\/www.satoayakkabi.com\/es\/\"},{\"@type\":\"ListItem\",\"position\":2,\"name\":\"P\u00e1gina De Inicio\"}]}]}<\/script>\n<!-- \/ Yoast SEO plugin. -->","yoast_head_json":{"title":"P\u00e1gina De Inicio - \u015eato Ayakkab\u0131","robots":{"index":"index","follow":"follow","max-snippet":"max-snippet:-1","max-image-preview":"max-image-preview:large","max-video-preview":"max-video-preview:-1"},"canonical":"https:\/\/www.satoayakkabi.com\/es\/","og_locale":"es_ES","og_type":"article","og_title":"P\u00e1gina De Inicio - \u015eato Ayakkab\u0131","og_description":"Relaci\u00f3n con el cliente Como Sato Shoes, siempre nos preocupamos por la satisfacci\u00f3n de nuestros clientes y gestionamos el proceso juntos. Socios s\u00f3lidos Elegimos cuidadosamente a nuestros proveedores y planificamos todo desde el principio para que no haya ning\u00fan problema en nuestros productos finales. Informaci\u00f3n t\u00e9cnica mundial Seguimos el mundo en t\u00e9rminos de conocimientos t\u00e9cnicos [&hellip;]","og_url":"https:\/\/www.satoayakkabi.com\/es\/","og_site_name":"\u015eato Ayakkab\u0131","article_modified_time":"2022-12-08T12:15:21+00:00","og_image":[{"url":"https:\/\/www.satoayakkabi.com\/wp-content\/uploads\/2022\/10\/musteri.png"}],"twitter_card":"summary_large_image","twitter_misc":{"Tiempo de lectura":"2 minutos"},"schema":{"@context":"https:\/\/schema.org","@graph":[{"@type":"WebSite","@id":"https:\/\/www.satoayakkabi.com\/#website","url":"https:\/\/www.satoayakkabi.com\/","name":"\u015eato Ayakkab\u0131","description":"","potentialAction":[{"@type":"SearchAction","target":{"@type":"EntryPoint","urlTemplate":"https:\/\/www.satoayakkabi.com\/?s={search_term_string}"},"query-input":"required name=search_term_string"}],"inLanguage":"es"},{"@type":"ImageObject","inLanguage":"es","@id":"https:\/\/www.satoayakkabi.com\/es\/#primaryimage","url":"https:\/\/www.satoayakkabi.com\/wp-content\/uploads\/2022\/10\/musteri.png","contentUrl":"https:\/\/www.satoayakkabi.com\/wp-content\/uploads\/2022\/10\/musteri.png","width":100,"height":100},{"@type":"WebPage","@id":"https:\/\/www.satoayakkabi.com\/es\/#webpage","url":"https:\/\/www.satoayakkabi.com\/es\/","name":"P\u00e1gina De Inicio - \u015eato Ayakkab\u0131","isPartOf":{"@id":"https:\/\/www.satoayakkabi.com\/#website"},"primaryImageOfPage":{"@id":"https:\/\/www.satoayakkabi.com\/es\/#primaryimage"},"datePublished":"2022-08-21T12:45:21+00:00","dateModified":"2022-12-08T12:15:21+00:00","breadcrumb":{"@id":"https:\/\/www.satoayakkabi.com\/es\/#breadcrumb"},"inLanguage":"es","potentialAction":[{"@type":"ReadAction","target":["https:\/\/www.satoayakkabi.com\/es\/"]}]},{"@type":"BreadcrumbList","@id":"https:\/\/www.satoayakkabi.com\/es\/#breadcrumb","itemListElement":[{"@type":"ListItem","position":1,"name":"Home","item":"https:\/\/www.satoayakkabi.com\/es\/"},{"@type":"ListItem","position":2,"name":"P\u00e1gina De Inicio"}]}]}},"_links":{"self":[{"href":"https:\/\/www.satoayakkabi.com\/es\/wp-json\/wp\/v2\/pages\/2734","targetHints":{"allow":["GET"]}}],"collection":[{"href":"https:\/\/www.satoayakkabi.com\/es\/wp-json\/wp\/v2\/pages"}],"about":[{"href":"https:\/\/www.satoayakkabi.com\/es\/wp-json\/wp\/v2\/types\/page"}],"author":[{"embeddable":true,"href":"https:\/\/www.satoayakkabi.com\/es\/wp-json\/wp\/v2\/users\/1"}],"replies":[{"embeddable":true,"href":"https:\/\/www.satoayakkabi.com\/es\/wp-json\/wp\/v2\/comments?post=2734"}],"version-history":[{"count":13,"href":"https:\/\/www.satoayakkabi.com\/es\/wp-json\/wp\/v2\/pages\/2734\/revisions"}],"predecessor-version":[{"id":4813,"href":"https:\/\/www.satoayakkabi.com\/es\/wp-json\/wp\/v2\/pages\/2734\/revisions\/4813"}],"wp:attachment":[{"href":"https:\/\/www.satoayakkabi.com\/es\/wp-json\/wp\/v2\/media?parent=2734"}],"curies":[{"name":"wp","href":"https:\/\/api.w.org\/{rel}","templated":true}]}}