{"id":2501,"date":"2022-07-22T00:42:34","date_gmt":"2022-07-21T21:42:34","guid":{"rendered":"https:\/\/www.satoayakkabi.com\/?page_id=2501"},"modified":"2022-12-08T15:32:48","modified_gmt":"2022-12-08T12:32:48","slug":"sustainability","status":"publish","type":"page","link":"https:\/\/www.satoayakkabi.com\/en\/sustainability\/","title":{"rendered":"Sustainability"},"content":{"rendered":"\t\t<div data-elementor-type=\"wp-page\" data-elementor-id=\"2501\" class=\"elementor elementor-2501\">\n\t\t\t\t\t\t\t\t\t<section class=\"elementor-section elementor-top-section elementor-element elementor-element-f2a8271 elementor-section-boxed elementor-section-height-default elementor-section-height-default\" data-id=\"f2a8271\" data-element_type=\"section\" data-settings=\"{&quot;background_background&quot;:&quot;gradient&quot;}\">\n\t\t\t\t\t\t<div class=\"elementor-container elementor-column-gap-default\">\n\t\t\t\t\t<div class=\"elementor-column elementor-col-100 elementor-top-column elementor-element elementor-element-3b9c780 elementor-invisible\" data-id=\"3b9c780\" data-element_type=\"column\" data-settings=\"{&quot;animation&quot;:&quot;fadeInLeft&quot;}\">\n\t\t\t<div class=\"elementor-widget-wrap elementor-element-populated\">\n\t\t\t\t\t\t\t\t<div class=\"elementor-element elementor-element-490352a elementor-widget elementor-widget-text-editor\" data-id=\"490352a\" data-element_type=\"widget\" data-widget_type=\"text-editor.default\">\n\t\t\t\t<div class=\"elementor-widget-container\">\n\t\t\t<style>\/*! elementor - v3.6.6 - 08-06-2022 *\/\n.elementor-widget-text-editor.elementor-drop-cap-view-stacked .elementor-drop-cap{background-color:#818a91;color:#fff}.elementor-widget-text-editor.elementor-drop-cap-view-framed .elementor-drop-cap{color:#818a91;border:3px solid;background-color:transparent}.elementor-widget-text-editor:not(.elementor-drop-cap-view-default) .elementor-drop-cap{margin-top:8px}.elementor-widget-text-editor:not(.elementor-drop-cap-view-default) .elementor-drop-cap-letter{width:1em;height:1em}.elementor-widget-text-editor .elementor-drop-cap{float:left;text-align:center;line-height:1;font-size:50px}.elementor-widget-text-editor .elementor-drop-cap-letter{display:inline-block}<\/style>\t\t\t\t<h2 style=\"text-align: center;\"><strong>SUSTAINABILITY<\/strong><\/h2>\t\t\t\t\t\t<\/div>\n\t\t\t\t<\/div>\n\t\t\t\t<div class=\"elementor-element elementor-element-f044647 elementor-widget elementor-widget-text-editor\" data-id=\"f044647\" data-element_type=\"widget\" data-widget_type=\"text-editor.default\">\n\t\t\t\t<div class=\"elementor-widget-container\">\n\t\t\t\t\t\t\t<h3 style=\"text-align: center;\">Respect nature, protect the future!<\/h3><p style=\"text-align: center;\">As \u015eato Shoes, we care about sustainability in order to leave a more livable world to future generations by protecting the environment and using resources economically.<br \/>We create our designs by adding ecological products to our collections in line with the demands of the brands.<br \/>We are progressing by adding ORGANIC CONTENT STANDARD (OCS) and RECYCLED CLAIM STANDARD (RCS) product certificates in 2022 to the Better Cotton journey we joined in 2020 for ecological product collections.<\/p><p style=\"text-align: center;\">For a more sustainable life and better tomorrows\u2026<\/p>\t\t\t\t\t\t<\/div>\n\t\t\t\t<\/div>\n\t\t\t\t<section class=\"elementor-section elementor-inner-section elementor-element elementor-element-292d35c elementor-section-boxed elementor-section-height-default elementor-section-height-default\" data-id=\"292d35c\" data-element_type=\"section\">\n\t\t\t\t\t\t<div class=\"elementor-container elementor-column-gap-default\">\n\t\t\t\t\t<div class=\"elementor-column elementor-col-20 elementor-inner-column elementor-element elementor-element-f0148a5\" data-id=\"f0148a5\" data-element_type=\"column\">\n\t\t\t<div class=\"elementor-widget-wrap\">\n\t\t\t\t\t\t\t\t\t<\/div>\n\t\t<\/div>\n\t\t\t\t<div class=\"elementor-column elementor-col-20 elementor-inner-column elementor-element elementor-element-80ab34b\" data-id=\"80ab34b\" data-element_type=\"column\">\n\t\t\t<div class=\"elementor-widget-wrap elementor-element-populated\">\n\t\t\t\t\t\t\t\t<div class=\"elementor-element elementor-element-dd8c175 elementor-widget elementor-widget-image\" data-id=\"dd8c175\" data-element_type=\"widget\" data-widget_type=\"image.default\">\n\t\t\t\t<div class=\"elementor-widget-container\">\n\t\t\t<style>\/*! elementor - v3.6.6 - 08-06-2022 *\/\n.elementor-widget-image{text-align:center}.elementor-widget-image a{display:inline-block}.elementor-widget-image a img[src$=\".svg\"]{width:48px}.elementor-widget-image img{vertical-align:middle;display:inline-block}<\/style>\t\t\t\t\t\t\t\t\t\t\t\t<img loading=\"lazy\" decoding=\"async\" width=\"339\" height=\"339\" src=\"https:\/\/www.satoayakkabi.com\/wp-content\/uploads\/2022\/06\/Untitled-1.png\" class=\"attachment-full size-full\" alt=\"\" srcset=\"https:\/\/www.satoayakkabi.com\/wp-content\/uploads\/2022\/06\/Untitled-1.png 339w, https:\/\/www.satoayakkabi.com\/wp-content\/uploads\/2022\/06\/Untitled-1-300x300.png 300w, https:\/\/www.satoayakkabi.com\/wp-content\/uploads\/2022\/06\/Untitled-1-150x150.png 150w, https:\/\/www.satoayakkabi.com\/wp-content\/uploads\/2022\/06\/Untitled-1-100x100.png 100w\" sizes=\"auto, (max-width: 339px) 100vw, 339px\" \/>\t\t\t\t\t\t\t\t\t\t\t\t\t\t\t<\/div>\n\t\t\t\t<\/div>\n\t\t\t\t\t<\/div>\n\t\t<\/div>\n\t\t\t\t<div class=\"elementor-column elementor-col-20 elementor-inner-column elementor-element elementor-element-1aff6a8\" data-id=\"1aff6a8\" data-element_type=\"column\">\n\t\t\t<div class=\"elementor-widget-wrap elementor-element-populated\">\n\t\t\t\t\t\t\t\t<div class=\"elementor-element elementor-element-05381f8 elementor-widget elementor-widget-image\" data-id=\"05381f8\" data-element_type=\"widget\" data-widget_type=\"image.default\">\n\t\t\t\t<div class=\"elementor-widget-container\">\n\t\t\t\t\t\t\t\t\t\t\t\t\t\t\t<img loading=\"lazy\" decoding=\"async\" width=\"339\" height=\"339\" src=\"https:\/\/www.satoayakkabi.com\/wp-content\/uploads\/2022\/06\/Untitled-2.png\" class=\"attachment-large size-large\" alt=\"\" srcset=\"https:\/\/www.satoayakkabi.com\/wp-content\/uploads\/2022\/06\/Untitled-2.png 339w, https:\/\/www.satoayakkabi.com\/wp-content\/uploads\/2022\/06\/Untitled-2-300x300.png 300w, https:\/\/www.satoayakkabi.com\/wp-content\/uploads\/2022\/06\/Untitled-2-150x150.png 150w, https:\/\/www.satoayakkabi.com\/wp-content\/uploads\/2022\/06\/Untitled-2-100x100.png 100w\" sizes=\"auto, (max-width: 339px) 100vw, 339px\" \/>\t\t\t\t\t\t\t\t\t\t\t\t\t\t\t<\/div>\n\t\t\t\t<\/div>\n\t\t\t\t\t<\/div>\n\t\t<\/div>\n\t\t\t\t<div class=\"elementor-column elementor-col-20 elementor-inner-column elementor-element elementor-element-bfe0654\" data-id=\"bfe0654\" data-element_type=\"column\">\n\t\t\t<div class=\"elementor-widget-wrap elementor-element-populated\">\n\t\t\t\t\t\t\t\t<div class=\"elementor-element elementor-element-e8cc94a elementor-widget elementor-widget-image\" data-id=\"e8cc94a\" data-element_type=\"widget\" data-widget_type=\"image.default\">\n\t\t\t\t<div class=\"elementor-widget-container\">\n\t\t\t\t\t\t\t\t\t\t\t\t\t\t\t<img loading=\"lazy\" decoding=\"async\" width=\"325\" height=\"325\" src=\"https:\/\/www.satoayakkabi.com\/wp-content\/uploads\/2022\/06\/Untitled-3.png\" class=\"attachment-large size-large\" alt=\"\" srcset=\"https:\/\/www.satoayakkabi.com\/wp-content\/uploads\/2022\/06\/Untitled-3.png 325w, https:\/\/www.satoayakkabi.com\/wp-content\/uploads\/2022\/06\/Untitled-3-300x300.png 300w, https:\/\/www.satoayakkabi.com\/wp-content\/uploads\/2022\/06\/Untitled-3-150x150.png 150w, https:\/\/www.satoayakkabi.com\/wp-content\/uploads\/2022\/06\/Untitled-3-100x100.png 100w\" sizes=\"auto, (max-width: 325px) 100vw, 325px\" \/>\t\t\t\t\t\t\t\t\t\t\t\t\t\t\t<\/div>\n\t\t\t\t<\/div>\n\t\t\t\t\t<\/div>\n\t\t<\/div>\n\t\t\t\t<div class=\"elementor-column elementor-col-20 elementor-inner-column elementor-element elementor-element-7b19765\" data-id=\"7b19765\" data-element_type=\"column\">\n\t\t\t<div class=\"elementor-widget-wrap\">\n\t\t\t\t\t\t\t\t\t<\/div>\n\t\t<\/div>\n\t\t\t\t\t\t\t<\/div>\n\t\t<\/section>\n\t\t\t\t\t<\/div>\n\t\t<\/div>\n\t\t\t\t\t\t\t<\/div>\n\t\t<\/section>\n\t\t\t\t\t\t\t<\/div>\n\t\t","protected":false},"excerpt":{"rendered":"<p>SUSTAINABILITY Respect nature, protect the future! As \u015eato Shoes, we care about sustainability in order to leave a more livable world to future generations by protecting the environment and using resources economically.We create our designs by adding ecological products to our collections in line with the demands of the brands.We are progressing by adding ORGANIC [&hellip;]<\/p>\n","protected":false},"author":1,"featured_media":0,"parent":0,"menu_order":0,"comment_status":"closed","ping_status":"closed","template":"elementor_header_footer","meta":{"footnotes":""},"class_list":["post-2501","page","type-page","status-publish","hentry"],"yoast_head":"<!-- This site is optimized with the Yoast SEO plugin v19.1 - https:\/\/yoast.com\/wordpress\/plugins\/seo\/ -->\n<title>Sustainability - \u015eato Ayakkab\u0131<\/title>\n<meta name=\"robots\" content=\"index, follow, max-snippet:-1, max-image-preview:large, max-video-preview:-1\" \/>\n<link rel=\"canonical\" href=\"https:\/\/www.satoayakkabi.com\/en\/sustainability\/\" \/>\n<meta property=\"og:locale\" content=\"en_US\" \/>\n<meta property=\"og:type\" content=\"article\" \/>\n<meta property=\"og:title\" content=\"Sustainability - \u015eato Ayakkab\u0131\" \/>\n<meta property=\"og:description\" content=\"SUSTAINABILITY Respect nature, protect the future! As \u015eato Shoes, we care about sustainability in order to leave a more livable world to future generations by protecting the environment and using resources economically.We create our designs by adding ecological products to our collections in line with the demands of the brands.We are progressing by adding ORGANIC [&hellip;]\" \/>\n<meta property=\"og:url\" content=\"https:\/\/www.satoayakkabi.com\/en\/sustainability\/\" \/>\n<meta property=\"og:site_name\" content=\"\u015eato Ayakkab\u0131\" \/>\n<meta property=\"article:modified_time\" content=\"2022-12-08T12:32:48+00:00\" \/>\n<meta property=\"og:image\" content=\"https:\/\/www.satoayakkabi.com\/wp-content\/uploads\/2022\/06\/Untitled-1.png\" \/>\n<meta name=\"twitter:card\" content=\"summary_large_image\" \/>\n<meta name=\"twitter:label1\" content=\"Est. reading time\" \/>\n\t<meta name=\"twitter:data1\" content=\"2 minutes\" \/>\n<script type=\"application\/ld+json\" class=\"yoast-schema-graph\">{\"@context\":\"https:\/\/schema.org\",\"@graph\":[{\"@type\":\"WebSite\",\"@id\":\"https:\/\/www.satoayakkabi.com\/#website\",\"url\":\"https:\/\/www.satoayakkabi.com\/\",\"name\":\"\u015eato Ayakkab\u0131\",\"description\":\"\",\"potentialAction\":[{\"@type\":\"SearchAction\",\"target\":{\"@type\":\"EntryPoint\",\"urlTemplate\":\"https:\/\/www.satoayakkabi.com\/?s={search_term_string}\"},\"query-input\":\"required name=search_term_string\"}],\"inLanguage\":\"en-US\"},{\"@type\":\"ImageObject\",\"inLanguage\":\"en-US\",\"@id\":\"https:\/\/www.satoayakkabi.com\/en\/sustainability\/#primaryimage\",\"url\":\"https:\/\/www.satoayakkabi.com\/wp-content\/uploads\/2022\/06\/Untitled-1.png\",\"contentUrl\":\"https:\/\/www.satoayakkabi.com\/wp-content\/uploads\/2022\/06\/Untitled-1.png\",\"width\":339,\"height\":339},{\"@type\":\"WebPage\",\"@id\":\"https:\/\/www.satoayakkabi.com\/en\/sustainability\/#webpage\",\"url\":\"https:\/\/www.satoayakkabi.com\/en\/sustainability\/\",\"name\":\"Sustainability - \u015eato Ayakkab\u0131\",\"isPartOf\":{\"@id\":\"https:\/\/www.satoayakkabi.com\/#website\"},\"primaryImageOfPage\":{\"@id\":\"https:\/\/www.satoayakkabi.com\/en\/sustainability\/#primaryimage\"},\"datePublished\":\"2022-07-21T21:42:34+00:00\",\"dateModified\":\"2022-12-08T12:32:48+00:00\",\"breadcrumb\":{\"@id\":\"https:\/\/www.satoayakkabi.com\/en\/sustainability\/#breadcrumb\"},\"inLanguage\":\"en-US\",\"potentialAction\":[{\"@type\":\"ReadAction\",\"target\":[\"https:\/\/www.satoayakkabi.com\/en\/sustainability\/\"]}]},{\"@type\":\"BreadcrumbList\",\"@id\":\"https:\/\/www.satoayakkabi.com\/en\/sustainability\/#breadcrumb\",\"itemListElement\":[{\"@type\":\"ListItem\",\"position\":1,\"name\":\"Home\",\"item\":\"https:\/\/www.satoayakkabi.com\/en\/home\/\"},{\"@type\":\"ListItem\",\"position\":2,\"name\":\"Sustainability\"}]}]}<\/script>\n<!-- \/ Yoast SEO plugin. -->","yoast_head_json":{"title":"Sustainability - \u015eato Ayakkab\u0131","robots":{"index":"index","follow":"follow","max-snippet":"max-snippet:-1","max-image-preview":"max-image-preview:large","max-video-preview":"max-video-preview:-1"},"canonical":"https:\/\/www.satoayakkabi.com\/en\/sustainability\/","og_locale":"en_US","og_type":"article","og_title":"Sustainability - \u015eato Ayakkab\u0131","og_description":"SUSTAINABILITY Respect nature, protect the future! As \u015eato Shoes, we care about sustainability in order to leave a more livable world to future generations by protecting the environment and using resources economically.We create our designs by adding ecological products to our collections in line with the demands of the brands.We are progressing by adding ORGANIC [&hellip;]","og_url":"https:\/\/www.satoayakkabi.com\/en\/sustainability\/","og_site_name":"\u015eato Ayakkab\u0131","article_modified_time":"2022-12-08T12:32:48+00:00","og_image":[{"url":"https:\/\/www.satoayakkabi.com\/wp-content\/uploads\/2022\/06\/Untitled-1.png"}],"twitter_card":"summary_large_image","twitter_misc":{"Est. reading time":"2 minutes"},"schema":{"@context":"https:\/\/schema.org","@graph":[{"@type":"WebSite","@id":"https:\/\/www.satoayakkabi.com\/#website","url":"https:\/\/www.satoayakkabi.com\/","name":"\u015eato Ayakkab\u0131","description":"","potentialAction":[{"@type":"SearchAction","target":{"@type":"EntryPoint","urlTemplate":"https:\/\/www.satoayakkabi.com\/?s={search_term_string}"},"query-input":"required name=search_term_string"}],"inLanguage":"en-US"},{"@type":"ImageObject","inLanguage":"en-US","@id":"https:\/\/www.satoayakkabi.com\/en\/sustainability\/#primaryimage","url":"https:\/\/www.satoayakkabi.com\/wp-content\/uploads\/2022\/06\/Untitled-1.png","contentUrl":"https:\/\/www.satoayakkabi.com\/wp-content\/uploads\/2022\/06\/Untitled-1.png","width":339,"height":339},{"@type":"WebPage","@id":"https:\/\/www.satoayakkabi.com\/en\/sustainability\/#webpage","url":"https:\/\/www.satoayakkabi.com\/en\/sustainability\/","name":"Sustainability - \u015eato Ayakkab\u0131","isPartOf":{"@id":"https:\/\/www.satoayakkabi.com\/#website"},"primaryImageOfPage":{"@id":"https:\/\/www.satoayakkabi.com\/en\/sustainability\/#primaryimage"},"datePublished":"2022-07-21T21:42:34+00:00","dateModified":"2022-12-08T12:32:48+00:00","breadcrumb":{"@id":"https:\/\/www.satoayakkabi.com\/en\/sustainability\/#breadcrumb"},"inLanguage":"en-US","potentialAction":[{"@type":"ReadAction","target":["https:\/\/www.satoayakkabi.com\/en\/sustainability\/"]}]},{"@type":"BreadcrumbList","@id":"https:\/\/www.satoayakkabi.com\/en\/sustainability\/#breadcrumb","itemListElement":[{"@type":"ListItem","position":1,"name":"Home","item":"https:\/\/www.satoayakkabi.com\/en\/home\/"},{"@type":"ListItem","position":2,"name":"Sustainability"}]}]}},"_links":{"self":[{"href":"https:\/\/www.satoayakkabi.com\/en\/wp-json\/wp\/v2\/pages\/2501","targetHints":{"allow":["GET"]}}],"collection":[{"href":"https:\/\/www.satoayakkabi.com\/en\/wp-json\/wp\/v2\/pages"}],"about":[{"href":"https:\/\/www.satoayakkabi.com\/en\/wp-json\/wp\/v2\/types\/page"}],"author":[{"embeddable":true,"href":"https:\/\/www.satoayakkabi.com\/en\/wp-json\/wp\/v2\/users\/1"}],"replies":[{"embeddable":true,"href":"https:\/\/www.satoayakkabi.com\/en\/wp-json\/wp\/v2\/comments?post=2501"}],"version-history":[{"count":10,"href":"https:\/\/www.satoayakkabi.com\/en\/wp-json\/wp\/v2\/pages\/2501\/revisions"}],"predecessor-version":[{"id":4862,"href":"https:\/\/www.satoayakkabi.com\/en\/wp-json\/wp\/v2\/pages\/2501\/revisions\/4862"}],"wp:attachment":[{"href":"https:\/\/www.satoayakkabi.com\/en\/wp-json\/wp\/v2\/media?parent=2501"}],"curies":[{"name":"wp","href":"https:\/\/api.w.org\/{rel}","templated":true}]}}