{"id":2486,"date":"2022-07-22T00:35:58","date_gmt":"2022-07-21T21:35:58","guid":{"rendered":"https:\/\/www.satoayakkabi.com\/?page_id=2486"},"modified":"2022-12-01T15:52:56","modified_gmt":"2022-12-01T12:52:56","slug":"certificates","status":"publish","type":"page","link":"https:\/\/www.satoayakkabi.com\/en\/certificates\/","title":{"rendered":"Certificates"},"content":{"rendered":"\t\t<div data-elementor-type=\"wp-page\" data-elementor-id=\"2486\" class=\"elementor elementor-2486\">\n\t\t\t\t\t\t\t\t\t<section class=\"elementor-section elementor-top-section elementor-element elementor-element-1237134 elementor-section-boxed elementor-section-height-default elementor-section-height-default\" data-id=\"1237134\" data-element_type=\"section\">\n\t\t\t\t\t\t<div class=\"elementor-container elementor-column-gap-default\">\n\t\t\t\t\t<div class=\"elementor-column elementor-col-100 elementor-top-column elementor-element elementor-element-f4a406b\" data-id=\"f4a406b\" data-element_type=\"column\">\n\t\t\t<div class=\"elementor-widget-wrap elementor-element-populated\">\n\t\t\t\t\t\t\t\t<div class=\"elementor-element elementor-element-a224448 elementor-widget elementor-widget-spacer\" data-id=\"a224448\" data-element_type=\"widget\" data-widget_type=\"spacer.default\">\n\t\t\t\t<div class=\"elementor-widget-container\">\n\t\t\t<style>\/*! elementor - v3.6.6 - 08-06-2022 *\/\n.e-container.e-container--row .elementor-spacer-inner{width:var(--spacer-size)}.e-container.e-container--column .elementor-spacer-inner,.elementor-column .elementor-spacer-inner{height:var(--spacer-size)}<\/style>\t\t<div class=\"elementor-spacer\">\n\t\t\t<div class=\"elementor-spacer-inner\"><\/div>\n\t\t<\/div>\n\t\t\t\t<\/div>\n\t\t\t\t<\/div>\n\t\t\t\t<div class=\"elementor-element elementor-element-1e99909 elementor-widget elementor-widget-text-editor\" data-id=\"1e99909\" data-element_type=\"widget\" data-widget_type=\"text-editor.default\">\n\t\t\t\t<div class=\"elementor-widget-container\">\n\t\t\t<style>\/*! elementor - v3.6.6 - 08-06-2022 *\/\n.elementor-widget-text-editor.elementor-drop-cap-view-stacked .elementor-drop-cap{background-color:#818a91;color:#fff}.elementor-widget-text-editor.elementor-drop-cap-view-framed .elementor-drop-cap{color:#818a91;border:3px solid;background-color:transparent}.elementor-widget-text-editor:not(.elementor-drop-cap-view-default) .elementor-drop-cap{margin-top:8px}.elementor-widget-text-editor:not(.elementor-drop-cap-view-default) .elementor-drop-cap-letter{width:1em;height:1em}.elementor-widget-text-editor .elementor-drop-cap{float:left;text-align:center;line-height:1;font-size:50px}.elementor-widget-text-editor .elementor-drop-cap-letter{display:inline-block}<\/style>\t\t\t\t<h2 style=\"text-align: center;\"><strong>CERT\u0130F\u0130CATES<\/strong><\/h2>\t\t\t\t\t\t<\/div>\n\t\t\t\t<\/div>\n\t\t\t\t\t<\/div>\n\t\t<\/div>\n\t\t\t\t\t\t\t<\/div>\n\t\t<\/section>\n\t\t\t\t<section class=\"elementor-section elementor-top-section elementor-element elementor-element-c6ab995 elementor-section-boxed elementor-section-height-default elementor-section-height-default\" data-id=\"c6ab995\" data-element_type=\"section\" data-settings=\"{&quot;background_background&quot;:&quot;gradient&quot;}\">\n\t\t\t\t\t\t<div class=\"elementor-container elementor-column-gap-default\">\n\t\t\t\t\t<div class=\"elementor-column elementor-col-50 elementor-top-column elementor-element elementor-element-aceab03\" data-id=\"aceab03\" data-element_type=\"column\">\n\t\t\t<div class=\"elementor-widget-wrap elementor-element-populated\">\n\t\t\t\t\t\t\t\t<div class=\"elementor-element elementor-element-ff9d5d2 elementor-widget elementor-widget-image\" data-id=\"ff9d5d2\" data-element_type=\"widget\" data-widget_type=\"image.default\">\n\t\t\t\t<div class=\"elementor-widget-container\">\n\t\t\t<style>\/*! elementor - v3.6.6 - 08-06-2022 *\/\n.elementor-widget-image{text-align:center}.elementor-widget-image a{display:inline-block}.elementor-widget-image a img[src$=\".svg\"]{width:48px}.elementor-widget-image img{vertical-align:middle;display:inline-block}<\/style>\t\t\t\t\t\t\t\t\t\t\t\t<img loading=\"lazy\" decoding=\"async\" width=\"300\" height=\"108\" src=\"https:\/\/www.satoayakkabi.com\/wp-content\/uploads\/2022\/06\/bsci-300x108.png\" class=\"attachment-medium size-medium\" alt=\"\" srcset=\"https:\/\/www.satoayakkabi.com\/wp-content\/uploads\/2022\/06\/bsci-300x108.png 300w, https:\/\/www.satoayakkabi.com\/wp-content\/uploads\/2022\/06\/bsci.png 500w\" sizes=\"auto, (max-width: 300px) 100vw, 300px\" \/>\t\t\t\t\t\t\t\t\t\t\t\t\t\t\t<\/div>\n\t\t\t\t<\/div>\n\t\t\t\t\t<\/div>\n\t\t<\/div>\n\t\t\t\t<div class=\"elementor-column elementor-col-50 elementor-top-column elementor-element elementor-element-c522492\" data-id=\"c522492\" data-element_type=\"column\">\n\t\t\t<div class=\"elementor-widget-wrap elementor-element-populated\">\n\t\t\t\t\t\t\t\t<div class=\"elementor-element elementor-element-5dbb56c elementor-widget elementor-widget-image\" data-id=\"5dbb56c\" data-element_type=\"widget\" data-widget_type=\"image.default\">\n\t\t\t\t<div class=\"elementor-widget-container\">\n\t\t\t\t\t\t\t\t\t\t\t\t\t\t\t<img loading=\"lazy\" decoding=\"async\" width=\"300\" height=\"108\" src=\"https:\/\/www.satoayakkabi.com\/wp-content\/uploads\/2022\/06\/Untitled-5-300x108.png\" class=\"attachment-medium size-medium\" alt=\"\" srcset=\"https:\/\/www.satoayakkabi.com\/wp-content\/uploads\/2022\/06\/Untitled-5-300x108.png 300w, https:\/\/www.satoayakkabi.com\/wp-content\/uploads\/2022\/06\/Untitled-5.png 500w\" sizes=\"auto, (max-width: 300px) 100vw, 300px\" \/>\t\t\t\t\t\t\t\t\t\t\t\t\t\t\t<\/div>\n\t\t\t\t<\/div>\n\t\t\t\t\t<\/div>\n\t\t<\/div>\n\t\t\t\t\t\t\t<\/div>\n\t\t<\/section>\n\t\t\t\t<section class=\"elementor-section elementor-top-section elementor-element elementor-element-4f645e3 elementor-section-boxed elementor-section-height-default elementor-section-height-default\" data-id=\"4f645e3\" data-element_type=\"section\">\n\t\t\t\t\t\t<div class=\"elementor-container elementor-column-gap-default\">\n\t\t\t\t\t<div class=\"elementor-column elementor-col-50 elementor-top-column elementor-element elementor-element-fd318d7\" data-id=\"fd318d7\" data-element_type=\"column\">\n\t\t\t<div class=\"elementor-widget-wrap elementor-element-populated\">\n\t\t\t\t\t\t\t\t<div class=\"elementor-element elementor-element-b9a7bc1 elementor-widget elementor-widget-image\" data-id=\"b9a7bc1\" data-element_type=\"widget\" data-widget_type=\"image.default\">\n\t\t\t\t<div class=\"elementor-widget-container\">\n\t\t\t\t\t\t\t\t\t\t\t\t\t\t\t\t<a href=\"https:\/\/www.satoayakkabi.com\/wp-content\/uploads\/2022\/07\/sertifika.jpg\" data-elementor-open-lightbox=\"yes\" data-elementor-lightbox-title=\"sertifika\" e-action-hash=\"#elementor-action%3Aaction%3Dlightbox%26settings%3DeyJpZCI6MjM5MywidXJsIjoiaHR0cHM6XC9cL3d3dy5zYXRvYXlha2thYmkuY29tXC93cC1jb250ZW50XC91cGxvYWRzXC8yMDIyXC8wN1wvc2VydGlmaWthLmpwZyJ9\">\n\t\t\t\t\t\t\t<img loading=\"lazy\" decoding=\"async\" width=\"1536\" height=\"1187\" src=\"https:\/\/www.satoayakkabi.com\/wp-content\/uploads\/2022\/07\/sertifika.jpg\" class=\"attachment-full size-full\" alt=\"\" srcset=\"https:\/\/www.satoayakkabi.com\/wp-content\/uploads\/2022\/07\/sertifika.jpg 1536w, https:\/\/www.satoayakkabi.com\/wp-content\/uploads\/2022\/07\/sertifika-300x232.jpg 300w, https:\/\/www.satoayakkabi.com\/wp-content\/uploads\/2022\/07\/sertifika-1024x791.jpg 1024w, https:\/\/www.satoayakkabi.com\/wp-content\/uploads\/2022\/07\/sertifika-768x594.jpg 768w, https:\/\/www.satoayakkabi.com\/wp-content\/uploads\/2022\/07\/sertifika-600x464.jpg 600w\" sizes=\"auto, (max-width: 1536px) 100vw, 1536px\" \/>\t\t\t\t\t\t\t\t<\/a>\n\t\t\t\t\t\t\t\t\t\t\t\t\t\t\t<\/div>\n\t\t\t\t<\/div>\n\t\t\t\t\t<\/div>\n\t\t<\/div>\n\t\t\t\t<div class=\"elementor-column elementor-col-50 elementor-top-column elementor-element elementor-element-025f668\" data-id=\"025f668\" data-element_type=\"column\">\n\t\t\t<div class=\"elementor-widget-wrap elementor-element-populated\">\n\t\t\t\t\t\t\t\t<div class=\"elementor-element elementor-element-5759b1d elementor-widget elementor-widget-image\" data-id=\"5759b1d\" data-element_type=\"widget\" data-widget_type=\"image.default\">\n\t\t\t\t<div class=\"elementor-widget-container\">\n\t\t\t\t\t\t\t\t\t\t\t\t\t\t\t\t<a href=\"https:\/\/www.satoayakkabi.com\/wp-content\/uploads\/2022\/06\/End_Product-Manufacturer_-Chain-of-Custody-_-the-Better-Cotton-Platform..._page-0001.jpg\" data-elementor-open-lightbox=\"yes\" data-elementor-lightbox-title=\"End_Product-Manufacturer_-Chain-of-Custody-_-the-Better-Cotton-Platform..._page-0001\" e-action-hash=\"#elementor-action%3Aaction%3Dlightbox%26settings%3DeyJpZCI6MTY5MSwidXJsIjoiaHR0cHM6XC9cL3d3dy5zYXRvYXlha2thYmkuY29tXC93cC1jb250ZW50XC91cGxvYWRzXC8yMDIyXC8wNlwvRW5kX1Byb2R1Y3QtTWFudWZhY3R1cmVyXy1DaGFpbi1vZi1DdXN0b2R5LV8tdGhlLUJldHRlci1Db3R0b24tUGxhdGZvcm0uLi5fcGFnZS0wMDAxLmpwZyJ9\">\n\t\t\t\t\t\t\t<img loading=\"lazy\" decoding=\"async\" width=\"768\" height=\"593\" src=\"https:\/\/www.satoayakkabi.com\/wp-content\/uploads\/2022\/06\/End_Product-Manufacturer_-Chain-of-Custody-_-the-Better-Cotton-Platform..._page-0001-768x593.jpg\" class=\"attachment-medium_large size-medium_large\" alt=\"\" srcset=\"https:\/\/www.satoayakkabi.com\/wp-content\/uploads\/2022\/06\/End_Product-Manufacturer_-Chain-of-Custody-_-the-Better-Cotton-Platform..._page-0001-768x593.jpg 768w, https:\/\/www.satoayakkabi.com\/wp-content\/uploads\/2022\/06\/End_Product-Manufacturer_-Chain-of-Custody-_-the-Better-Cotton-Platform..._page-0001-300x232.jpg 300w, https:\/\/www.satoayakkabi.com\/wp-content\/uploads\/2022\/06\/End_Product-Manufacturer_-Chain-of-Custody-_-the-Better-Cotton-Platform..._page-0001-1024x791.jpg 1024w, https:\/\/www.satoayakkabi.com\/wp-content\/uploads\/2022\/06\/End_Product-Manufacturer_-Chain-of-Custody-_-the-Better-Cotton-Platform..._page-0001-1536x1187.jpg 1536w, https:\/\/www.satoayakkabi.com\/wp-content\/uploads\/2022\/06\/End_Product-Manufacturer_-Chain-of-Custody-_-the-Better-Cotton-Platform..._page-0001-600x464.jpg 600w, https:\/\/www.satoayakkabi.com\/wp-content\/uploads\/2022\/06\/End_Product-Manufacturer_-Chain-of-Custody-_-the-Better-Cotton-Platform..._page-0001.jpg 1650w\" sizes=\"auto, (max-width: 768px) 100vw, 768px\" \/>\t\t\t\t\t\t\t\t<\/a>\n\t\t\t\t\t\t\t\t\t\t\t\t\t\t\t<\/div>\n\t\t\t\t<\/div>\n\t\t\t\t\t<\/div>\n\t\t<\/div>\n\t\t\t\t\t\t\t<\/div>\n\t\t<\/section>\n\t\t\t\t<section class=\"elementor-section elementor-top-section elementor-element elementor-element-7adc7ca elementor-section-boxed elementor-section-height-default elementor-section-height-default\" data-id=\"7adc7ca\" data-element_type=\"section\">\n\t\t\t\t\t\t<div class=\"elementor-container elementor-column-gap-default\">\n\t\t\t\t\t<div class=\"elementor-column elementor-col-50 elementor-top-column elementor-element elementor-element-cfb4bf9\" data-id=\"cfb4bf9\" data-element_type=\"column\">\n\t\t\t<div class=\"elementor-widget-wrap elementor-element-populated\">\n\t\t\t\t\t\t\t\t<div class=\"elementor-element elementor-element-1bf33b5 elementor-widget elementor-widget-image\" data-id=\"1bf33b5\" data-element_type=\"widget\" data-widget_type=\"image.default\">\n\t\t\t\t<div class=\"elementor-widget-container\">\n\t\t\t\t\t\t\t\t\t\t\t\t\t\t\t\t<a href=\"https:\/\/www.satoayakkabi.com\/wp-content\/uploads\/2022\/09\/40641-2022-RCS-SC-MC-1-1.jpg\">\n\t\t\t\t\t\t\t<img loading=\"lazy\" decoding=\"async\" width=\"500\" height=\"341\" src=\"https:\/\/www.satoayakkabi.com\/wp-content\/uploads\/2022\/11\/ser1.jpg\" class=\"attachment-full size-full\" alt=\"\" srcset=\"https:\/\/www.satoayakkabi.com\/wp-content\/uploads\/2022\/11\/ser1.jpg 500w, https:\/\/www.satoayakkabi.com\/wp-content\/uploads\/2022\/11\/ser1-300x205.jpg 300w\" sizes=\"auto, (max-width: 500px) 100vw, 500px\" \/>\t\t\t\t\t\t\t\t<\/a>\n\t\t\t\t\t\t\t\t\t\t\t\t\t\t\t<\/div>\n\t\t\t\t<\/div>\n\t\t\t\t\t<\/div>\n\t\t<\/div>\n\t\t\t\t<div class=\"elementor-column elementor-col-50 elementor-top-column elementor-element elementor-element-3544e9c\" data-id=\"3544e9c\" data-element_type=\"column\">\n\t\t\t<div class=\"elementor-widget-wrap elementor-element-populated\">\n\t\t\t\t\t\t\t\t<div class=\"elementor-element elementor-element-8040cf5 elementor-widget elementor-widget-image\" data-id=\"8040cf5\" data-element_type=\"widget\" data-widget_type=\"image.default\">\n\t\t\t\t<div class=\"elementor-widget-container\">\n\t\t\t\t\t\t\t\t\t\t\t\t\t\t\t\t<a href=\"https:\/\/www.satoayakkabi.com\/wp-content\/uploads\/elementor\/thumbs\/40641-2022.03-OCS-SC-MC-1-puupirhck3xcj86fp599bs3pd7rdu0ngvz44s4ccym.jpg\">\n\t\t\t\t\t\t\t<img loading=\"lazy\" decoding=\"async\" width=\"500\" height=\"341\" src=\"https:\/\/www.satoayakkabi.com\/wp-content\/uploads\/2022\/11\/ser2.jpg\" class=\"attachment-full size-full\" alt=\"\" srcset=\"https:\/\/www.satoayakkabi.com\/wp-content\/uploads\/2022\/11\/ser2.jpg 500w, https:\/\/www.satoayakkabi.com\/wp-content\/uploads\/2022\/11\/ser2-300x205.jpg 300w\" sizes=\"auto, (max-width: 500px) 100vw, 500px\" \/>\t\t\t\t\t\t\t\t<\/a>\n\t\t\t\t\t\t\t\t\t\t\t\t\t\t\t<\/div>\n\t\t\t\t<\/div>\n\t\t\t\t\t<\/div>\n\t\t<\/div>\n\t\t\t\t\t\t\t<\/div>\n\t\t<\/section>\n\t\t\t\t<section class=\"elementor-section elementor-top-section elementor-element elementor-element-9130265 elementor-section-boxed elementor-section-height-default elementor-section-height-default\" data-id=\"9130265\" data-element_type=\"section\">\n\t\t\t\t\t\t<div class=\"elementor-container elementor-column-gap-default\">\n\t\t\t\t\t<div class=\"elementor-column elementor-col-100 elementor-top-column elementor-element elementor-element-95c5c07\" data-id=\"95c5c07\" data-element_type=\"column\">\n\t\t\t<div class=\"elementor-widget-wrap elementor-element-populated\">\n\t\t\t\t\t\t\t\t<div class=\"elementor-element elementor-element-743046e elementor-widget elementor-widget-spacer\" data-id=\"743046e\" data-element_type=\"widget\" data-widget_type=\"spacer.default\">\n\t\t\t\t<div class=\"elementor-widget-container\">\n\t\t\t\t\t<div class=\"elementor-spacer\">\n\t\t\t<div class=\"elementor-spacer-inner\"><\/div>\n\t\t<\/div>\n\t\t\t\t<\/div>\n\t\t\t\t<\/div>\n\t\t\t\t\t<\/div>\n\t\t<\/div>\n\t\t\t\t\t\t\t<\/div>\n\t\t<\/section>\n\t\t\t\t\t\t\t<\/div>\n\t\t","protected":false},"excerpt":{"rendered":"<p>CERT\u0130F\u0130CATES<\/p>\n","protected":false},"author":1,"featured_media":0,"parent":0,"menu_order":0,"comment_status":"closed","ping_status":"closed","template":"elementor_header_footer","meta":{"footnotes":""},"class_list":["post-2486","page","type-page","status-publish","hentry"],"yoast_head":"<!-- This site is optimized with the Yoast SEO plugin v19.1 - https:\/\/yoast.com\/wordpress\/plugins\/seo\/ -->\n<title>Certificates - \u015eato Ayakkab\u0131<\/title>\n<meta name=\"robots\" content=\"index, follow, max-snippet:-1, max-image-preview:large, max-video-preview:-1\" \/>\n<link rel=\"canonical\" href=\"https:\/\/www.satoayakkabi.com\/en\/certificates\/\" \/>\n<meta property=\"og:locale\" content=\"en_US\" \/>\n<meta property=\"og:type\" content=\"article\" \/>\n<meta property=\"og:title\" content=\"Certificates - \u015eato Ayakkab\u0131\" \/>\n<meta property=\"og:description\" content=\"CERT\u0130F\u0130CATES\" \/>\n<meta property=\"og:url\" content=\"https:\/\/www.satoayakkabi.com\/en\/certificates\/\" \/>\n<meta property=\"og:site_name\" content=\"\u015eato Ayakkab\u0131\" \/>\n<meta property=\"article:modified_time\" content=\"2022-12-01T12:52:56+00:00\" \/>\n<meta property=\"og:image\" content=\"https:\/\/www.satoayakkabi.com\/wp-content\/uploads\/2022\/06\/bsci-300x108.png\" \/>\n<meta name=\"twitter:card\" content=\"summary_large_image\" \/>\n<meta name=\"twitter:label1\" content=\"Est. reading time\" \/>\n\t<meta name=\"twitter:data1\" content=\"2 minutes\" \/>\n<script type=\"application\/ld+json\" class=\"yoast-schema-graph\">{\"@context\":\"https:\/\/schema.org\",\"@graph\":[{\"@type\":\"WebSite\",\"@id\":\"https:\/\/www.satoayakkabi.com\/#website\",\"url\":\"https:\/\/www.satoayakkabi.com\/\",\"name\":\"\u015eato Ayakkab\u0131\",\"description\":\"\",\"potentialAction\":[{\"@type\":\"SearchAction\",\"target\":{\"@type\":\"EntryPoint\",\"urlTemplate\":\"https:\/\/www.satoayakkabi.com\/?s={search_term_string}\"},\"query-input\":\"required name=search_term_string\"}],\"inLanguage\":\"en-US\"},{\"@type\":\"ImageObject\",\"inLanguage\":\"en-US\",\"@id\":\"https:\/\/www.satoayakkabi.com\/en\/certificates\/#primaryimage\",\"url\":\"https:\/\/www.satoayakkabi.com\/wp-content\/uploads\/2022\/06\/bsci.png\",\"contentUrl\":\"https:\/\/www.satoayakkabi.com\/wp-content\/uploads\/2022\/06\/bsci.png\",\"width\":500,\"height\":180},{\"@type\":\"WebPage\",\"@id\":\"https:\/\/www.satoayakkabi.com\/en\/certificates\/#webpage\",\"url\":\"https:\/\/www.satoayakkabi.com\/en\/certificates\/\",\"name\":\"Certificates - \u015eato Ayakkab\u0131\",\"isPartOf\":{\"@id\":\"https:\/\/www.satoayakkabi.com\/#website\"},\"primaryImageOfPage\":{\"@id\":\"https:\/\/www.satoayakkabi.com\/en\/certificates\/#primaryimage\"},\"datePublished\":\"2022-07-21T21:35:58+00:00\",\"dateModified\":\"2022-12-01T12:52:56+00:00\",\"breadcrumb\":{\"@id\":\"https:\/\/www.satoayakkabi.com\/en\/certificates\/#breadcrumb\"},\"inLanguage\":\"en-US\",\"potentialAction\":[{\"@type\":\"ReadAction\",\"target\":[\"https:\/\/www.satoayakkabi.com\/en\/certificates\/\"]}]},{\"@type\":\"BreadcrumbList\",\"@id\":\"https:\/\/www.satoayakkabi.com\/en\/certificates\/#breadcrumb\",\"itemListElement\":[{\"@type\":\"ListItem\",\"position\":1,\"name\":\"Home\",\"item\":\"https:\/\/www.satoayakkabi.com\/en\/home\/\"},{\"@type\":\"ListItem\",\"position\":2,\"name\":\"Certificates\"}]}]}<\/script>\n<!-- \/ Yoast SEO plugin. -->","yoast_head_json":{"title":"Certificates - \u015eato Ayakkab\u0131","robots":{"index":"index","follow":"follow","max-snippet":"max-snippet:-1","max-image-preview":"max-image-preview:large","max-video-preview":"max-video-preview:-1"},"canonical":"https:\/\/www.satoayakkabi.com\/en\/certificates\/","og_locale":"en_US","og_type":"article","og_title":"Certificates - \u015eato Ayakkab\u0131","og_description":"CERT\u0130F\u0130CATES","og_url":"https:\/\/www.satoayakkabi.com\/en\/certificates\/","og_site_name":"\u015eato Ayakkab\u0131","article_modified_time":"2022-12-01T12:52:56+00:00","og_image":[{"url":"https:\/\/www.satoayakkabi.com\/wp-content\/uploads\/2022\/06\/bsci-300x108.png"}],"twitter_card":"summary_large_image","twitter_misc":{"Est. reading time":"2 minutes"},"schema":{"@context":"https:\/\/schema.org","@graph":[{"@type":"WebSite","@id":"https:\/\/www.satoayakkabi.com\/#website","url":"https:\/\/www.satoayakkabi.com\/","name":"\u015eato Ayakkab\u0131","description":"","potentialAction":[{"@type":"SearchAction","target":{"@type":"EntryPoint","urlTemplate":"https:\/\/www.satoayakkabi.com\/?s={search_term_string}"},"query-input":"required name=search_term_string"}],"inLanguage":"en-US"},{"@type":"ImageObject","inLanguage":"en-US","@id":"https:\/\/www.satoayakkabi.com\/en\/certificates\/#primaryimage","url":"https:\/\/www.satoayakkabi.com\/wp-content\/uploads\/2022\/06\/bsci.png","contentUrl":"https:\/\/www.satoayakkabi.com\/wp-content\/uploads\/2022\/06\/bsci.png","width":500,"height":180},{"@type":"WebPage","@id":"https:\/\/www.satoayakkabi.com\/en\/certificates\/#webpage","url":"https:\/\/www.satoayakkabi.com\/en\/certificates\/","name":"Certificates - \u015eato Ayakkab\u0131","isPartOf":{"@id":"https:\/\/www.satoayakkabi.com\/#website"},"primaryImageOfPage":{"@id":"https:\/\/www.satoayakkabi.com\/en\/certificates\/#primaryimage"},"datePublished":"2022-07-21T21:35:58+00:00","dateModified":"2022-12-01T12:52:56+00:00","breadcrumb":{"@id":"https:\/\/www.satoayakkabi.com\/en\/certificates\/#breadcrumb"},"inLanguage":"en-US","potentialAction":[{"@type":"ReadAction","target":["https:\/\/www.satoayakkabi.com\/en\/certificates\/"]}]},{"@type":"BreadcrumbList","@id":"https:\/\/www.satoayakkabi.com\/en\/certificates\/#breadcrumb","itemListElement":[{"@type":"ListItem","position":1,"name":"Home","item":"https:\/\/www.satoayakkabi.com\/en\/home\/"},{"@type":"ListItem","position":2,"name":"Certificates"}]}]}},"_links":{"self":[{"href":"https:\/\/www.satoayakkabi.com\/en\/wp-json\/wp\/v2\/pages\/2486","targetHints":{"allow":["GET"]}}],"collection":[{"href":"https:\/\/www.satoayakkabi.com\/en\/wp-json\/wp\/v2\/pages"}],"about":[{"href":"https:\/\/www.satoayakkabi.com\/en\/wp-json\/wp\/v2\/types\/page"}],"author":[{"embeddable":true,"href":"https:\/\/www.satoayakkabi.com\/en\/wp-json\/wp\/v2\/users\/1"}],"replies":[{"embeddable":true,"href":"https:\/\/www.satoayakkabi.com\/en\/wp-json\/wp\/v2\/comments?post=2486"}],"version-history":[{"count":7,"href":"https:\/\/www.satoayakkabi.com\/en\/wp-json\/wp\/v2\/pages\/2486\/revisions"}],"predecessor-version":[{"id":4520,"href":"https:\/\/www.satoayakkabi.com\/en\/wp-json\/wp\/v2\/pages\/2486\/revisions\/4520"}],"wp:attachment":[{"href":"https:\/\/www.satoayakkabi.com\/en\/wp-json\/wp\/v2\/media?parent=2486"}],"curies":[{"name":"wp","href":"https:\/\/api.w.org\/{rel}","templated":true}]}}