{"id":4415,"date":"2022-12-01T14:18:02","date_gmt":"2022-12-01T11:18:02","guid":{"rendered":"https:\/\/www.satoayakkabi.com\/?page_id=4415"},"modified":"2022-12-08T15:47:44","modified_gmt":"2022-12-08T12:47:44","slug":"nachrichten","status":"publish","type":"page","link":"https:\/\/www.satoayakkabi.com\/de\/nachrichten\/","title":{"rendered":"Nachrichten"},"content":{"rendered":"\t\t<div data-elementor-type=\"wp-page\" data-elementor-id=\"4415\" class=\"elementor elementor-4415\">\n\t\t\t\t\t\t\t\t\t<section class=\"elementor-section elementor-top-section elementor-element elementor-element-b293bd4 elementor-section-boxed elementor-section-height-default elementor-section-height-default\" data-id=\"b293bd4\" data-element_type=\"section\">\n\t\t\t\t\t\t<div class=\"elementor-container elementor-column-gap-default\">\n\t\t\t\t\t<div class=\"elementor-column elementor-col-100 elementor-top-column elementor-element elementor-element-922fbde\" data-id=\"922fbde\" data-element_type=\"column\">\n\t\t\t<div class=\"elementor-widget-wrap elementor-element-populated\">\n\t\t\t\t\t\t\t\t<div class=\"elementor-element elementor-element-0f74365 elementor-widget elementor-widget-text-editor\" data-id=\"0f74365\" data-element_type=\"widget\" data-widget_type=\"text-editor.default\">\n\t\t\t\t<div class=\"elementor-widget-container\">\n\t\t\t<style>\/*! elementor - v3.6.6 - 08-06-2022 *\/\n.elementor-widget-text-editor.elementor-drop-cap-view-stacked .elementor-drop-cap{background-color:#818a91;color:#fff}.elementor-widget-text-editor.elementor-drop-cap-view-framed .elementor-drop-cap{color:#818a91;border:3px solid;background-color:transparent}.elementor-widget-text-editor:not(.elementor-drop-cap-view-default) .elementor-drop-cap{margin-top:8px}.elementor-widget-text-editor:not(.elementor-drop-cap-view-default) .elementor-drop-cap-letter{width:1em;height:1em}.elementor-widget-text-editor .elementor-drop-cap{float:left;text-align:center;line-height:1;font-size:50px}.elementor-widget-text-editor .elementor-drop-cap-letter{display:inline-block}<\/style>\t\t\t\t<h2 style=\"text-align: center;\"><strong>NEUIGKEITEN VON UNS<\/strong><\/h2>\t\t\t\t\t\t<\/div>\n\t\t\t\t<\/div>\n\t\t\t\t\t<\/div>\n\t\t<\/div>\n\t\t\t\t\t\t\t<\/div>\n\t\t<\/section>\n\t\t\t\t<section class=\"elementor-section elementor-top-section elementor-element elementor-element-fe85f85 elementor-section-boxed elementor-section-height-default elementor-section-height-default\" data-id=\"fe85f85\" data-element_type=\"section\">\n\t\t\t\t\t\t<div class=\"elementor-container elementor-column-gap-default\">\n\t\t\t\t\t<div class=\"elementor-column elementor-col-100 elementor-top-column elementor-element elementor-element-7406dcc\" data-id=\"7406dcc\" data-element_type=\"column\">\n\t\t\t<div class=\"elementor-widget-wrap elementor-element-populated\">\n\t\t\t\t\t\t\t\t<div class=\"elementor-element elementor-element-7d0fd3f elementor-widget elementor-widget-text-editor\" data-id=\"7d0fd3f\" data-element_type=\"widget\" data-widget_type=\"text-editor.default\">\n\t\t\t\t<div class=\"elementor-widget-container\">\n\t\t\t\t\t\t\t<h3>Auszeichnungen<\/h3><div id=\"gtx-trans\" style=\"position: absolute; left: -34px; top: 43.7188px;\"><div class=\"gtx-trans-icon\">\u00a0<\/div><\/div>\t\t\t\t\t\t<\/div>\n\t\t\t\t<\/div>\n\t\t\t\t\t<\/div>\n\t\t<\/div>\n\t\t\t\t\t\t\t<\/div>\n\t\t<\/section>\n\t\t\t\t<section class=\"elementor-section elementor-top-section elementor-element elementor-element-6e34998 elementor-section-boxed elementor-section-height-default elementor-section-height-default\" data-id=\"6e34998\" data-element_type=\"section\">\n\t\t\t\t\t\t<div class=\"elementor-container elementor-column-gap-default\">\n\t\t\t\t\t<div class=\"elementor-column elementor-col-25 elementor-top-column elementor-element elementor-element-46360ac\" data-id=\"46360ac\" data-element_type=\"column\" data-settings=\"{&quot;animation&quot;:&quot;none&quot;}\">\n\t\t\t<div class=\"elementor-widget-wrap elementor-element-populated\">\n\t\t\t\t\t\t\t\t<div class=\"elementor-element elementor-element-cd3086d elementor-invisible elementor-widget elementor-widget-image\" data-id=\"cd3086d\" data-element_type=\"widget\" data-settings=\"{&quot;_animation&quot;:&quot;zoomIn&quot;}\" data-widget_type=\"image.default\">\n\t\t\t\t<div class=\"elementor-widget-container\">\n\t\t\t<style>\/*! elementor - v3.6.6 - 08-06-2022 *\/\n.elementor-widget-image{text-align:center}.elementor-widget-image a{display:inline-block}.elementor-widget-image a img[src$=\".svg\"]{width:48px}.elementor-widget-image img{vertical-align:middle;display:inline-block}<\/style>\t\t\t\t\t\t\t\t\t\t\t\t<img loading=\"lazy\" decoding=\"async\" width=\"1000\" height=\"1000\" src=\"https:\/\/www.satoayakkabi.com\/wp-content\/uploads\/2022\/09\/oduldekupe4.png\" class=\"elementor-animation-pulse-shrink attachment-full size-full\" alt=\"\" srcset=\"https:\/\/www.satoayakkabi.com\/wp-content\/uploads\/2022\/09\/oduldekupe4.png 1000w, https:\/\/www.satoayakkabi.com\/wp-content\/uploads\/2022\/09\/oduldekupe4-300x300.png 300w, https:\/\/www.satoayakkabi.com\/wp-content\/uploads\/2022\/09\/oduldekupe4-150x150.png 150w, https:\/\/www.satoayakkabi.com\/wp-content\/uploads\/2022\/09\/oduldekupe4-768x768.png 768w, https:\/\/www.satoayakkabi.com\/wp-content\/uploads\/2022\/09\/oduldekupe4-600x600.png 600w, https:\/\/www.satoayakkabi.com\/wp-content\/uploads\/2022\/09\/oduldekupe4-100x100.png 100w\" sizes=\"auto, (max-width: 1000px) 100vw, 1000px\" \/>\t\t\t\t\t\t\t\t\t\t\t\t\t\t\t<\/div>\n\t\t\t\t<\/div>\n\t\t\t\t<div class=\"elementor-element elementor-element-a4dd3d6 elementor-widget elementor-widget-text-editor\" data-id=\"a4dd3d6\" data-element_type=\"widget\" data-widget_type=\"text-editor.default\">\n\t\t\t\t<div class=\"elementor-widget-container\">\n\t\t\t\t\t\t\t<h5 class=\"post-title\" style=\"text-align: center; color: #000;\">2020 Exportauszeichnungen<\/h5>\t\t\t\t\t\t<\/div>\n\t\t\t\t<\/div>\n\t\t\t\t\t<\/div>\n\t\t<\/div>\n\t\t\t\t<div class=\"elementor-column elementor-col-25 elementor-top-column elementor-element elementor-element-fbb59ed\" data-id=\"fbb59ed\" data-element_type=\"column\">\n\t\t\t<div class=\"elementor-widget-wrap elementor-element-populated\">\n\t\t\t\t\t\t\t\t<div class=\"elementor-element elementor-element-8c9d665 elementor-invisible elementor-widget elementor-widget-image\" data-id=\"8c9d665\" data-element_type=\"widget\" data-settings=\"{&quot;_animation&quot;:&quot;zoomIn&quot;}\" data-widget_type=\"image.default\">\n\t\t\t\t<div class=\"elementor-widget-container\">\n\t\t\t\t\t\t\t\t\t\t\t\t\t\t\t<img loading=\"lazy\" decoding=\"async\" width=\"1000\" height=\"1000\" src=\"https:\/\/www.satoayakkabi.com\/wp-content\/uploads\/2022\/09\/oduldekupe2.png\" class=\"elementor-animation-pulse-shrink attachment-full size-full\" alt=\"\" srcset=\"https:\/\/www.satoayakkabi.com\/wp-content\/uploads\/2022\/09\/oduldekupe2.png 1000w, https:\/\/www.satoayakkabi.com\/wp-content\/uploads\/2022\/09\/oduldekupe2-300x300.png 300w, https:\/\/www.satoayakkabi.com\/wp-content\/uploads\/2022\/09\/oduldekupe2-150x150.png 150w, https:\/\/www.satoayakkabi.com\/wp-content\/uploads\/2022\/09\/oduldekupe2-768x768.png 768w, https:\/\/www.satoayakkabi.com\/wp-content\/uploads\/2022\/09\/oduldekupe2-600x600.png 600w, https:\/\/www.satoayakkabi.com\/wp-content\/uploads\/2022\/09\/oduldekupe2-100x100.png 100w\" sizes=\"auto, (max-width: 1000px) 100vw, 1000px\" \/>\t\t\t\t\t\t\t\t\t\t\t\t\t\t\t<\/div>\n\t\t\t\t<\/div>\n\t\t\t\t<div class=\"elementor-element elementor-element-7b8bc01 elementor-widget elementor-widget-text-editor\" data-id=\"7b8bc01\" data-element_type=\"widget\" data-widget_type=\"text-editor.default\">\n\t\t\t\t<div class=\"elementor-widget-container\">\n\t\t\t\t\t\t\t<h5 class=\"post-title\" style=\"text-align: center;\"><span style=\"color: #000000;\">2019 Leder und Lederwaren Export Support Award<\/span><\/h5>\t\t\t\t\t\t<\/div>\n\t\t\t\t<\/div>\n\t\t\t\t\t<\/div>\n\t\t<\/div>\n\t\t\t\t<div class=\"elementor-column elementor-col-25 elementor-top-column elementor-element elementor-element-e4debf3\" data-id=\"e4debf3\" data-element_type=\"column\">\n\t\t\t<div class=\"elementor-widget-wrap elementor-element-populated\">\n\t\t\t\t\t\t\t\t<div class=\"elementor-element elementor-element-e431426 elementor-invisible elementor-widget elementor-widget-image\" data-id=\"e431426\" data-element_type=\"widget\" data-settings=\"{&quot;_animation&quot;:&quot;zoomIn&quot;}\" data-widget_type=\"image.default\">\n\t\t\t\t<div class=\"elementor-widget-container\">\n\t\t\t\t\t\t\t\t\t\t\t\t\t\t\t<img loading=\"lazy\" decoding=\"async\" width=\"300\" height=\"300\" src=\"https:\/\/www.satoayakkabi.com\/wp-content\/uploads\/2022\/09\/oduldekupe-300x300.png\" class=\"elementor-animation-pulse-shrink attachment-shop_catalog size-shop_catalog\" alt=\"\" srcset=\"https:\/\/www.satoayakkabi.com\/wp-content\/uploads\/2022\/09\/oduldekupe-300x300.png 300w, https:\/\/www.satoayakkabi.com\/wp-content\/uploads\/2022\/09\/oduldekupe-150x150.png 150w, https:\/\/www.satoayakkabi.com\/wp-content\/uploads\/2022\/09\/oduldekupe-768x768.png 768w, https:\/\/www.satoayakkabi.com\/wp-content\/uploads\/2022\/09\/oduldekupe-600x600.png 600w, https:\/\/www.satoayakkabi.com\/wp-content\/uploads\/2022\/09\/oduldekupe-100x100.png 100w, https:\/\/www.satoayakkabi.com\/wp-content\/uploads\/2022\/09\/oduldekupe.png 1000w\" sizes=\"auto, (max-width: 300px) 100vw, 300px\" \/>\t\t\t\t\t\t\t\t\t\t\t\t\t\t\t<\/div>\n\t\t\t\t<\/div>\n\t\t\t\t<div class=\"elementor-element elementor-element-100eb82 elementor-widget elementor-widget-text-editor\" data-id=\"100eb82\" data-element_type=\"widget\" data-widget_type=\"text-editor.default\">\n\t\t\t\t<div class=\"elementor-widget-container\">\n\t\t\t\t\t\t\t<h5 class=\"post-title\" style=\"text-align: center;\"><span style=\"color: #000000;\">2017 Branchenf\u00fchrer f\u00fcr Leder, Pelz und Schuhe<\/span><\/h5>\t\t\t\t\t\t<\/div>\n\t\t\t\t<\/div>\n\t\t\t\t<div class=\"elementor-element elementor-element-96ff119 elementor-button-info elementor-align-center elementor-widget elementor-widget-button\" data-id=\"96ff119\" data-element_type=\"widget\" data-widget_type=\"button.default\">\n\t\t\t\t<div class=\"elementor-widget-container\">\n\t\t\t\t\t<div class=\"elementor-button-wrapper\">\n\t\t\t<a href=\"\/de\/2017-branchenfuehrer-fuer-leder-pelz-und-schuhe\/\" class=\"elementor-button-link elementor-button elementor-size-lg\" role=\"button\">\n\t\t\t\t\t\t<span class=\"elementor-button-content-wrapper\">\n\t\t\t\t\t\t<span class=\"elementor-button-text\">mehr<\/span>\n\t\t<\/span>\n\t\t\t\t\t<\/a>\n\t\t<\/div>\n\t\t\t\t<\/div>\n\t\t\t\t<\/div>\n\t\t\t\t\t<\/div>\n\t\t<\/div>\n\t\t\t\t<div class=\"elementor-column elementor-col-25 elementor-top-column elementor-element elementor-element-38b42b4\" data-id=\"38b42b4\" data-element_type=\"column\">\n\t\t\t<div class=\"elementor-widget-wrap\">\n\t\t\t\t\t\t\t\t\t<\/div>\n\t\t<\/div>\n\t\t\t\t\t\t\t<\/div>\n\t\t<\/section>\n\t\t\t\t<section class=\"elementor-section elementor-top-section elementor-element elementor-element-cc847e0 elementor-section-boxed elementor-section-height-default elementor-section-height-default\" data-id=\"cc847e0\" data-element_type=\"section\">\n\t\t\t\t\t\t<div class=\"elementor-container elementor-column-gap-default\">\n\t\t\t\t\t<div class=\"elementor-column elementor-col-100 elementor-top-column elementor-element elementor-element-01ae4cf\" data-id=\"01ae4cf\" data-element_type=\"column\">\n\t\t\t<div class=\"elementor-widget-wrap elementor-element-populated\">\n\t\t\t\t\t\t\t\t<div class=\"elementor-element elementor-element-342f3eb elementor-widget elementor-widget-spacer\" data-id=\"342f3eb\" data-element_type=\"widget\" data-widget_type=\"spacer.default\">\n\t\t\t\t<div class=\"elementor-widget-container\">\n\t\t\t<style>\/*! elementor - v3.6.6 - 08-06-2022 *\/\n.e-container.e-container--row .elementor-spacer-inner{width:var(--spacer-size)}.e-container.e-container--column .elementor-spacer-inner,.elementor-column .elementor-spacer-inner{height:var(--spacer-size)}<\/style>\t\t<div class=\"elementor-spacer\">\n\t\t\t<div class=\"elementor-spacer-inner\"><\/div>\n\t\t<\/div>\n\t\t\t\t<\/div>\n\t\t\t\t<\/div>\n\t\t\t\t\t<\/div>\n\t\t<\/div>\n\t\t\t\t\t\t\t<\/div>\n\t\t<\/section>\n\t\t\t\t<section class=\"elementor-section elementor-top-section elementor-element elementor-element-3ff25d8 elementor-section-boxed elementor-section-height-default elementor-section-height-default\" data-id=\"3ff25d8\" data-element_type=\"section\">\n\t\t\t\t\t\t<div class=\"elementor-container elementor-column-gap-default\">\n\t\t\t\t\t<div class=\"elementor-column elementor-col-100 elementor-top-column elementor-element elementor-element-810ddac\" data-id=\"810ddac\" data-element_type=\"column\">\n\t\t\t<div class=\"elementor-widget-wrap elementor-element-populated\">\n\t\t\t\t\t\t\t\t<div class=\"elementor-element elementor-element-7398cd9 elementor-widget elementor-widget-text-editor\" data-id=\"7398cd9\" data-element_type=\"widget\" data-widget_type=\"text-editor.default\">\n\t\t\t\t<div class=\"elementor-widget-container\">\n\t\t\t\t\t\t\t<h3>Neuigkeiten Von Uns<\/h3>\t\t\t\t\t\t<\/div>\n\t\t\t\t<\/div>\n\t\t\t\t\t<\/div>\n\t\t<\/div>\n\t\t\t\t\t\t\t<\/div>\n\t\t<\/section>\n\t\t\t\t<section class=\"elementor-section elementor-top-section elementor-element elementor-element-a24c6ed elementor-section-boxed elementor-section-height-default elementor-section-height-default\" data-id=\"a24c6ed\" data-element_type=\"section\">\n\t\t\t\t\t\t<div class=\"elementor-container elementor-column-gap-default\">\n\t\t\t\t\t<div class=\"elementor-column elementor-col-25 elementor-top-column elementor-element elementor-element-87d4a8a\" data-id=\"87d4a8a\" data-element_type=\"column\">\n\t\t\t<div class=\"elementor-widget-wrap elementor-element-populated\">\n\t\t\t\t\t\t\t\t<div class=\"elementor-element elementor-element-3748a62 elementor-invisible elementor-widget elementor-widget-image\" data-id=\"3748a62\" data-element_type=\"widget\" data-settings=\"{&quot;_animation&quot;:&quot;zoomIn&quot;}\" data-widget_type=\"image.default\">\n\t\t\t\t<div class=\"elementor-widget-container\">\n\t\t\t\t\t\t\t\t\t\t\t\t\t\t\t<img loading=\"lazy\" decoding=\"async\" width=\"899\" height=\"899\" src=\"https:\/\/www.satoayakkabi.com\/wp-content\/uploads\/2022\/11\/derslik1.jpg\" class=\"elementor-animation-pulse-shrink attachment-full size-full\" alt=\"\" srcset=\"https:\/\/www.satoayakkabi.com\/wp-content\/uploads\/2022\/11\/derslik1.jpg 899w, https:\/\/www.satoayakkabi.com\/wp-content\/uploads\/2022\/11\/derslik1-300x300.jpg 300w, https:\/\/www.satoayakkabi.com\/wp-content\/uploads\/2022\/11\/derslik1-150x150.jpg 150w, https:\/\/www.satoayakkabi.com\/wp-content\/uploads\/2022\/11\/derslik1-768x768.jpg 768w, https:\/\/www.satoayakkabi.com\/wp-content\/uploads\/2022\/11\/derslik1-600x600.jpg 600w, https:\/\/www.satoayakkabi.com\/wp-content\/uploads\/2022\/11\/derslik1-100x100.jpg 100w\" sizes=\"auto, (max-width: 899px) 100vw, 899px\" \/>\t\t\t\t\t\t\t\t\t\t\t\t\t\t\t<\/div>\n\t\t\t\t<\/div>\n\t\t\t\t<div class=\"elementor-element elementor-element-45b87be elementor-widget elementor-widget-text-editor\" data-id=\"45b87be\" data-element_type=\"widget\" data-widget_type=\"text-editor.default\">\n\t\t\t\t<div class=\"elementor-widget-container\">\n\t\t\t\t\t\t\t<h5 class=\"post-title\" style=\"text-align: center;\"><span style=\"color: #000000;\">Unterst\u00fctzung der Universit\u00e4t Uluda\u011f<\/span><\/h5>\t\t\t\t\t\t<\/div>\n\t\t\t\t<\/div>\n\t\t\t\t<div class=\"elementor-element elementor-element-5e93f07 elementor-button-info elementor-align-center elementor-widget elementor-widget-button\" data-id=\"5e93f07\" data-element_type=\"widget\" data-widget_type=\"button.default\">\n\t\t\t\t<div class=\"elementor-widget-container\">\n\t\t\t\t\t<div class=\"elementor-button-wrapper\">\n\t\t\t<a href=\"\/de\/unterstuetzung-der-universitaet-uludag\/\" class=\"elementor-button-link elementor-button elementor-size-lg\" role=\"button\">\n\t\t\t\t\t\t<span class=\"elementor-button-content-wrapper\">\n\t\t\t\t\t\t<span class=\"elementor-button-text\">mehr<\/span>\n\t\t<\/span>\n\t\t\t\t\t<\/a>\n\t\t<\/div>\n\t\t\t\t<\/div>\n\t\t\t\t<\/div>\n\t\t\t\t\t<\/div>\n\t\t<\/div>\n\t\t\t\t<div class=\"elementor-column elementor-col-25 elementor-top-column elementor-element elementor-element-8c11ddf\" data-id=\"8c11ddf\" data-element_type=\"column\">\n\t\t\t<div class=\"elementor-widget-wrap\">\n\t\t\t\t\t\t\t\t\t<\/div>\n\t\t<\/div>\n\t\t\t\t<div class=\"elementor-column elementor-col-25 elementor-top-column elementor-element elementor-element-e5e2454\" data-id=\"e5e2454\" data-element_type=\"column\">\n\t\t\t<div class=\"elementor-widget-wrap\">\n\t\t\t\t\t\t\t\t\t<\/div>\n\t\t<\/div>\n\t\t\t\t<div class=\"elementor-column elementor-col-25 elementor-top-column elementor-element elementor-element-856ebf1\" data-id=\"856ebf1\" data-element_type=\"column\">\n\t\t\t<div class=\"elementor-widget-wrap\">\n\t\t\t\t\t\t\t\t\t<\/div>\n\t\t<\/div>\n\t\t\t\t\t\t\t<\/div>\n\t\t<\/section>\n\t\t\t\t<section class=\"elementor-section elementor-top-section elementor-element elementor-element-8b1c92b elementor-section-boxed elementor-section-height-default elementor-section-height-default\" data-id=\"8b1c92b\" data-element_type=\"section\">\n\t\t\t\t\t\t<div class=\"elementor-container elementor-column-gap-default\">\n\t\t\t\t\t<div class=\"elementor-column elementor-col-100 elementor-top-column elementor-element elementor-element-daf0ab9\" data-id=\"daf0ab9\" data-element_type=\"column\">\n\t\t\t<div class=\"elementor-widget-wrap elementor-element-populated\">\n\t\t\t\t\t\t\t\t<div class=\"elementor-element elementor-element-768fb1b elementor-widget elementor-widget-spacer\" data-id=\"768fb1b\" data-element_type=\"widget\" data-widget_type=\"spacer.default\">\n\t\t\t\t<div class=\"elementor-widget-container\">\n\t\t\t\t\t<div class=\"elementor-spacer\">\n\t\t\t<div class=\"elementor-spacer-inner\"><\/div>\n\t\t<\/div>\n\t\t\t\t<\/div>\n\t\t\t\t<\/div>\n\t\t\t\t\t<\/div>\n\t\t<\/div>\n\t\t\t\t\t\t\t<\/div>\n\t\t<\/section>\n\t\t\t\t\t\t\t<\/div>\n\t\t","protected":false},"excerpt":{"rendered":"<p>NEUIGKEITEN VON UNS Auszeichnungen \u00a0 2020 Exportauszeichnungen 2019 Leder und Lederwaren Export Support Award 2017 Branchenf\u00fchrer f\u00fcr Leder, Pelz und Schuhe mehr Neuigkeiten Von Uns Unterst\u00fctzung der Universit\u00e4t Uluda\u011f mehr<\/p>\n","protected":false},"author":1,"featured_media":0,"parent":0,"menu_order":0,"comment_status":"closed","ping_status":"closed","template":"elementor_header_footer","meta":{"footnotes":""},"class_list":["post-4415","page","type-page","status-publish","hentry"],"yoast_head":"<!-- This site is optimized with the Yoast SEO plugin v19.1 - https:\/\/yoast.com\/wordpress\/plugins\/seo\/ -->\n<title>Nachrichten - \u015eato Ayakkab\u0131<\/title>\n<meta name=\"robots\" content=\"index, follow, max-snippet:-1, max-image-preview:large, max-video-preview:-1\" \/>\n<link rel=\"canonical\" href=\"https:\/\/www.satoayakkabi.com\/de\/nachrichten\/\" \/>\n<meta property=\"og:locale\" content=\"de_DE\" \/>\n<meta property=\"og:type\" content=\"article\" \/>\n<meta property=\"og:title\" content=\"Nachrichten - \u015eato Ayakkab\u0131\" \/>\n<meta property=\"og:description\" content=\"NEUIGKEITEN VON UNS Auszeichnungen \u00a0 2020 Exportauszeichnungen 2019 Leder und Lederwaren Export Support Award 2017 Branchenf\u00fchrer f\u00fcr Leder, Pelz und Schuhe mehr Neuigkeiten Von Uns Unterst\u00fctzung der Universit\u00e4t Uluda\u011f mehr\" \/>\n<meta property=\"og:url\" content=\"https:\/\/www.satoayakkabi.com\/de\/nachrichten\/\" \/>\n<meta property=\"og:site_name\" content=\"\u015eato Ayakkab\u0131\" \/>\n<meta property=\"article:modified_time\" content=\"2022-12-08T12:47:44+00:00\" \/>\n<meta property=\"og:image\" content=\"https:\/\/www.satoayakkabi.com\/wp-content\/uploads\/2022\/09\/oduldekupe4.png\" \/>\n<meta name=\"twitter:card\" content=\"summary_large_image\" \/>\n<meta name=\"twitter:label1\" content=\"Gesch\u00e4tzte Lesezeit\" \/>\n\t<meta name=\"twitter:data1\" content=\"1\u00a0Minute\" \/>\n<script type=\"application\/ld+json\" class=\"yoast-schema-graph\">{\"@context\":\"https:\/\/schema.org\",\"@graph\":[{\"@type\":\"WebSite\",\"@id\":\"https:\/\/www.satoayakkabi.com\/#website\",\"url\":\"https:\/\/www.satoayakkabi.com\/\",\"name\":\"\u015eato Ayakkab\u0131\",\"description\":\"\",\"potentialAction\":[{\"@type\":\"SearchAction\",\"target\":{\"@type\":\"EntryPoint\",\"urlTemplate\":\"https:\/\/www.satoayakkabi.com\/?s={search_term_string}\"},\"query-input\":\"required name=search_term_string\"}],\"inLanguage\":\"de\"},{\"@type\":\"ImageObject\",\"inLanguage\":\"de\",\"@id\":\"https:\/\/www.satoayakkabi.com\/de\/nachrichten\/#primaryimage\",\"url\":\"https:\/\/www.satoayakkabi.com\/wp-content\/uploads\/2022\/09\/oduldekupe4.png\",\"contentUrl\":\"https:\/\/www.satoayakkabi.com\/wp-content\/uploads\/2022\/09\/oduldekupe4.png\",\"width\":1000,\"height\":1000},{\"@type\":\"WebPage\",\"@id\":\"https:\/\/www.satoayakkabi.com\/de\/nachrichten\/#webpage\",\"url\":\"https:\/\/www.satoayakkabi.com\/de\/nachrichten\/\",\"name\":\"Nachrichten - \u015eato Ayakkab\u0131\",\"isPartOf\":{\"@id\":\"https:\/\/www.satoayakkabi.com\/#website\"},\"primaryImageOfPage\":{\"@id\":\"https:\/\/www.satoayakkabi.com\/de\/nachrichten\/#primaryimage\"},\"datePublished\":\"2022-12-01T11:18:02+00:00\",\"dateModified\":\"2022-12-08T12:47:44+00:00\",\"breadcrumb\":{\"@id\":\"https:\/\/www.satoayakkabi.com\/de\/nachrichten\/#breadcrumb\"},\"inLanguage\":\"de\",\"potentialAction\":[{\"@type\":\"ReadAction\",\"target\":[\"https:\/\/www.satoayakkabi.com\/de\/nachrichten\/\"]}]},{\"@type\":\"BreadcrumbList\",\"@id\":\"https:\/\/www.satoayakkabi.com\/de\/nachrichten\/#breadcrumb\",\"itemListElement\":[{\"@type\":\"ListItem\",\"position\":1,\"name\":\"Home\",\"item\":\"https:\/\/www.satoayakkabi.com\/de\/startseite\/\"},{\"@type\":\"ListItem\",\"position\":2,\"name\":\"Nachrichten\"}]}]}<\/script>\n<!-- \/ Yoast SEO plugin. -->","yoast_head_json":{"title":"Nachrichten - \u015eato Ayakkab\u0131","robots":{"index":"index","follow":"follow","max-snippet":"max-snippet:-1","max-image-preview":"max-image-preview:large","max-video-preview":"max-video-preview:-1"},"canonical":"https:\/\/www.satoayakkabi.com\/de\/nachrichten\/","og_locale":"de_DE","og_type":"article","og_title":"Nachrichten - \u015eato Ayakkab\u0131","og_description":"NEUIGKEITEN VON UNS Auszeichnungen \u00a0 2020 Exportauszeichnungen 2019 Leder und Lederwaren Export Support Award 2017 Branchenf\u00fchrer f\u00fcr Leder, Pelz und Schuhe mehr Neuigkeiten Von Uns Unterst\u00fctzung der Universit\u00e4t Uluda\u011f mehr","og_url":"https:\/\/www.satoayakkabi.com\/de\/nachrichten\/","og_site_name":"\u015eato Ayakkab\u0131","article_modified_time":"2022-12-08T12:47:44+00:00","og_image":[{"url":"https:\/\/www.satoayakkabi.com\/wp-content\/uploads\/2022\/09\/oduldekupe4.png"}],"twitter_card":"summary_large_image","twitter_misc":{"Gesch\u00e4tzte Lesezeit":"1\u00a0Minute"},"schema":{"@context":"https:\/\/schema.org","@graph":[{"@type":"WebSite","@id":"https:\/\/www.satoayakkabi.com\/#website","url":"https:\/\/www.satoayakkabi.com\/","name":"\u015eato Ayakkab\u0131","description":"","potentialAction":[{"@type":"SearchAction","target":{"@type":"EntryPoint","urlTemplate":"https:\/\/www.satoayakkabi.com\/?s={search_term_string}"},"query-input":"required name=search_term_string"}],"inLanguage":"de"},{"@type":"ImageObject","inLanguage":"de","@id":"https:\/\/www.satoayakkabi.com\/de\/nachrichten\/#primaryimage","url":"https:\/\/www.satoayakkabi.com\/wp-content\/uploads\/2022\/09\/oduldekupe4.png","contentUrl":"https:\/\/www.satoayakkabi.com\/wp-content\/uploads\/2022\/09\/oduldekupe4.png","width":1000,"height":1000},{"@type":"WebPage","@id":"https:\/\/www.satoayakkabi.com\/de\/nachrichten\/#webpage","url":"https:\/\/www.satoayakkabi.com\/de\/nachrichten\/","name":"Nachrichten - \u015eato Ayakkab\u0131","isPartOf":{"@id":"https:\/\/www.satoayakkabi.com\/#website"},"primaryImageOfPage":{"@id":"https:\/\/www.satoayakkabi.com\/de\/nachrichten\/#primaryimage"},"datePublished":"2022-12-01T11:18:02+00:00","dateModified":"2022-12-08T12:47:44+00:00","breadcrumb":{"@id":"https:\/\/www.satoayakkabi.com\/de\/nachrichten\/#breadcrumb"},"inLanguage":"de","potentialAction":[{"@type":"ReadAction","target":["https:\/\/www.satoayakkabi.com\/de\/nachrichten\/"]}]},{"@type":"BreadcrumbList","@id":"https:\/\/www.satoayakkabi.com\/de\/nachrichten\/#breadcrumb","itemListElement":[{"@type":"ListItem","position":1,"name":"Home","item":"https:\/\/www.satoayakkabi.com\/de\/startseite\/"},{"@type":"ListItem","position":2,"name":"Nachrichten"}]}]}},"_links":{"self":[{"href":"https:\/\/www.satoayakkabi.com\/de\/wp-json\/wp\/v2\/pages\/4415","targetHints":{"allow":["GET"]}}],"collection":[{"href":"https:\/\/www.satoayakkabi.com\/de\/wp-json\/wp\/v2\/pages"}],"about":[{"href":"https:\/\/www.satoayakkabi.com\/de\/wp-json\/wp\/v2\/types\/page"}],"author":[{"embeddable":true,"href":"https:\/\/www.satoayakkabi.com\/de\/wp-json\/wp\/v2\/users\/1"}],"replies":[{"embeddable":true,"href":"https:\/\/www.satoayakkabi.com\/de\/wp-json\/wp\/v2\/comments?post=4415"}],"version-history":[{"count":11,"href":"https:\/\/www.satoayakkabi.com\/de\/wp-json\/wp\/v2\/pages\/4415\/revisions"}],"predecessor-version":[{"id":4908,"href":"https:\/\/www.satoayakkabi.com\/de\/wp-json\/wp\/v2\/pages\/4415\/revisions\/4908"}],"wp:attachment":[{"href":"https:\/\/www.satoayakkabi.com\/de\/wp-json\/wp\/v2\/media?parent=4415"}],"curies":[{"name":"wp","href":"https:\/\/api.w.org\/{rel}","templated":true}]}}