{"id":4364,"date":"2022-11-30T13:51:59","date_gmt":"2022-11-30T10:51:59","guid":{"rendered":"https:\/\/www.satoayakkabi.com\/?page_id=4364"},"modified":"2022-12-08T15:31:48","modified_gmt":"2022-12-08T12:31:48","slug":"burg-schuhe","status":"publish","type":"page","link":"https:\/\/www.satoayakkabi.com\/de\/burg-schuhe\/","title":{"rendered":"Burg Schuhe"},"content":{"rendered":"\t\t<div data-elementor-type=\"wp-page\" data-elementor-id=\"4364\" class=\"elementor elementor-4364\">\n\t\t\t\t\t\t\t\t\t<section class=\"elementor-section elementor-top-section elementor-element elementor-element-fcaf511 elementor-section-boxed elementor-section-height-default elementor-section-height-default\" data-id=\"fcaf511\" data-element_type=\"section\">\n\t\t\t\t\t\t<div class=\"elementor-container elementor-column-gap-default\">\n\t\t\t\t\t<div class=\"elementor-column elementor-col-100 elementor-top-column elementor-element elementor-element-1eca45d\" data-id=\"1eca45d\" data-element_type=\"column\">\n\t\t\t<div class=\"elementor-widget-wrap elementor-element-populated\">\n\t\t\t\t\t\t\t\t<div class=\"elementor-element elementor-element-b231daa elementor-widget elementor-widget-text-editor\" data-id=\"b231daa\" data-element_type=\"widget\" data-widget_type=\"text-editor.default\">\n\t\t\t\t<div class=\"elementor-widget-container\">\n\t\t\t<style>\/*! elementor - v3.6.6 - 08-06-2022 *\/\n.elementor-widget-text-editor.elementor-drop-cap-view-stacked .elementor-drop-cap{background-color:#818a91;color:#fff}.elementor-widget-text-editor.elementor-drop-cap-view-framed .elementor-drop-cap{color:#818a91;border:3px solid;background-color:transparent}.elementor-widget-text-editor:not(.elementor-drop-cap-view-default) .elementor-drop-cap{margin-top:8px}.elementor-widget-text-editor:not(.elementor-drop-cap-view-default) .elementor-drop-cap-letter{width:1em;height:1em}.elementor-widget-text-editor .elementor-drop-cap{float:left;text-align:center;line-height:1;font-size:50px}.elementor-widget-text-editor .elementor-drop-cap-letter{display:inline-block}<\/style>\t\t\t\t<h2 style=\"text-align: center;\"><strong>BURG SCHUHE<\/strong><\/h2>\t\t\t\t\t\t<\/div>\n\t\t\t\t<\/div>\n\t\t\t\t\t<\/div>\n\t\t<\/div>\n\t\t\t\t\t\t\t<\/div>\n\t\t<\/section>\n\t\t\t\t<section class=\"elementor-section elementor-top-section elementor-element elementor-element-53803c5 elementor-section-boxed elementor-section-height-default elementor-section-height-default\" data-id=\"53803c5\" data-element_type=\"section\">\n\t\t\t\t\t\t<div class=\"elementor-container elementor-column-gap-default\">\n\t\t\t\t\t<div class=\"elementor-column elementor-col-100 elementor-top-column elementor-element elementor-element-ccbe2a2\" data-id=\"ccbe2a2\" data-element_type=\"column\">\n\t\t\t<div class=\"elementor-widget-wrap elementor-element-populated\">\n\t\t\t\t\t\t\t\t<div class=\"elementor-element elementor-element-9a85b30 elementor-invisible elementor-widget elementor-widget-text-editor\" data-id=\"9a85b30\" data-element_type=\"widget\" data-settings=\"{&quot;_animation&quot;:&quot;fadeInRight&quot;}\" data-widget_type=\"text-editor.default\">\n\t\t\t\t<div class=\"elementor-widget-container\">\n\t\t\t\t\t\t\t<p>Unser Unternehmen begann seine T\u00e4tigkeit im Februar 2022.<\/p><p>Anzahl der Mitarbeiter: 154 Mitarbeiter<br \/>Produktionsprozess: Das Oberleder wird gen\u00e4ht.<br \/>Produktionskapazit\u00e4t: 3600 Paare \/ Tag<\/p><p>Unser Unternehmen vereint Handwerk und moderne Produktionstechnologien im Rahmen der traditionellen Schuhherstellung unter einem Dach. Die Transformation unter Beibehaltung der traditionellen Werte der Schuhherstellung ist unser zentraler Ausgangspunkt.<\/p>\t\t\t\t\t\t<\/div>\n\t\t\t\t<\/div>\n\t\t\t\t\t<\/div>\n\t\t<\/div>\n\t\t\t\t\t\t\t<\/div>\n\t\t<\/section>\n\t\t\t\t\t\t\t<\/div>\n\t\t","protected":false},"excerpt":{"rendered":"<p>BURG SCHUHE Unser Unternehmen begann seine T\u00e4tigkeit im Februar 2022. Anzahl der Mitarbeiter: 154 MitarbeiterProduktionsprozess: Das Oberleder wird gen\u00e4ht.Produktionskapazit\u00e4t: 3600 Paare \/ Tag Unser Unternehmen vereint Handwerk und moderne Produktionstechnologien im Rahmen der traditionellen Schuhherstellung unter einem Dach. Die Transformation unter Beibehaltung der traditionellen Werte der Schuhherstellung ist unser zentraler Ausgangspunkt.<\/p>\n","protected":false},"author":1,"featured_media":0,"parent":0,"menu_order":0,"comment_status":"closed","ping_status":"closed","template":"elementor_header_footer","meta":{"footnotes":""},"class_list":["post-4364","page","type-page","status-publish","hentry"],"yoast_head":"<!-- This site is optimized with the Yoast SEO plugin v19.1 - https:\/\/yoast.com\/wordpress\/plugins\/seo\/ -->\n<title>Burg Schuhe - \u015eato Ayakkab\u0131<\/title>\n<meta name=\"robots\" content=\"index, follow, max-snippet:-1, max-image-preview:large, max-video-preview:-1\" \/>\n<link rel=\"canonical\" href=\"https:\/\/www.satoayakkabi.com\/de\/burg-schuhe\/\" \/>\n<meta property=\"og:locale\" content=\"de_DE\" \/>\n<meta property=\"og:type\" content=\"article\" \/>\n<meta property=\"og:title\" content=\"Burg Schuhe - \u015eato Ayakkab\u0131\" \/>\n<meta property=\"og:description\" content=\"BURG SCHUHE Unser Unternehmen begann seine T\u00e4tigkeit im Februar 2022. Anzahl der Mitarbeiter: 154 MitarbeiterProduktionsprozess: Das Oberleder wird gen\u00e4ht.Produktionskapazit\u00e4t: 3600 Paare \/ Tag Unser Unternehmen vereint Handwerk und moderne Produktionstechnologien im Rahmen der traditionellen Schuhherstellung unter einem Dach. Die Transformation unter Beibehaltung der traditionellen Werte der Schuhherstellung ist unser zentraler Ausgangspunkt.\" \/>\n<meta property=\"og:url\" content=\"https:\/\/www.satoayakkabi.com\/de\/burg-schuhe\/\" \/>\n<meta property=\"og:site_name\" content=\"\u015eato Ayakkab\u0131\" \/>\n<meta property=\"article:modified_time\" content=\"2022-12-08T12:31:48+00:00\" \/>\n<meta name=\"twitter:card\" content=\"summary_large_image\" \/>\n<meta name=\"twitter:label1\" content=\"Gesch\u00e4tzte Lesezeit\" \/>\n\t<meta name=\"twitter:data1\" content=\"1\u00a0Minute\" \/>\n<script type=\"application\/ld+json\" class=\"yoast-schema-graph\">{\"@context\":\"https:\/\/schema.org\",\"@graph\":[{\"@type\":\"WebSite\",\"@id\":\"https:\/\/www.satoayakkabi.com\/#website\",\"url\":\"https:\/\/www.satoayakkabi.com\/\",\"name\":\"\u015eato Ayakkab\u0131\",\"description\":\"\",\"potentialAction\":[{\"@type\":\"SearchAction\",\"target\":{\"@type\":\"EntryPoint\",\"urlTemplate\":\"https:\/\/www.satoayakkabi.com\/?s={search_term_string}\"},\"query-input\":\"required name=search_term_string\"}],\"inLanguage\":\"de\"},{\"@type\":\"WebPage\",\"@id\":\"https:\/\/www.satoayakkabi.com\/de\/burg-schuhe\/#webpage\",\"url\":\"https:\/\/www.satoayakkabi.com\/de\/burg-schuhe\/\",\"name\":\"Burg Schuhe - \u015eato Ayakkab\u0131\",\"isPartOf\":{\"@id\":\"https:\/\/www.satoayakkabi.com\/#website\"},\"datePublished\":\"2022-11-30T10:51:59+00:00\",\"dateModified\":\"2022-12-08T12:31:48+00:00\",\"breadcrumb\":{\"@id\":\"https:\/\/www.satoayakkabi.com\/de\/burg-schuhe\/#breadcrumb\"},\"inLanguage\":\"de\",\"potentialAction\":[{\"@type\":\"ReadAction\",\"target\":[\"https:\/\/www.satoayakkabi.com\/de\/burg-schuhe\/\"]}]},{\"@type\":\"BreadcrumbList\",\"@id\":\"https:\/\/www.satoayakkabi.com\/de\/burg-schuhe\/#breadcrumb\",\"itemListElement\":[{\"@type\":\"ListItem\",\"position\":1,\"name\":\"Home\",\"item\":\"https:\/\/www.satoayakkabi.com\/de\/startseite\/\"},{\"@type\":\"ListItem\",\"position\":2,\"name\":\"Burg Schuhe\"}]}]}<\/script>\n<!-- \/ Yoast SEO plugin. -->","yoast_head_json":{"title":"Burg Schuhe - \u015eato Ayakkab\u0131","robots":{"index":"index","follow":"follow","max-snippet":"max-snippet:-1","max-image-preview":"max-image-preview:large","max-video-preview":"max-video-preview:-1"},"canonical":"https:\/\/www.satoayakkabi.com\/de\/burg-schuhe\/","og_locale":"de_DE","og_type":"article","og_title":"Burg Schuhe - \u015eato Ayakkab\u0131","og_description":"BURG SCHUHE Unser Unternehmen begann seine T\u00e4tigkeit im Februar 2022. Anzahl der Mitarbeiter: 154 MitarbeiterProduktionsprozess: Das Oberleder wird gen\u00e4ht.Produktionskapazit\u00e4t: 3600 Paare \/ Tag Unser Unternehmen vereint Handwerk und moderne Produktionstechnologien im Rahmen der traditionellen Schuhherstellung unter einem Dach. Die Transformation unter Beibehaltung der traditionellen Werte der Schuhherstellung ist unser zentraler Ausgangspunkt.","og_url":"https:\/\/www.satoayakkabi.com\/de\/burg-schuhe\/","og_site_name":"\u015eato Ayakkab\u0131","article_modified_time":"2022-12-08T12:31:48+00:00","twitter_card":"summary_large_image","twitter_misc":{"Gesch\u00e4tzte Lesezeit":"1\u00a0Minute"},"schema":{"@context":"https:\/\/schema.org","@graph":[{"@type":"WebSite","@id":"https:\/\/www.satoayakkabi.com\/#website","url":"https:\/\/www.satoayakkabi.com\/","name":"\u015eato Ayakkab\u0131","description":"","potentialAction":[{"@type":"SearchAction","target":{"@type":"EntryPoint","urlTemplate":"https:\/\/www.satoayakkabi.com\/?s={search_term_string}"},"query-input":"required name=search_term_string"}],"inLanguage":"de"},{"@type":"WebPage","@id":"https:\/\/www.satoayakkabi.com\/de\/burg-schuhe\/#webpage","url":"https:\/\/www.satoayakkabi.com\/de\/burg-schuhe\/","name":"Burg Schuhe - \u015eato Ayakkab\u0131","isPartOf":{"@id":"https:\/\/www.satoayakkabi.com\/#website"},"datePublished":"2022-11-30T10:51:59+00:00","dateModified":"2022-12-08T12:31:48+00:00","breadcrumb":{"@id":"https:\/\/www.satoayakkabi.com\/de\/burg-schuhe\/#breadcrumb"},"inLanguage":"de","potentialAction":[{"@type":"ReadAction","target":["https:\/\/www.satoayakkabi.com\/de\/burg-schuhe\/"]}]},{"@type":"BreadcrumbList","@id":"https:\/\/www.satoayakkabi.com\/de\/burg-schuhe\/#breadcrumb","itemListElement":[{"@type":"ListItem","position":1,"name":"Home","item":"https:\/\/www.satoayakkabi.com\/de\/startseite\/"},{"@type":"ListItem","position":2,"name":"Burg Schuhe"}]}]}},"_links":{"self":[{"href":"https:\/\/www.satoayakkabi.com\/de\/wp-json\/wp\/v2\/pages\/4364","targetHints":{"allow":["GET"]}}],"collection":[{"href":"https:\/\/www.satoayakkabi.com\/de\/wp-json\/wp\/v2\/pages"}],"about":[{"href":"https:\/\/www.satoayakkabi.com\/de\/wp-json\/wp\/v2\/types\/page"}],"author":[{"embeddable":true,"href":"https:\/\/www.satoayakkabi.com\/de\/wp-json\/wp\/v2\/users\/1"}],"replies":[{"embeddable":true,"href":"https:\/\/www.satoayakkabi.com\/de\/wp-json\/wp\/v2\/comments?post=4364"}],"version-history":[{"count":13,"href":"https:\/\/www.satoayakkabi.com\/de\/wp-json\/wp\/v2\/pages\/4364\/revisions"}],"predecessor-version":[{"id":4858,"href":"https:\/\/www.satoayakkabi.com\/de\/wp-json\/wp\/v2\/pages\/4364\/revisions\/4858"}],"wp:attachment":[{"href":"https:\/\/www.satoayakkabi.com\/de\/wp-json\/wp\/v2\/media?parent=4364"}],"curies":[{"name":"wp","href":"https:\/\/api.w.org\/{rel}","templated":true}]}}