{"id":2680,"date":"2022-08-17T15:03:29","date_gmt":"2022-08-17T12:03:29","guid":{"rendered":"https:\/\/www.satoayakkabi.com\/?page_id=2680"},"modified":"2022-12-08T15:34:42","modified_gmt":"2022-12-08T12:34:42","slug":"nachhaltigkeit","status":"publish","type":"page","link":"https:\/\/www.satoayakkabi.com\/de\/nachhaltigkeit\/","title":{"rendered":"Nachhaltigkeit"},"content":{"rendered":"\t\t<div data-elementor-type=\"wp-page\" data-elementor-id=\"2680\" class=\"elementor elementor-2680\">\n\t\t\t\t\t\t\t\t\t<section class=\"elementor-section elementor-top-section elementor-element elementor-element-1dbe23e elementor-section-boxed elementor-section-height-default elementor-section-height-default\" data-id=\"1dbe23e\" data-element_type=\"section\" data-settings=\"{&quot;background_background&quot;:&quot;gradient&quot;}\">\n\t\t\t\t\t\t<div class=\"elementor-container elementor-column-gap-default\">\n\t\t\t\t\t<div class=\"elementor-column elementor-col-100 elementor-top-column elementor-element elementor-element-3c5fc1d elementor-invisible\" data-id=\"3c5fc1d\" data-element_type=\"column\" data-settings=\"{&quot;animation&quot;:&quot;fadeInLeft&quot;}\">\n\t\t\t<div class=\"elementor-widget-wrap elementor-element-populated\">\n\t\t\t\t\t\t\t\t<div class=\"elementor-element elementor-element-6e39ade elementor-widget elementor-widget-text-editor\" data-id=\"6e39ade\" data-element_type=\"widget\" data-widget_type=\"text-editor.default\">\n\t\t\t\t<div class=\"elementor-widget-container\">\n\t\t\t<style>\/*! elementor - v3.6.6 - 08-06-2022 *\/\n.elementor-widget-text-editor.elementor-drop-cap-view-stacked .elementor-drop-cap{background-color:#818a91;color:#fff}.elementor-widget-text-editor.elementor-drop-cap-view-framed .elementor-drop-cap{color:#818a91;border:3px solid;background-color:transparent}.elementor-widget-text-editor:not(.elementor-drop-cap-view-default) .elementor-drop-cap{margin-top:8px}.elementor-widget-text-editor:not(.elementor-drop-cap-view-default) .elementor-drop-cap-letter{width:1em;height:1em}.elementor-widget-text-editor .elementor-drop-cap{float:left;text-align:center;line-height:1;font-size:50px}.elementor-widget-text-editor .elementor-drop-cap-letter{display:inline-block}<\/style>\t\t\t\t<h2 style=\"text-align: center;\"><strong>NACHHALTIGKEIT<\/strong><\/h2>\t\t\t\t\t\t<\/div>\n\t\t\t\t<\/div>\n\t\t\t\t<div class=\"elementor-element elementor-element-cc4323d elementor-widget elementor-widget-text-editor\" data-id=\"cc4323d\" data-element_type=\"widget\" data-widget_type=\"text-editor.default\">\n\t\t\t\t<div class=\"elementor-widget-container\">\n\t\t\t\t\t\t\t<p style=\"text-align: center;\">Als \u015eATO AYAKKABI legen wir Wert auf Nachhaltigkeit, um die Umwelt zu sch\u00fctzen und zuk\u00fcnftigen Generationen eine lebenswertere Welt durch die wirtschaftliche Nutzung von Ressourcen zu hinterlassen.<\/p><p style=\"text-align: center;\">Entsprechend den Anforderungen der Marken erstellen wir unsere Designs, indem wir unseren Kollektionen \u00f6kologische Produkte hinzuf\u00fcgen. Auf unserer Reise Better Cotton vom Jahr 2020 f\u00fcr \u00f6kologische Produktkollektionen gehen wir voran, indem wir 2022 die Produktzertifizierungen organic CONTENT Standard (OCS) und RECYCLED CLAIM Standard (RCS) hinzuf\u00fcgen.<\/p><p style=\"text-align: center;\">F\u00fcr ein nachhaltigeres Leben und eine bessere Zukunft\u2026<\/p>\t\t\t\t\t\t<\/div>\n\t\t\t\t<\/div>\n\t\t\t\t<section class=\"elementor-section elementor-inner-section elementor-element elementor-element-bfe6bc9 elementor-section-boxed elementor-section-height-default elementor-section-height-default\" data-id=\"bfe6bc9\" data-element_type=\"section\">\n\t\t\t\t\t\t<div class=\"elementor-container elementor-column-gap-default\">\n\t\t\t\t\t<div class=\"elementor-column elementor-col-20 elementor-inner-column elementor-element elementor-element-0a7d68f\" data-id=\"0a7d68f\" data-element_type=\"column\">\n\t\t\t<div class=\"elementor-widget-wrap\">\n\t\t\t\t\t\t\t\t\t<\/div>\n\t\t<\/div>\n\t\t\t\t<div class=\"elementor-column elementor-col-20 elementor-inner-column elementor-element elementor-element-7990639\" data-id=\"7990639\" data-element_type=\"column\">\n\t\t\t<div class=\"elementor-widget-wrap elementor-element-populated\">\n\t\t\t\t\t\t\t\t<div class=\"elementor-element elementor-element-d8327d5 elementor-widget elementor-widget-image\" data-id=\"d8327d5\" data-element_type=\"widget\" data-widget_type=\"image.default\">\n\t\t\t\t<div class=\"elementor-widget-container\">\n\t\t\t<style>\/*! elementor - v3.6.6 - 08-06-2022 *\/\n.elementor-widget-image{text-align:center}.elementor-widget-image a{display:inline-block}.elementor-widget-image a img[src$=\".svg\"]{width:48px}.elementor-widget-image img{vertical-align:middle;display:inline-block}<\/style>\t\t\t\t\t\t\t\t\t\t\t\t<img loading=\"lazy\" decoding=\"async\" width=\"339\" height=\"339\" src=\"https:\/\/www.satoayakkabi.com\/wp-content\/uploads\/2022\/06\/Untitled-1.png\" class=\"attachment-full size-full\" alt=\"\" srcset=\"https:\/\/www.satoayakkabi.com\/wp-content\/uploads\/2022\/06\/Untitled-1.png 339w, https:\/\/www.satoayakkabi.com\/wp-content\/uploads\/2022\/06\/Untitled-1-300x300.png 300w, https:\/\/www.satoayakkabi.com\/wp-content\/uploads\/2022\/06\/Untitled-1-150x150.png 150w, https:\/\/www.satoayakkabi.com\/wp-content\/uploads\/2022\/06\/Untitled-1-100x100.png 100w\" sizes=\"auto, (max-width: 339px) 100vw, 339px\" \/>\t\t\t\t\t\t\t\t\t\t\t\t\t\t\t<\/div>\n\t\t\t\t<\/div>\n\t\t\t\t\t<\/div>\n\t\t<\/div>\n\t\t\t\t<div class=\"elementor-column elementor-col-20 elementor-inner-column elementor-element elementor-element-0736e94\" data-id=\"0736e94\" data-element_type=\"column\">\n\t\t\t<div class=\"elementor-widget-wrap elementor-element-populated\">\n\t\t\t\t\t\t\t\t<div class=\"elementor-element elementor-element-fb16684 elementor-widget elementor-widget-image\" data-id=\"fb16684\" data-element_type=\"widget\" data-widget_type=\"image.default\">\n\t\t\t\t<div class=\"elementor-widget-container\">\n\t\t\t\t\t\t\t\t\t\t\t\t\t\t\t<img loading=\"lazy\" decoding=\"async\" width=\"339\" height=\"339\" src=\"https:\/\/www.satoayakkabi.com\/wp-content\/uploads\/2022\/06\/Untitled-2.png\" class=\"attachment-large size-large\" alt=\"\" srcset=\"https:\/\/www.satoayakkabi.com\/wp-content\/uploads\/2022\/06\/Untitled-2.png 339w, https:\/\/www.satoayakkabi.com\/wp-content\/uploads\/2022\/06\/Untitled-2-300x300.png 300w, https:\/\/www.satoayakkabi.com\/wp-content\/uploads\/2022\/06\/Untitled-2-150x150.png 150w, https:\/\/www.satoayakkabi.com\/wp-content\/uploads\/2022\/06\/Untitled-2-100x100.png 100w\" sizes=\"auto, (max-width: 339px) 100vw, 339px\" \/>\t\t\t\t\t\t\t\t\t\t\t\t\t\t\t<\/div>\n\t\t\t\t<\/div>\n\t\t\t\t\t<\/div>\n\t\t<\/div>\n\t\t\t\t<div class=\"elementor-column elementor-col-20 elementor-inner-column elementor-element elementor-element-c1e1cc7\" data-id=\"c1e1cc7\" data-element_type=\"column\">\n\t\t\t<div class=\"elementor-widget-wrap elementor-element-populated\">\n\t\t\t\t\t\t\t\t<div class=\"elementor-element elementor-element-01a4fe7 elementor-widget elementor-widget-image\" data-id=\"01a4fe7\" data-element_type=\"widget\" data-widget_type=\"image.default\">\n\t\t\t\t<div class=\"elementor-widget-container\">\n\t\t\t\t\t\t\t\t\t\t\t\t\t\t\t<img loading=\"lazy\" decoding=\"async\" width=\"325\" height=\"325\" src=\"https:\/\/www.satoayakkabi.com\/wp-content\/uploads\/2022\/06\/Untitled-3.png\" class=\"attachment-large size-large\" alt=\"\" srcset=\"https:\/\/www.satoayakkabi.com\/wp-content\/uploads\/2022\/06\/Untitled-3.png 325w, https:\/\/www.satoayakkabi.com\/wp-content\/uploads\/2022\/06\/Untitled-3-300x300.png 300w, https:\/\/www.satoayakkabi.com\/wp-content\/uploads\/2022\/06\/Untitled-3-150x150.png 150w, https:\/\/www.satoayakkabi.com\/wp-content\/uploads\/2022\/06\/Untitled-3-100x100.png 100w\" sizes=\"auto, (max-width: 325px) 100vw, 325px\" \/>\t\t\t\t\t\t\t\t\t\t\t\t\t\t\t<\/div>\n\t\t\t\t<\/div>\n\t\t\t\t\t<\/div>\n\t\t<\/div>\n\t\t\t\t<div class=\"elementor-column elementor-col-20 elementor-inner-column elementor-element elementor-element-e30df24\" data-id=\"e30df24\" data-element_type=\"column\">\n\t\t\t<div class=\"elementor-widget-wrap\">\n\t\t\t\t\t\t\t\t\t<\/div>\n\t\t<\/div>\n\t\t\t\t\t\t\t<\/div>\n\t\t<\/section>\n\t\t\t\t\t<\/div>\n\t\t<\/div>\n\t\t\t\t\t\t\t<\/div>\n\t\t<\/section>\n\t\t\t\t\t\t\t<\/div>\n\t\t","protected":false},"excerpt":{"rendered":"<p>NACHHALTIGKEIT Als \u015eATO AYAKKABI legen wir Wert auf Nachhaltigkeit, um die Umwelt zu sch\u00fctzen und zuk\u00fcnftigen Generationen eine lebenswertere Welt durch die wirtschaftliche Nutzung von Ressourcen zu hinterlassen. Entsprechend den Anforderungen der Marken erstellen wir unsere Designs, indem wir unseren Kollektionen \u00f6kologische Produkte hinzuf\u00fcgen. Auf unserer Reise Better Cotton vom Jahr 2020 f\u00fcr \u00f6kologische Produktkollektionen [&hellip;]<\/p>\n","protected":false},"author":1,"featured_media":0,"parent":0,"menu_order":0,"comment_status":"closed","ping_status":"closed","template":"elementor_header_footer","meta":{"footnotes":""},"class_list":["post-2680","page","type-page","status-publish","hentry"],"yoast_head":"<!-- This site is optimized with the Yoast SEO plugin v19.1 - https:\/\/yoast.com\/wordpress\/plugins\/seo\/ -->\n<title>Nachhaltigkeit - \u015eato Ayakkab\u0131<\/title>\n<meta name=\"robots\" content=\"index, follow, max-snippet:-1, max-image-preview:large, max-video-preview:-1\" \/>\n<link rel=\"canonical\" href=\"https:\/\/www.satoayakkabi.com\/de\/nachhaltigkeit\/\" \/>\n<meta property=\"og:locale\" content=\"de_DE\" \/>\n<meta property=\"og:type\" content=\"article\" \/>\n<meta property=\"og:title\" content=\"Nachhaltigkeit - \u015eato Ayakkab\u0131\" \/>\n<meta property=\"og:description\" content=\"NACHHALTIGKEIT Als \u015eATO AYAKKABI legen wir Wert auf Nachhaltigkeit, um die Umwelt zu sch\u00fctzen und zuk\u00fcnftigen Generationen eine lebenswertere Welt durch die wirtschaftliche Nutzung von Ressourcen zu hinterlassen. Entsprechend den Anforderungen der Marken erstellen wir unsere Designs, indem wir unseren Kollektionen \u00f6kologische Produkte hinzuf\u00fcgen. Auf unserer Reise Better Cotton vom Jahr 2020 f\u00fcr \u00f6kologische Produktkollektionen [&hellip;]\" \/>\n<meta property=\"og:url\" content=\"https:\/\/www.satoayakkabi.com\/de\/nachhaltigkeit\/\" \/>\n<meta property=\"og:site_name\" content=\"\u015eato Ayakkab\u0131\" \/>\n<meta property=\"article:modified_time\" content=\"2022-12-08T12:34:42+00:00\" \/>\n<meta property=\"og:image\" content=\"https:\/\/www.satoayakkabi.com\/wp-content\/uploads\/2022\/06\/Untitled-1.png\" \/>\n<meta name=\"twitter:card\" content=\"summary_large_image\" \/>\n<meta name=\"twitter:label1\" content=\"Gesch\u00e4tzte Lesezeit\" \/>\n\t<meta name=\"twitter:data1\" content=\"2\u00a0Minuten\" \/>\n<script type=\"application\/ld+json\" class=\"yoast-schema-graph\">{\"@context\":\"https:\/\/schema.org\",\"@graph\":[{\"@type\":\"WebSite\",\"@id\":\"https:\/\/www.satoayakkabi.com\/#website\",\"url\":\"https:\/\/www.satoayakkabi.com\/\",\"name\":\"\u015eato Ayakkab\u0131\",\"description\":\"\",\"potentialAction\":[{\"@type\":\"SearchAction\",\"target\":{\"@type\":\"EntryPoint\",\"urlTemplate\":\"https:\/\/www.satoayakkabi.com\/?s={search_term_string}\"},\"query-input\":\"required name=search_term_string\"}],\"inLanguage\":\"de\"},{\"@type\":\"ImageObject\",\"inLanguage\":\"de\",\"@id\":\"https:\/\/www.satoayakkabi.com\/de\/nachhaltigkeit\/#primaryimage\",\"url\":\"https:\/\/www.satoayakkabi.com\/wp-content\/uploads\/2022\/06\/Untitled-1.png\",\"contentUrl\":\"https:\/\/www.satoayakkabi.com\/wp-content\/uploads\/2022\/06\/Untitled-1.png\",\"width\":339,\"height\":339},{\"@type\":\"WebPage\",\"@id\":\"https:\/\/www.satoayakkabi.com\/de\/nachhaltigkeit\/#webpage\",\"url\":\"https:\/\/www.satoayakkabi.com\/de\/nachhaltigkeit\/\",\"name\":\"Nachhaltigkeit - \u015eato Ayakkab\u0131\",\"isPartOf\":{\"@id\":\"https:\/\/www.satoayakkabi.com\/#website\"},\"primaryImageOfPage\":{\"@id\":\"https:\/\/www.satoayakkabi.com\/de\/nachhaltigkeit\/#primaryimage\"},\"datePublished\":\"2022-08-17T12:03:29+00:00\",\"dateModified\":\"2022-12-08T12:34:42+00:00\",\"breadcrumb\":{\"@id\":\"https:\/\/www.satoayakkabi.com\/de\/nachhaltigkeit\/#breadcrumb\"},\"inLanguage\":\"de\",\"potentialAction\":[{\"@type\":\"ReadAction\",\"target\":[\"https:\/\/www.satoayakkabi.com\/de\/nachhaltigkeit\/\"]}]},{\"@type\":\"BreadcrumbList\",\"@id\":\"https:\/\/www.satoayakkabi.com\/de\/nachhaltigkeit\/#breadcrumb\",\"itemListElement\":[{\"@type\":\"ListItem\",\"position\":1,\"name\":\"Home\",\"item\":\"https:\/\/www.satoayakkabi.com\/de\/startseite\/\"},{\"@type\":\"ListItem\",\"position\":2,\"name\":\"Nachhaltigkeit\"}]}]}<\/script>\n<!-- \/ Yoast SEO plugin. -->","yoast_head_json":{"title":"Nachhaltigkeit - \u015eato Ayakkab\u0131","robots":{"index":"index","follow":"follow","max-snippet":"max-snippet:-1","max-image-preview":"max-image-preview:large","max-video-preview":"max-video-preview:-1"},"canonical":"https:\/\/www.satoayakkabi.com\/de\/nachhaltigkeit\/","og_locale":"de_DE","og_type":"article","og_title":"Nachhaltigkeit - \u015eato Ayakkab\u0131","og_description":"NACHHALTIGKEIT Als \u015eATO AYAKKABI legen wir Wert auf Nachhaltigkeit, um die Umwelt zu sch\u00fctzen und zuk\u00fcnftigen Generationen eine lebenswertere Welt durch die wirtschaftliche Nutzung von Ressourcen zu hinterlassen. Entsprechend den Anforderungen der Marken erstellen wir unsere Designs, indem wir unseren Kollektionen \u00f6kologische Produkte hinzuf\u00fcgen. Auf unserer Reise Better Cotton vom Jahr 2020 f\u00fcr \u00f6kologische Produktkollektionen [&hellip;]","og_url":"https:\/\/www.satoayakkabi.com\/de\/nachhaltigkeit\/","og_site_name":"\u015eato Ayakkab\u0131","article_modified_time":"2022-12-08T12:34:42+00:00","og_image":[{"url":"https:\/\/www.satoayakkabi.com\/wp-content\/uploads\/2022\/06\/Untitled-1.png"}],"twitter_card":"summary_large_image","twitter_misc":{"Gesch\u00e4tzte Lesezeit":"2\u00a0Minuten"},"schema":{"@context":"https:\/\/schema.org","@graph":[{"@type":"WebSite","@id":"https:\/\/www.satoayakkabi.com\/#website","url":"https:\/\/www.satoayakkabi.com\/","name":"\u015eato Ayakkab\u0131","description":"","potentialAction":[{"@type":"SearchAction","target":{"@type":"EntryPoint","urlTemplate":"https:\/\/www.satoayakkabi.com\/?s={search_term_string}"},"query-input":"required name=search_term_string"}],"inLanguage":"de"},{"@type":"ImageObject","inLanguage":"de","@id":"https:\/\/www.satoayakkabi.com\/de\/nachhaltigkeit\/#primaryimage","url":"https:\/\/www.satoayakkabi.com\/wp-content\/uploads\/2022\/06\/Untitled-1.png","contentUrl":"https:\/\/www.satoayakkabi.com\/wp-content\/uploads\/2022\/06\/Untitled-1.png","width":339,"height":339},{"@type":"WebPage","@id":"https:\/\/www.satoayakkabi.com\/de\/nachhaltigkeit\/#webpage","url":"https:\/\/www.satoayakkabi.com\/de\/nachhaltigkeit\/","name":"Nachhaltigkeit - \u015eato Ayakkab\u0131","isPartOf":{"@id":"https:\/\/www.satoayakkabi.com\/#website"},"primaryImageOfPage":{"@id":"https:\/\/www.satoayakkabi.com\/de\/nachhaltigkeit\/#primaryimage"},"datePublished":"2022-08-17T12:03:29+00:00","dateModified":"2022-12-08T12:34:42+00:00","breadcrumb":{"@id":"https:\/\/www.satoayakkabi.com\/de\/nachhaltigkeit\/#breadcrumb"},"inLanguage":"de","potentialAction":[{"@type":"ReadAction","target":["https:\/\/www.satoayakkabi.com\/de\/nachhaltigkeit\/"]}]},{"@type":"BreadcrumbList","@id":"https:\/\/www.satoayakkabi.com\/de\/nachhaltigkeit\/#breadcrumb","itemListElement":[{"@type":"ListItem","position":1,"name":"Home","item":"https:\/\/www.satoayakkabi.com\/de\/startseite\/"},{"@type":"ListItem","position":2,"name":"Nachhaltigkeit"}]}]}},"_links":{"self":[{"href":"https:\/\/www.satoayakkabi.com\/de\/wp-json\/wp\/v2\/pages\/2680","targetHints":{"allow":["GET"]}}],"collection":[{"href":"https:\/\/www.satoayakkabi.com\/de\/wp-json\/wp\/v2\/pages"}],"about":[{"href":"https:\/\/www.satoayakkabi.com\/de\/wp-json\/wp\/v2\/types\/page"}],"author":[{"embeddable":true,"href":"https:\/\/www.satoayakkabi.com\/de\/wp-json\/wp\/v2\/users\/1"}],"replies":[{"embeddable":true,"href":"https:\/\/www.satoayakkabi.com\/de\/wp-json\/wp\/v2\/comments?post=2680"}],"version-history":[{"count":16,"href":"https:\/\/www.satoayakkabi.com\/de\/wp-json\/wp\/v2\/pages\/2680\/revisions"}],"predecessor-version":[{"id":4868,"href":"https:\/\/www.satoayakkabi.com\/de\/wp-json\/wp\/v2\/pages\/2680\/revisions\/4868"}],"wp:attachment":[{"href":"https:\/\/www.satoayakkabi.com\/de\/wp-json\/wp\/v2\/media?parent=2680"}],"curies":[{"name":"wp","href":"https:\/\/api.w.org\/{rel}","templated":true}]}}