{"id":2664,"date":"2022-08-17T14:55:58","date_gmt":"2022-08-17T11:55:58","guid":{"rendered":"https:\/\/www.satoayakkabi.com\/?page_id=2664"},"modified":"2022-12-01T14:32:40","modified_gmt":"2022-12-01T11:32:40","slug":"unsere-zertifikate","status":"publish","type":"page","link":"https:\/\/www.satoayakkabi.com\/de\/unsere-zertifikate\/","title":{"rendered":"Unsere Zertifikate"},"content":{"rendered":"\t\t<div data-elementor-type=\"wp-page\" data-elementor-id=\"2664\" class=\"elementor elementor-2664\">\n\t\t\t\t\t\t\t\t\t<section class=\"elementor-section elementor-top-section elementor-element elementor-element-473d03f elementor-section-boxed elementor-section-height-default elementor-section-height-default\" data-id=\"473d03f\" data-element_type=\"section\">\n\t\t\t\t\t\t<div class=\"elementor-container elementor-column-gap-default\">\n\t\t\t\t\t<div class=\"elementor-column elementor-col-100 elementor-top-column elementor-element elementor-element-16189c9\" data-id=\"16189c9\" data-element_type=\"column\">\n\t\t\t<div class=\"elementor-widget-wrap elementor-element-populated\">\n\t\t\t\t\t\t\t\t<div class=\"elementor-element elementor-element-0fd90cb elementor-widget elementor-widget-spacer\" data-id=\"0fd90cb\" data-element_type=\"widget\" data-widget_type=\"spacer.default\">\n\t\t\t\t<div class=\"elementor-widget-container\">\n\t\t\t<style>\/*! elementor - v3.6.6 - 08-06-2022 *\/\n.e-container.e-container--row .elementor-spacer-inner{width:var(--spacer-size)}.e-container.e-container--column .elementor-spacer-inner,.elementor-column .elementor-spacer-inner{height:var(--spacer-size)}<\/style>\t\t<div class=\"elementor-spacer\">\n\t\t\t<div class=\"elementor-spacer-inner\"><\/div>\n\t\t<\/div>\n\t\t\t\t<\/div>\n\t\t\t\t<\/div>\n\t\t\t\t<div class=\"elementor-element elementor-element-7a9724c elementor-widget elementor-widget-text-editor\" data-id=\"7a9724c\" data-element_type=\"widget\" data-widget_type=\"text-editor.default\">\n\t\t\t\t<div class=\"elementor-widget-container\">\n\t\t\t<style>\/*! elementor - v3.6.6 - 08-06-2022 *\/\n.elementor-widget-text-editor.elementor-drop-cap-view-stacked .elementor-drop-cap{background-color:#818a91;color:#fff}.elementor-widget-text-editor.elementor-drop-cap-view-framed .elementor-drop-cap{color:#818a91;border:3px solid;background-color:transparent}.elementor-widget-text-editor:not(.elementor-drop-cap-view-default) .elementor-drop-cap{margin-top:8px}.elementor-widget-text-editor:not(.elementor-drop-cap-view-default) .elementor-drop-cap-letter{width:1em;height:1em}.elementor-widget-text-editor .elementor-drop-cap{float:left;text-align:center;line-height:1;font-size:50px}.elementor-widget-text-editor .elementor-drop-cap-letter{display:inline-block}<\/style>\t\t\t\t<h2 style=\"text-align: center;\"><strong>UNSERE ZERT\u0130F\u0130KATE<\/strong><\/h2>\t\t\t\t\t\t<\/div>\n\t\t\t\t<\/div>\n\t\t\t\t\t<\/div>\n\t\t<\/div>\n\t\t\t\t\t\t\t<\/div>\n\t\t<\/section>\n\t\t\t\t<section class=\"elementor-section elementor-top-section elementor-element elementor-element-4344153 elementor-section-boxed elementor-section-height-default elementor-section-height-default\" data-id=\"4344153\" data-element_type=\"section\" data-settings=\"{&quot;background_background&quot;:&quot;gradient&quot;}\">\n\t\t\t\t\t\t<div class=\"elementor-container elementor-column-gap-default\">\n\t\t\t\t\t<div class=\"elementor-column elementor-col-50 elementor-top-column elementor-element elementor-element-e4cdb20\" data-id=\"e4cdb20\" data-element_type=\"column\">\n\t\t\t<div class=\"elementor-widget-wrap elementor-element-populated\">\n\t\t\t\t\t\t\t\t<div class=\"elementor-element elementor-element-c69078c elementor-widget elementor-widget-image\" data-id=\"c69078c\" data-element_type=\"widget\" data-widget_type=\"image.default\">\n\t\t\t\t<div class=\"elementor-widget-container\">\n\t\t\t<style>\/*! elementor - v3.6.6 - 08-06-2022 *\/\n.elementor-widget-image{text-align:center}.elementor-widget-image a{display:inline-block}.elementor-widget-image a img[src$=\".svg\"]{width:48px}.elementor-widget-image img{vertical-align:middle;display:inline-block}<\/style>\t\t\t\t\t\t\t\t\t\t\t\t<img loading=\"lazy\" decoding=\"async\" width=\"300\" height=\"108\" src=\"https:\/\/www.satoayakkabi.com\/wp-content\/uploads\/2022\/06\/bsci-300x108.png\" class=\"attachment-medium size-medium\" alt=\"\" srcset=\"https:\/\/www.satoayakkabi.com\/wp-content\/uploads\/2022\/06\/bsci-300x108.png 300w, https:\/\/www.satoayakkabi.com\/wp-content\/uploads\/2022\/06\/bsci.png 500w\" sizes=\"auto, (max-width: 300px) 100vw, 300px\" \/>\t\t\t\t\t\t\t\t\t\t\t\t\t\t\t<\/div>\n\t\t\t\t<\/div>\n\t\t\t\t\t<\/div>\n\t\t<\/div>\n\t\t\t\t<div class=\"elementor-column elementor-col-50 elementor-top-column elementor-element elementor-element-99a0ff7\" data-id=\"99a0ff7\" data-element_type=\"column\">\n\t\t\t<div class=\"elementor-widget-wrap elementor-element-populated\">\n\t\t\t\t\t\t\t\t<div class=\"elementor-element elementor-element-82dfddb elementor-widget elementor-widget-image\" data-id=\"82dfddb\" data-element_type=\"widget\" data-widget_type=\"image.default\">\n\t\t\t\t<div class=\"elementor-widget-container\">\n\t\t\t\t\t\t\t\t\t\t\t\t\t\t\t<img loading=\"lazy\" decoding=\"async\" width=\"300\" height=\"108\" src=\"https:\/\/www.satoayakkabi.com\/wp-content\/uploads\/2022\/06\/Untitled-5-300x108.png\" class=\"attachment-medium size-medium\" alt=\"\" srcset=\"https:\/\/www.satoayakkabi.com\/wp-content\/uploads\/2022\/06\/Untitled-5-300x108.png 300w, https:\/\/www.satoayakkabi.com\/wp-content\/uploads\/2022\/06\/Untitled-5.png 500w\" sizes=\"auto, (max-width: 300px) 100vw, 300px\" \/>\t\t\t\t\t\t\t\t\t\t\t\t\t\t\t<\/div>\n\t\t\t\t<\/div>\n\t\t\t\t\t<\/div>\n\t\t<\/div>\n\t\t\t\t\t\t\t<\/div>\n\t\t<\/section>\n\t\t\t\t<section class=\"elementor-section elementor-top-section elementor-element elementor-element-ea00c9d elementor-section-boxed elementor-section-height-default elementor-section-height-default\" data-id=\"ea00c9d\" data-element_type=\"section\">\n\t\t\t\t\t\t<div class=\"elementor-container elementor-column-gap-default\">\n\t\t\t\t\t<div class=\"elementor-column elementor-col-50 elementor-top-column elementor-element elementor-element-30594cb\" data-id=\"30594cb\" data-element_type=\"column\">\n\t\t\t<div class=\"elementor-widget-wrap elementor-element-populated\">\n\t\t\t\t\t\t\t\t<div class=\"elementor-element elementor-element-3296b5d elementor-widget elementor-widget-image\" data-id=\"3296b5d\" data-element_type=\"widget\" data-widget_type=\"image.default\">\n\t\t\t\t<div class=\"elementor-widget-container\">\n\t\t\t\t\t\t\t\t\t\t\t\t\t\t\t\t<a href=\"https:\/\/www.satoayakkabi.com\/wp-content\/uploads\/2022\/07\/sertifika.jpg\" data-elementor-open-lightbox=\"yes\" data-elementor-lightbox-title=\"sertifika\" e-action-hash=\"#elementor-action%3Aaction%3Dlightbox%26settings%3DeyJpZCI6MjM5MywidXJsIjoiaHR0cHM6XC9cL3d3dy5zYXRvYXlha2thYmkuY29tXC93cC1jb250ZW50XC91cGxvYWRzXC8yMDIyXC8wN1wvc2VydGlmaWthLmpwZyJ9\">\n\t\t\t\t\t\t\t<img loading=\"lazy\" decoding=\"async\" width=\"1536\" height=\"1187\" src=\"https:\/\/www.satoayakkabi.com\/wp-content\/uploads\/2022\/07\/sertifika.jpg\" class=\"attachment-full size-full\" alt=\"\" srcset=\"https:\/\/www.satoayakkabi.com\/wp-content\/uploads\/2022\/07\/sertifika.jpg 1536w, https:\/\/www.satoayakkabi.com\/wp-content\/uploads\/2022\/07\/sertifika-300x232.jpg 300w, https:\/\/www.satoayakkabi.com\/wp-content\/uploads\/2022\/07\/sertifika-1024x791.jpg 1024w, https:\/\/www.satoayakkabi.com\/wp-content\/uploads\/2022\/07\/sertifika-768x594.jpg 768w, https:\/\/www.satoayakkabi.com\/wp-content\/uploads\/2022\/07\/sertifika-600x464.jpg 600w\" sizes=\"auto, (max-width: 1536px) 100vw, 1536px\" \/>\t\t\t\t\t\t\t\t<\/a>\n\t\t\t\t\t\t\t\t\t\t\t\t\t\t\t<\/div>\n\t\t\t\t<\/div>\n\t\t\t\t\t<\/div>\n\t\t<\/div>\n\t\t\t\t<div class=\"elementor-column elementor-col-50 elementor-top-column elementor-element elementor-element-e8dc51d\" data-id=\"e8dc51d\" data-element_type=\"column\">\n\t\t\t<div class=\"elementor-widget-wrap elementor-element-populated\">\n\t\t\t\t\t\t\t\t<div class=\"elementor-element elementor-element-3598f1d elementor-widget elementor-widget-image\" data-id=\"3598f1d\" data-element_type=\"widget\" data-widget_type=\"image.default\">\n\t\t\t\t<div class=\"elementor-widget-container\">\n\t\t\t\t\t\t\t\t\t\t\t\t\t\t\t\t<a href=\"https:\/\/www.satoayakkabi.com\/wp-content\/uploads\/2022\/06\/End_Product-Manufacturer_-Chain-of-Custody-_-the-Better-Cotton-Platform..._page-0001.jpg\" data-elementor-open-lightbox=\"yes\" data-elementor-lightbox-title=\"End_Product-Manufacturer_-Chain-of-Custody-_-the-Better-Cotton-Platform..._page-0001\" e-action-hash=\"#elementor-action%3Aaction%3Dlightbox%26settings%3DeyJpZCI6MTY5MSwidXJsIjoiaHR0cHM6XC9cL3d3dy5zYXRvYXlha2thYmkuY29tXC93cC1jb250ZW50XC91cGxvYWRzXC8yMDIyXC8wNlwvRW5kX1Byb2R1Y3QtTWFudWZhY3R1cmVyXy1DaGFpbi1vZi1DdXN0b2R5LV8tdGhlLUJldHRlci1Db3R0b24tUGxhdGZvcm0uLi5fcGFnZS0wMDAxLmpwZyJ9\">\n\t\t\t\t\t\t\t<img loading=\"lazy\" decoding=\"async\" width=\"768\" height=\"593\" src=\"https:\/\/www.satoayakkabi.com\/wp-content\/uploads\/2022\/06\/End_Product-Manufacturer_-Chain-of-Custody-_-the-Better-Cotton-Platform..._page-0001-768x593.jpg\" class=\"attachment-medium_large size-medium_large\" alt=\"\" srcset=\"https:\/\/www.satoayakkabi.com\/wp-content\/uploads\/2022\/06\/End_Product-Manufacturer_-Chain-of-Custody-_-the-Better-Cotton-Platform..._page-0001-768x593.jpg 768w, https:\/\/www.satoayakkabi.com\/wp-content\/uploads\/2022\/06\/End_Product-Manufacturer_-Chain-of-Custody-_-the-Better-Cotton-Platform..._page-0001-300x232.jpg 300w, https:\/\/www.satoayakkabi.com\/wp-content\/uploads\/2022\/06\/End_Product-Manufacturer_-Chain-of-Custody-_-the-Better-Cotton-Platform..._page-0001-1024x791.jpg 1024w, https:\/\/www.satoayakkabi.com\/wp-content\/uploads\/2022\/06\/End_Product-Manufacturer_-Chain-of-Custody-_-the-Better-Cotton-Platform..._page-0001-1536x1187.jpg 1536w, https:\/\/www.satoayakkabi.com\/wp-content\/uploads\/2022\/06\/End_Product-Manufacturer_-Chain-of-Custody-_-the-Better-Cotton-Platform..._page-0001-600x464.jpg 600w, https:\/\/www.satoayakkabi.com\/wp-content\/uploads\/2022\/06\/End_Product-Manufacturer_-Chain-of-Custody-_-the-Better-Cotton-Platform..._page-0001.jpg 1650w\" sizes=\"auto, (max-width: 768px) 100vw, 768px\" \/>\t\t\t\t\t\t\t\t<\/a>\n\t\t\t\t\t\t\t\t\t\t\t\t\t\t\t<\/div>\n\t\t\t\t<\/div>\n\t\t\t\t\t<\/div>\n\t\t<\/div>\n\t\t\t\t\t\t\t<\/div>\n\t\t<\/section>\n\t\t\t\t<section class=\"elementor-section elementor-top-section elementor-element elementor-element-fecab08 elementor-section-boxed elementor-section-height-default elementor-section-height-default\" data-id=\"fecab08\" data-element_type=\"section\">\n\t\t\t\t\t\t<div class=\"elementor-container elementor-column-gap-default\">\n\t\t\t\t\t<div class=\"elementor-column elementor-col-50 elementor-top-column elementor-element elementor-element-b9d5eb9\" data-id=\"b9d5eb9\" data-element_type=\"column\">\n\t\t\t<div class=\"elementor-widget-wrap elementor-element-populated\">\n\t\t\t\t\t\t\t\t<div class=\"elementor-element elementor-element-7621d46 elementor-widget elementor-widget-image\" data-id=\"7621d46\" data-element_type=\"widget\" data-widget_type=\"image.default\">\n\t\t\t\t<div class=\"elementor-widget-container\">\n\t\t\t\t\t\t\t\t\t\t\t\t\t\t\t\t<a href=\"https:\/\/www.satoayakkabi.com\/wp-content\/uploads\/2022\/09\/40641-2022-RCS-SC-MC-1-1.jpg\">\n\t\t\t\t\t\t\t<img loading=\"lazy\" decoding=\"async\" width=\"500\" height=\"341\" src=\"https:\/\/www.satoayakkabi.com\/wp-content\/uploads\/2022\/11\/ser1.jpg\" class=\"attachment-full size-full\" alt=\"\" srcset=\"https:\/\/www.satoayakkabi.com\/wp-content\/uploads\/2022\/11\/ser1.jpg 500w, https:\/\/www.satoayakkabi.com\/wp-content\/uploads\/2022\/11\/ser1-300x205.jpg 300w\" sizes=\"auto, (max-width: 500px) 100vw, 500px\" \/>\t\t\t\t\t\t\t\t<\/a>\n\t\t\t\t\t\t\t\t\t\t\t\t\t\t\t<\/div>\n\t\t\t\t<\/div>\n\t\t\t\t\t<\/div>\n\t\t<\/div>\n\t\t\t\t<div class=\"elementor-column elementor-col-50 elementor-top-column elementor-element elementor-element-e139805\" data-id=\"e139805\" data-element_type=\"column\">\n\t\t\t<div class=\"elementor-widget-wrap elementor-element-populated\">\n\t\t\t\t\t\t\t\t<div class=\"elementor-element elementor-element-69c039f elementor-widget elementor-widget-image\" data-id=\"69c039f\" data-element_type=\"widget\" data-widget_type=\"image.default\">\n\t\t\t\t<div class=\"elementor-widget-container\">\n\t\t\t\t\t\t\t\t\t\t\t\t\t\t\t\t<a href=\"https:\/\/www.satoayakkabi.com\/wp-content\/uploads\/elementor\/thumbs\/40641-2022.03-OCS-SC-MC-1-puupirhck3xcj86fp599bs3pd7rdu0ngvz44s4ccym.jpg\">\n\t\t\t\t\t\t\t<img loading=\"lazy\" decoding=\"async\" width=\"500\" height=\"341\" src=\"https:\/\/www.satoayakkabi.com\/wp-content\/uploads\/2022\/11\/ser2.jpg\" class=\"attachment-full size-full\" alt=\"\" srcset=\"https:\/\/www.satoayakkabi.com\/wp-content\/uploads\/2022\/11\/ser2.jpg 500w, https:\/\/www.satoayakkabi.com\/wp-content\/uploads\/2022\/11\/ser2-300x205.jpg 300w\" sizes=\"auto, (max-width: 500px) 100vw, 500px\" \/>\t\t\t\t\t\t\t\t<\/a>\n\t\t\t\t\t\t\t\t\t\t\t\t\t\t\t<\/div>\n\t\t\t\t<\/div>\n\t\t\t\t\t<\/div>\n\t\t<\/div>\n\t\t\t\t\t\t\t<\/div>\n\t\t<\/section>\n\t\t\t\t<section class=\"elementor-section elementor-top-section elementor-element elementor-element-161ead2 elementor-section-boxed elementor-section-height-default elementor-section-height-default\" data-id=\"161ead2\" data-element_type=\"section\">\n\t\t\t\t\t\t<div class=\"elementor-container elementor-column-gap-default\">\n\t\t\t\t\t<div class=\"elementor-column elementor-col-100 elementor-top-column elementor-element elementor-element-d47e5d6\" data-id=\"d47e5d6\" data-element_type=\"column\">\n\t\t\t<div class=\"elementor-widget-wrap elementor-element-populated\">\n\t\t\t\t\t\t\t\t<div class=\"elementor-element elementor-element-8a6df8e elementor-widget elementor-widget-spacer\" data-id=\"8a6df8e\" data-element_type=\"widget\" data-widget_type=\"spacer.default\">\n\t\t\t\t<div class=\"elementor-widget-container\">\n\t\t\t\t\t<div class=\"elementor-spacer\">\n\t\t\t<div class=\"elementor-spacer-inner\"><\/div>\n\t\t<\/div>\n\t\t\t\t<\/div>\n\t\t\t\t<\/div>\n\t\t\t\t\t<\/div>\n\t\t<\/div>\n\t\t\t\t\t\t\t<\/div>\n\t\t<\/section>\n\t\t\t\t\t\t\t<\/div>\n\t\t","protected":false},"excerpt":{"rendered":"<p>UNSERE ZERT\u0130F\u0130KATE<\/p>\n","protected":false},"author":1,"featured_media":0,"parent":0,"menu_order":0,"comment_status":"closed","ping_status":"closed","template":"elementor_header_footer","meta":{"footnotes":""},"class_list":["post-2664","page","type-page","status-publish","hentry"],"yoast_head":"<!-- This site is optimized with the Yoast SEO plugin v19.1 - https:\/\/yoast.com\/wordpress\/plugins\/seo\/ -->\n<title>Unsere Zertifikate - \u015eato Ayakkab\u0131<\/title>\n<meta name=\"robots\" content=\"index, follow, max-snippet:-1, max-image-preview:large, max-video-preview:-1\" \/>\n<link rel=\"canonical\" href=\"https:\/\/www.satoayakkabi.com\/de\/unsere-zertifikate\/\" \/>\n<meta property=\"og:locale\" content=\"de_DE\" \/>\n<meta property=\"og:type\" content=\"article\" \/>\n<meta property=\"og:title\" content=\"Unsere Zertifikate - \u015eato Ayakkab\u0131\" \/>\n<meta property=\"og:description\" content=\"UNSERE ZERT\u0130F\u0130KATE\" \/>\n<meta property=\"og:url\" content=\"https:\/\/www.satoayakkabi.com\/de\/unsere-zertifikate\/\" \/>\n<meta property=\"og:site_name\" content=\"\u015eato Ayakkab\u0131\" \/>\n<meta property=\"article:modified_time\" content=\"2022-12-01T11:32:40+00:00\" \/>\n<meta property=\"og:image\" content=\"https:\/\/www.satoayakkabi.com\/wp-content\/uploads\/2022\/06\/bsci-300x108.png\" \/>\n<meta name=\"twitter:card\" content=\"summary_large_image\" \/>\n<meta name=\"twitter:label1\" content=\"Gesch\u00e4tzte Lesezeit\" \/>\n\t<meta name=\"twitter:data1\" content=\"2\u00a0Minuten\" \/>\n<script type=\"application\/ld+json\" class=\"yoast-schema-graph\">{\"@context\":\"https:\/\/schema.org\",\"@graph\":[{\"@type\":\"WebSite\",\"@id\":\"https:\/\/www.satoayakkabi.com\/#website\",\"url\":\"https:\/\/www.satoayakkabi.com\/\",\"name\":\"\u015eato Ayakkab\u0131\",\"description\":\"\",\"potentialAction\":[{\"@type\":\"SearchAction\",\"target\":{\"@type\":\"EntryPoint\",\"urlTemplate\":\"https:\/\/www.satoayakkabi.com\/?s={search_term_string}\"},\"query-input\":\"required name=search_term_string\"}],\"inLanguage\":\"de\"},{\"@type\":\"ImageObject\",\"inLanguage\":\"de\",\"@id\":\"https:\/\/www.satoayakkabi.com\/de\/unsere-zertifikate\/#primaryimage\",\"url\":\"https:\/\/www.satoayakkabi.com\/wp-content\/uploads\/2022\/06\/bsci.png\",\"contentUrl\":\"https:\/\/www.satoayakkabi.com\/wp-content\/uploads\/2022\/06\/bsci.png\",\"width\":500,\"height\":180},{\"@type\":\"WebPage\",\"@id\":\"https:\/\/www.satoayakkabi.com\/de\/unsere-zertifikate\/#webpage\",\"url\":\"https:\/\/www.satoayakkabi.com\/de\/unsere-zertifikate\/\",\"name\":\"Unsere Zertifikate - \u015eato Ayakkab\u0131\",\"isPartOf\":{\"@id\":\"https:\/\/www.satoayakkabi.com\/#website\"},\"primaryImageOfPage\":{\"@id\":\"https:\/\/www.satoayakkabi.com\/de\/unsere-zertifikate\/#primaryimage\"},\"datePublished\":\"2022-08-17T11:55:58+00:00\",\"dateModified\":\"2022-12-01T11:32:40+00:00\",\"breadcrumb\":{\"@id\":\"https:\/\/www.satoayakkabi.com\/de\/unsere-zertifikate\/#breadcrumb\"},\"inLanguage\":\"de\",\"potentialAction\":[{\"@type\":\"ReadAction\",\"target\":[\"https:\/\/www.satoayakkabi.com\/de\/unsere-zertifikate\/\"]}]},{\"@type\":\"BreadcrumbList\",\"@id\":\"https:\/\/www.satoayakkabi.com\/de\/unsere-zertifikate\/#breadcrumb\",\"itemListElement\":[{\"@type\":\"ListItem\",\"position\":1,\"name\":\"Home\",\"item\":\"https:\/\/www.satoayakkabi.com\/de\/startseite\/\"},{\"@type\":\"ListItem\",\"position\":2,\"name\":\"Unsere Zertifikate\"}]}]}<\/script>\n<!-- \/ Yoast SEO plugin. -->","yoast_head_json":{"title":"Unsere Zertifikate - \u015eato Ayakkab\u0131","robots":{"index":"index","follow":"follow","max-snippet":"max-snippet:-1","max-image-preview":"max-image-preview:large","max-video-preview":"max-video-preview:-1"},"canonical":"https:\/\/www.satoayakkabi.com\/de\/unsere-zertifikate\/","og_locale":"de_DE","og_type":"article","og_title":"Unsere Zertifikate - \u015eato Ayakkab\u0131","og_description":"UNSERE ZERT\u0130F\u0130KATE","og_url":"https:\/\/www.satoayakkabi.com\/de\/unsere-zertifikate\/","og_site_name":"\u015eato Ayakkab\u0131","article_modified_time":"2022-12-01T11:32:40+00:00","og_image":[{"url":"https:\/\/www.satoayakkabi.com\/wp-content\/uploads\/2022\/06\/bsci-300x108.png"}],"twitter_card":"summary_large_image","twitter_misc":{"Gesch\u00e4tzte Lesezeit":"2\u00a0Minuten"},"schema":{"@context":"https:\/\/schema.org","@graph":[{"@type":"WebSite","@id":"https:\/\/www.satoayakkabi.com\/#website","url":"https:\/\/www.satoayakkabi.com\/","name":"\u015eato Ayakkab\u0131","description":"","potentialAction":[{"@type":"SearchAction","target":{"@type":"EntryPoint","urlTemplate":"https:\/\/www.satoayakkabi.com\/?s={search_term_string}"},"query-input":"required name=search_term_string"}],"inLanguage":"de"},{"@type":"ImageObject","inLanguage":"de","@id":"https:\/\/www.satoayakkabi.com\/de\/unsere-zertifikate\/#primaryimage","url":"https:\/\/www.satoayakkabi.com\/wp-content\/uploads\/2022\/06\/bsci.png","contentUrl":"https:\/\/www.satoayakkabi.com\/wp-content\/uploads\/2022\/06\/bsci.png","width":500,"height":180},{"@type":"WebPage","@id":"https:\/\/www.satoayakkabi.com\/de\/unsere-zertifikate\/#webpage","url":"https:\/\/www.satoayakkabi.com\/de\/unsere-zertifikate\/","name":"Unsere Zertifikate - \u015eato Ayakkab\u0131","isPartOf":{"@id":"https:\/\/www.satoayakkabi.com\/#website"},"primaryImageOfPage":{"@id":"https:\/\/www.satoayakkabi.com\/de\/unsere-zertifikate\/#primaryimage"},"datePublished":"2022-08-17T11:55:58+00:00","dateModified":"2022-12-01T11:32:40+00:00","breadcrumb":{"@id":"https:\/\/www.satoayakkabi.com\/de\/unsere-zertifikate\/#breadcrumb"},"inLanguage":"de","potentialAction":[{"@type":"ReadAction","target":["https:\/\/www.satoayakkabi.com\/de\/unsere-zertifikate\/"]}]},{"@type":"BreadcrumbList","@id":"https:\/\/www.satoayakkabi.com\/de\/unsere-zertifikate\/#breadcrumb","itemListElement":[{"@type":"ListItem","position":1,"name":"Home","item":"https:\/\/www.satoayakkabi.com\/de\/startseite\/"},{"@type":"ListItem","position":2,"name":"Unsere Zertifikate"}]}]}},"_links":{"self":[{"href":"https:\/\/www.satoayakkabi.com\/de\/wp-json\/wp\/v2\/pages\/2664","targetHints":{"allow":["GET"]}}],"collection":[{"href":"https:\/\/www.satoayakkabi.com\/de\/wp-json\/wp\/v2\/pages"}],"about":[{"href":"https:\/\/www.satoayakkabi.com\/de\/wp-json\/wp\/v2\/types\/page"}],"author":[{"embeddable":true,"href":"https:\/\/www.satoayakkabi.com\/de\/wp-json\/wp\/v2\/users\/1"}],"replies":[{"embeddable":true,"href":"https:\/\/www.satoayakkabi.com\/de\/wp-json\/wp\/v2\/comments?post=2664"}],"version-history":[{"count":11,"href":"https:\/\/www.satoayakkabi.com\/de\/wp-json\/wp\/v2\/pages\/2664\/revisions"}],"predecessor-version":[{"id":4446,"href":"https:\/\/www.satoayakkabi.com\/de\/wp-json\/wp\/v2\/pages\/2664\/revisions\/4446"}],"wp:attachment":[{"href":"https:\/\/www.satoayakkabi.com\/de\/wp-json\/wp\/v2\/media?parent=2664"}],"curies":[{"name":"wp","href":"https:\/\/api.w.org\/{rel}","templated":true}]}}